{"id":34524,"date":"2022-05-09T16:11:12","date_gmt":"2022-05-09T14:11:12","guid":{"rendered":"https:\/\/garagegarage.pl\/produkt\/vintage-mid-century-scandinavian-modern-teak-small-lady-desk-with-drawers-by-sveriges-mobelindustriforbund-1950s\/"},"modified":"2022-06-15T15:31:02","modified_gmt":"2022-06-15T13:31:02","slug":"male-biurko-tekowe-sveriges-mobelindustriforbund-szwecja-lata-50","status":"publish","type":"product","link":"https:\/\/garagegarage.pl\/en\/produkt\/male-biurko-tekowe-sveriges-mobelindustriforbund-szwecja-lata-50\/","title":{"rendered":"Vintage Mid-Century Scandinavian Modern Teak Small Lady Desk with Drawers by Sveriges M\u00f6belindustrif\u00f6rbund, 1950s"},"content":{"rendered":"<p>This small lady desk was made in Sweden during the 1950s, signed Sveriges M\u00f6belindustrif\u00f6rbund. Made of teak in a warm shade of brown. It has a drawer at the bottom of the top and three small side drawers with geometric handles. The black plastic top is pull out and has a compartment. A desk in the style of Mid-Century Modern. It was probably used as a thread-table for a sewing machine.<\/p>\n<p>This desk is in original vintage condition. It has minor signs of use related to age.<\/p>\n","protected":false},"excerpt":{"rendered":"<p>This small lady desk was made in Sweden during the 1950s, signed Sveriges M\u00f6belindustrif\u00f6rbund. Made of teak in a warm shade of brown. It has a drawer at the bottom of the top and three small side drawers with geometric handles. The black plastic top is pull out and has a compartment. A desk in [&hellip;]<\/p>\n","protected":false},"featured_media":34401,"template":"","meta":{"_acf_changed":false},"product_brand":[],"product_cat":[2146,2138,2151],"product_tag":[],"class_list":{"0":"post-34524","1":"product","2":"type-product","3":"status-publish","4":"has-post-thumbnail","6":"product_cat-furniture","7":"product_cat-mid-century-modern-en","8":"product_cat-tables-desks","9":"product_shipping_class-975-en","10":"pa_epoka-1950-1959-en","11":"pa_manufaktura-sveriges-mobelindustriforbund-en","12":"pa_material-plastic","13":"pa_material-wood","14":"pa_pochodzenie-sweden","15":"pa_stan-original","16":"pa_szerokosc-99-en","17":"pa_wysokosc-69-en","19":"first","20":"outofstock","21":"shipping-taxable","22":"purchasable","23":"product-type-simple"},"acf":[],"_links":{"self":[{"href":"https:\/\/garagegarage.pl\/en\/wp-json\/wp\/v2\/product\/34524","targetHints":{"allow":["GET"]}}],"collection":[{"href":"https:\/\/garagegarage.pl\/en\/wp-json\/wp\/v2\/product"}],"about":[{"href":"https:\/\/garagegarage.pl\/en\/wp-json\/wp\/v2\/types\/product"}],"wp:featuredmedia":[{"embeddable":true,"href":"https:\/\/garagegarage.pl\/en\/wp-json\/wp\/v2\/media\/34401"}],"wp:attachment":[{"href":"https:\/\/garagegarage.pl\/en\/wp-json\/wp\/v2\/media?parent=34524"}],"wp:term":[{"taxonomy":"product_brand","embeddable":true,"href":"https:\/\/garagegarage.pl\/en\/wp-json\/wp\/v2\/product_brand?post=34524"},{"taxonomy":"product_cat","embeddable":true,"href":"https:\/\/garagegarage.pl\/en\/wp-json\/wp\/v2\/product_cat?post=34524"},{"taxonomy":"product_tag","embeddable":true,"href":"https:\/\/garagegarage.pl\/en\/wp-json\/wp\/v2\/product_tag?post=34524"}],"curies":[{"name":"wp","href":"https:\/\/api.w.org\/{rel}","templated":true}]}}