{"id":34538,"date":"2022-04-29T14:45:18","date_gmt":"2022-04-29T12:45:18","guid":{"rendered":"https:\/\/garagegarage.pl\/produkt\/tekowy-stolik-kawowy-hmb-mobler-rorvik-szwecja-lata-50\/"},"modified":"2025-12-12T13:51:20","modified_gmt":"2025-12-12T12:51:20","slug":"tekowy-stolik-kawowy-hmb-mobler-rorvik-szwecja-lata-50","status":"publish","type":"product","link":"https:\/\/garagegarage.pl\/en\/produkt\/tekowy-stolik-kawowy-hmb-mobler-rorvik-szwecja-lata-50\/","title":{"rendered":"Mid-Century Modern Swedish Coffee Table in Teak from HMB M\u00f6bler R\u00f6rvik, 1950s"},"content":{"rendered":"<p>This coffee table was made by the Swedish manufacturer HMB M\u00f6bler, in R\u00f6rvik during the 1950s. It is made of high-quality teak wood, which is extremely resistant to external factors and owes its longevity mainly to a specific composition, rich in oily substances and silicic acid. Zaokr\u0105glone rogi sto\u0142u, smuk\u0142e, zw\u0119\u017cane nogi w kszta\u0142cie litery <em>H<\/em> oraz blat w dw\u00f3ch odcieniach br\u0105zu, odzwierciedlaj\u0105 elegancj\u0119 i magi\u0119 skandynawskiego designu z po\u0142owy 20. wieku co powoduje, \u017ce stolik doskonale uzupe\u0142ni wiele aran\u017cacji.<\/p>\n<p>Stolik w oryginalnym stanie vintage. Posiada drobne \u015blady zwi\u0105zanie z wiekiem.<\/p>\n<p>The colors of the products shown in the photos may differ slightly from the actual ones. This is due to individual monitor settings and lighting conditions \u2013 the photos were taken in artificial light, which may affect the perception of colors. However, we strive to ensure that the photos reflect the actual appearance of the product as faithfully as possible. The offer may include photos of item in the living space, but these are for illustrative purposes only.<\/p>\n","protected":false},"excerpt":{"rendered":"<p>This coffee table was made by the Swedish manufacturer HMB M\u00f6bler, in R\u00f6rvik during the 1950s. It is made of high-quality teak wood, which is extremely resistant to external factors and owes its longevity mainly to a specific composition, rich in oily substances and silicic acid. Zaokr\u0105glone rogi sto\u0142u, smuk\u0142e, zw\u0119\u017cane nogi w kszta\u0142cie litery [&hellip;]<\/p>\n","protected":false},"featured_media":33980,"template":"","meta":{"_acf_changed":false},"product_brand":[],"product_cat":[2150,2146,2138],"product_tag":[],"class_list":{"0":"post-34538","1":"product","2":"type-product","3":"status-publish","4":"has-post-thumbnail","6":"product_cat-coffee-tables","7":"product_cat-furniture","8":"product_cat-mid-century-modern-en","9":"product_shipping_class-1725-en","10":"pa_epoka-1950-1959-en","11":"pa_manufaktura-hmb-mobler-rorvik-en","12":"pa_material-wood","13":"pa_pochodzenie-sweden","14":"pa_stan-original","15":"pa_szerokosc-128-en","16":"pa_wysokosc-56-en","18":"first","19":"instock","20":"shipping-taxable","21":"purchasable","22":"product-type-simple"},"acf":[],"_links":{"self":[{"href":"https:\/\/garagegarage.pl\/en\/wp-json\/wp\/v2\/product\/34538","targetHints":{"allow":["GET"]}}],"collection":[{"href":"https:\/\/garagegarage.pl\/en\/wp-json\/wp\/v2\/product"}],"about":[{"href":"https:\/\/garagegarage.pl\/en\/wp-json\/wp\/v2\/types\/product"}],"wp:featuredmedia":[{"embeddable":true,"href":"https:\/\/garagegarage.pl\/en\/wp-json\/wp\/v2\/media\/33980"}],"wp:attachment":[{"href":"https:\/\/garagegarage.pl\/en\/wp-json\/wp\/v2\/media?parent=34538"}],"wp:term":[{"taxonomy":"product_brand","embeddable":true,"href":"https:\/\/garagegarage.pl\/en\/wp-json\/wp\/v2\/product_brand?post=34538"},{"taxonomy":"product_cat","embeddable":true,"href":"https:\/\/garagegarage.pl\/en\/wp-json\/wp\/v2\/product_cat?post=34538"},{"taxonomy":"product_tag","embeddable":true,"href":"https:\/\/garagegarage.pl\/en\/wp-json\/wp\/v2\/product_tag?post=34538"}],"curies":[{"name":"wp","href":"https:\/\/api.w.org\/{rel}","templated":true}]}}