{"id":34539,"date":"2022-04-29T14:41:56","date_gmt":"2022-04-29T12:41:56","guid":{"rendered":"https:\/\/garagegarage.pl\/produkt\/tekowy-stolik-kawowy-proj-yngvar-sandstrom-dla-ab-seffle-mobelfabrik-szwecja-lata-60\/"},"modified":"2022-06-20T17:28:22","modified_gmt":"2022-06-20T15:28:22","slug":"tekowy-stolik-kawowy-proj-yngvar-sandstrom-dla-ab-seffle-mobelfabrik-szwecja-lata-60","status":"publish","type":"product","link":"https:\/\/garagegarage.pl\/en\/produkt\/tekowy-stolik-kawowy-proj-yngvar-sandstrom-dla-ab-seffle-mobelfabrik-szwecja-lata-60\/","title":{"rendered":"Vintage Mid-Century Modern Scandinavian Teak Coffee Table by Yngvar Sandstr\u00f6m for AB Seffle M\u00f6belfabrik, 1960s"},"content":{"rendered":"<p>This modernist coffee table was designed by Yngvar Sandstr\u00f6m for the Swedish AB Seffle M\u00f6belfabrik manufacture during the 1960s. It is made of high-quality teak wood, which is extremely resistant to external factors, and owes its longevity mainly to a specific composition, rich in oily substances and silicic acid. The slender legs are finished with a delicate, chrome-plated element. The table has a classic design from Mid-Century Modern era.<\/p>\n<p>This table is in original vintage condition. It has minor traces of age and a natural patina.<\/p>\n","protected":false},"excerpt":{"rendered":"<p>This modernist coffee table was designed by Yngvar Sandstr\u00f6m for the Swedish AB Seffle M\u00f6belfabrik manufacture during the 1960s. It is made of high-quality teak wood, which is extremely resistant to external factors, and owes its longevity mainly to a specific composition, rich in oily substances and silicic acid. The slender legs are finished with [&hellip;]<\/p>\n","protected":false},"featured_media":33982,"template":"","meta":{"_acf_changed":false},"product_brand":[],"product_cat":[2150,2146,2138],"product_tag":[],"class_list":{"0":"post-34539","1":"product","2":"type-product","3":"status-publish","4":"has-post-thumbnail","6":"product_cat-coffee-tables","7":"product_cat-furniture","8":"product_cat-mid-century-modern-en","9":"product_shipping_class-975-en","10":"pa_epoka-1960-1969-en","11":"pa_manufaktura-ab-seffle-mobelfabrik-en-2","12":"pa_material-wood","13":"pa_pochodzenie-sweden","14":"pa_projekt-yngvar-sandstrom-en","15":"pa_stan-original","16":"pa_szerokosc-140-en","17":"pa_wysokosc-54-en-2","19":"first","20":"outofstock","21":"shipping-taxable","22":"purchasable","23":"product-type-simple"},"acf":[],"_links":{"self":[{"href":"https:\/\/garagegarage.pl\/en\/wp-json\/wp\/v2\/product\/34539","targetHints":{"allow":["GET"]}}],"collection":[{"href":"https:\/\/garagegarage.pl\/en\/wp-json\/wp\/v2\/product"}],"about":[{"href":"https:\/\/garagegarage.pl\/en\/wp-json\/wp\/v2\/types\/product"}],"wp:featuredmedia":[{"embeddable":true,"href":"https:\/\/garagegarage.pl\/en\/wp-json\/wp\/v2\/media\/33982"}],"wp:attachment":[{"href":"https:\/\/garagegarage.pl\/en\/wp-json\/wp\/v2\/media?parent=34539"}],"wp:term":[{"taxonomy":"product_brand","embeddable":true,"href":"https:\/\/garagegarage.pl\/en\/wp-json\/wp\/v2\/product_brand?post=34539"},{"taxonomy":"product_cat","embeddable":true,"href":"https:\/\/garagegarage.pl\/en\/wp-json\/wp\/v2\/product_cat?post=34539"},{"taxonomy":"product_tag","embeddable":true,"href":"https:\/\/garagegarage.pl\/en\/wp-json\/wp\/v2\/product_tag?post=34539"}],"curies":[{"name":"wp","href":"https:\/\/api.w.org\/{rel}","templated":true}]}}