{"id":34590,"date":"2022-01-21T12:57:57","date_gmt":"2022-01-21T11:57:57","guid":{"rendered":"https:\/\/garagegarage.pl\/produkt\/23923\/"},"modified":"2024-02-02T11:24:15","modified_gmt":"2024-02-02T10:24:15","slug":"23923","status":"publish","type":"product","link":"https:\/\/garagegarage.pl\/en\/produkt\/23923\/","title":{"rendered":"Pair of Art Deco Brass Nightstands with Marble Tops by Konrad, Jarnuszkiewicz I S-Ka, 1900s"},"content":{"rendered":"<p>This set of two rare bedside tables was manufactured in Warsaw by the famous Polish factory &#8211; <em>&#8216;Zak\u0142ad Wyrob\u00f3w Metalowych Konrad, Jarnuszkiewicz i S-ka&#8217;<\/em>. This set was created at the turn of the 19th and 20th centuries. They are made of solid brass with marble tops. They have a metal drawer and a cabinet t the bottom. The pieces of futnirure have carved patterns with light and classic decorations that are slightly different. Inside the drawer there is a metal plate with the name of the company.<\/p>\n<p>&#8216;Zak\u0142ad Wyrob\u00f3w Metalowych Konrad, Jarnuszkiewicz i S-ka&#8217; was established in 1871. Initially, the company operated under the name &#8216;W\u0142adys\u0142aw Gosty\u0144ski i S-ka&#8217;, but in 1894 the bussines was taken over by Gustaw Konrad and Stanis\u0142aw Jarnuszkiewicz. This factory is a historic place on the Art D\u00e8co design map. They created the highest quality, simple and functional furniture from noble materials such as brass or nickel, designed by famous architects and advertised in such magazines. Many exhibits from the production of Konrad, Jarnuszkiewicz and S-ka adorned offices, apartments and salons of important authorities and intellectuals, including The Shah of Iran or luxury hotels in Russia. The factory closed in 1949.<\/p>\n<p>This set is in original vintage condition with traces of age and patina. Height up to 80 cm.<\/p>\n","protected":false},"excerpt":{"rendered":"<p>This set of two rare bedside tables was manufactured in Warsaw by the famous Polish factory &#8211; &#8216;Zak\u0142ad Wyrob\u00f3w Metalowych Konrad, Jarnuszkiewicz i S-ka&#8217;. This set was created at the turn of the 19th and 20th centuries. They are made of solid brass with marble tops. They have a metal drawer and a cabinet t [&hellip;]<\/p>\n","protected":false},"featured_media":33189,"template":"","meta":{"_acf_changed":false},"product_brand":[],"product_cat":[2134,2150,2146,2136,2147],"product_tag":[],"class_list":{"0":"post-34590","1":"product","2":"type-product","3":"status-publish","4":"has-post-thumbnail","6":"product_cat-art-deco-en","7":"product_cat-coffee-tables","8":"product_cat-furniture","9":"product_cat-hollywood-regency-en","10":"product_cat-sideboards-cabinets","11":"product_shipping_class-2412","12":"pa_epoka-1910-1919-en","13":"pa_manufaktura-zaklad-wyrobow-metalowych-konrad-jarnuszkiewicz-i-s-ka-en","14":"pa_material-brass","15":"pa_material-stone","16":"pa_pochodzenie-poland","17":"pa_stan-original","18":"pa_szerokosc-40-en","19":"pa_wysokosc-100-en","21":"first","22":"outofstock","23":"shipping-taxable","24":"purchasable","25":"product-type-simple"},"acf":[],"_links":{"self":[{"href":"https:\/\/garagegarage.pl\/en\/wp-json\/wp\/v2\/product\/34590","targetHints":{"allow":["GET"]}}],"collection":[{"href":"https:\/\/garagegarage.pl\/en\/wp-json\/wp\/v2\/product"}],"about":[{"href":"https:\/\/garagegarage.pl\/en\/wp-json\/wp\/v2\/types\/product"}],"wp:featuredmedia":[{"embeddable":true,"href":"https:\/\/garagegarage.pl\/en\/wp-json\/wp\/v2\/media\/33189"}],"wp:attachment":[{"href":"https:\/\/garagegarage.pl\/en\/wp-json\/wp\/v2\/media?parent=34590"}],"wp:term":[{"taxonomy":"product_brand","embeddable":true,"href":"https:\/\/garagegarage.pl\/en\/wp-json\/wp\/v2\/product_brand?post=34590"},{"taxonomy":"product_cat","embeddable":true,"href":"https:\/\/garagegarage.pl\/en\/wp-json\/wp\/v2\/product_cat?post=34590"},{"taxonomy":"product_tag","embeddable":true,"href":"https:\/\/garagegarage.pl\/en\/wp-json\/wp\/v2\/product_tag?post=34590"}],"curies":[{"name":"wp","href":"https:\/\/api.w.org\/{rel}","templated":true}]}}