{"id":34605,"date":"2021-12-31T19:52:12","date_gmt":"2021-12-31T18:52:12","guid":{"rendered":"https:\/\/garagegarage.pl\/produkt\/stolik-kawowy-cosmos-proj-sven-engstrom-i-gunnar-myrstrand-dla-tingstroms-szwecja-lata-60\/"},"modified":"2026-02-19T17:24:52","modified_gmt":"2026-02-19T16:24:52","slug":"stolik-kawowy-cosmos-proj-sven-engstrom-i-gunnar-myrstrand-dla-tingstroms-szwecja-lata-60","status":"publish","type":"product","link":"https:\/\/garagegarage.pl\/en\/produkt\/stolik-kawowy-cosmos-proj-sven-engstrom-i-gunnar-myrstrand-dla-tingstroms-szwecja-lata-60\/","title":{"rendered":"Mid-Century Modern Swedish Cosmos Coffee Table by Sven Engstr\u00f6m &#038; Gunnar Myrstrand for Tingstr\u00f6ms, 1960s"},"content":{"rendered":"<p>This Cosmos coffee table was designed by Sven Engstr\u00f6m and Gunnar Myrstrand for the Swedish Tingstr\u00f6ms manufacture during the 1960s. It is made of teak wood, which is extremely resistant to external factors and owes its longevity mainly to a specific composition, rich in oily substances and silicic acid. The table has a simple form characteristic for design idea of the Mid-Century Modern era.<\/p>\n<p>Gunnar Myrstrand and Sven Engstr\u00f6m are a duo of Swedish furniture designers who founded an interior design company in the late 1940s. Both were also furniture design teachers. They have appeared at many exhibitions, such as the Helsingborg exhibition, H 55, showcasing the interior design of the room. They collaborated with the Swedish Handicraft Association as exhibition architects. Myrstrand represented Sweden at the Milan Triennial in 1954 and worked at the R\u00f6rstrand Porcelain Factory in Lidk\u00f6ping. Engstr\u00f6m was a member of the Bra Bohag association and in 1952 he designed the Ideal furniture series for Skaraborgs M\u00f6belindustri, and in 1961 Skandinett for Svenska m\u00f6belfabrikerna. Together, they worked for N\u00e4ssj\u00f6 Stolfabrik, Gemla M\u00f6bler, Skaraborgs m\u00f6belindustri, K\u00e4llemo and Tingstr\u00f6ms.<\/p>\n<p>Tingstr\u00f6ms is a Swedish furniture manufacturer that gained international recognition in the 1950s and 1960s as one of the pillars of the Swedish Modern style. Tingstr\u00f6ms&#8217;s greatest fame came from its collaboration with the architect duo Sven Engstr\u00f6m and Gunnar Myrstrand. Their designs are characterized by purity of form, functionality, and the use of noble materials, primarily teak and oak. Tingstr\u00f6ms furniture often bears the distinctive Bra Bohag (literally meaning Good Home Furnishings) label. This was an elite association of Swedish manufacturers and designers dedicated to promoting high-quality design and facilitating customers&#8217; access to the finest everyday objects. Tingstr\u00f6ms&#8217;s offerings also included designs by other esteemed designers, such as Folke Ohlsson (Frisco series) and Alf Svensson.<\/p>\n<p>This table is in original vintage condition. It has age marks and a natural patina.<\/p>\n<p>The colors of the products shown in the photos may differ slightly from the actual ones. This is due to individual monitor settings and lighting conditions \u2013 the photos were taken in artificial light, which may affect the perception of colors. However, we strive to ensure that the photos reflect the actual appearance of the product as faithfully as possible. The offer may include photos of item in the living space, but these are for illustrative purposes only.<\/p>\n","protected":false},"excerpt":{"rendered":"<p>This Cosmos coffee table was designed by Sven Engstr\u00f6m and Gunnar Myrstrand for the Swedish Tingstr\u00f6ms manufacture during the 1960s. It is made of teak wood, which is extremely resistant to external factors and owes its longevity mainly to a specific composition, rich in oily substances and silicic acid. The table has a simple form [&hellip;]<\/p>\n","protected":false},"featured_media":45600,"template":"","meta":{"_acf_changed":false},"product_brand":[],"product_cat":[2150,2146,2138],"product_tag":[],"class_list":{"0":"post-34605","1":"product","2":"type-product","3":"status-publish","4":"has-post-thumbnail","6":"product_cat-coffee-tables","7":"product_cat-furniture","8":"product_cat-mid-century-modern-en","9":"product_shipping_class-1725-en","10":"pa_epoka-1960-1969-en","11":"pa_manufaktura-tingstroms-en","12":"pa_material-wood","13":"pa_pochodzenie-sweden","14":"pa_projekt-sven-engstrom-i-gunnar-myrstrand-en","15":"pa_stan-original","16":"pa_szerokosc-140-en","17":"pa_wysokosc-54-en-2","19":"first","20":"outofstock","21":"shipping-taxable","22":"purchasable","23":"product-type-simple"},"acf":[],"_links":{"self":[{"href":"https:\/\/garagegarage.pl\/en\/wp-json\/wp\/v2\/product\/34605","targetHints":{"allow":["GET"]}}],"collection":[{"href":"https:\/\/garagegarage.pl\/en\/wp-json\/wp\/v2\/product"}],"about":[{"href":"https:\/\/garagegarage.pl\/en\/wp-json\/wp\/v2\/types\/product"}],"wp:featuredmedia":[{"embeddable":true,"href":"https:\/\/garagegarage.pl\/en\/wp-json\/wp\/v2\/media\/45600"}],"wp:attachment":[{"href":"https:\/\/garagegarage.pl\/en\/wp-json\/wp\/v2\/media?parent=34605"}],"wp:term":[{"taxonomy":"product_brand","embeddable":true,"href":"https:\/\/garagegarage.pl\/en\/wp-json\/wp\/v2\/product_brand?post=34605"},{"taxonomy":"product_cat","embeddable":true,"href":"https:\/\/garagegarage.pl\/en\/wp-json\/wp\/v2\/product_cat?post=34605"},{"taxonomy":"product_tag","embeddable":true,"href":"https:\/\/garagegarage.pl\/en\/wp-json\/wp\/v2\/product_tag?post=34605"}],"curies":[{"name":"wp","href":"https:\/\/api.w.org\/{rel}","templated":true}]}}