{"id":34621,"date":"2021-11-30T11:16:33","date_gmt":"2021-11-30T10:16:33","guid":{"rendered":"https:\/\/garagegarage.pl\/produkt\/tomas-nordback\/"},"modified":"2023-11-15T11:52:20","modified_gmt":"2023-11-15T10:52:20","slug":"tomas-nordback","status":"publish","type":"product","link":"https:\/\/garagegarage.pl\/en\/produkt\/tomas-nordback\/","title":{"rendered":"Color Lithograph by Tomas Nordb\u00e4ck \u2013 Kosmiskt Rum \u2013 Framed"},"content":{"rendered":"<p>Tomas Nordb\u00e4ck, Kosmiskt rum<br \/>\nColor lithograph<br \/>\nE.A. number 14\/20<br \/>\nWork with the artist&#8217;s signature, title and individual number (in pencil)<br \/>\nWorking dimensions 71\/52<br \/>\nThe work is framed<\/p>\n<p>Tomas Nordb\u00e4ck (1938 &#8211; 2019). He was a Swedish painter and illustrator. Nordb\u00e4ck made his debut as an artist in 1957, he was active in Domsten near Helsingborg. He was one of the participants of the Differenterna art group in northwestern Scania. His works are, among others at the National Museum and the Swedish Art Council, as well as at the museums in Malm\u00f6, Lund, Landskrona and Helsingborg. He made several public decorations, including the F\u00e4rgf\u00f6nster for the City Hall in Helsingborg and \u00d6nskebrunnen in Sundstorget.<\/p>\n<p>Piece in original vintage condition. Printed in TUMBA GRAFIK.<\/p>\n","protected":false},"excerpt":{"rendered":"<p>Tomas Nordb\u00e4ck, Kosmiskt rum Color lithograph E.A. number 14\/20 Work with the artist&#8217;s signature, title and individual number (in pencil) Working dimensions 71\/52 The work is framed Tomas Nordb\u00e4ck (1938 &#8211; 2019). He was a Swedish painter and illustrator. Nordb\u00e4ck made his debut as an artist in 1957, he was active in Domsten near Helsingborg. [&hellip;]<\/p>\n","protected":false},"featured_media":32447,"template":"","meta":{"_acf_changed":false},"product_brand":[],"product_cat":[2132,2125,2138],"product_tag":[],"class_list":{"0":"post-34621","1":"product","2":"type-product","3":"status-publish","4":"has-post-thumbnail","6":"product_cat-art","7":"product_cat-decor","8":"product_cat-mid-century-modern-en","9":"product_shipping_class-2407","10":"pa_pochodzenie-sweden","11":"pa_stan-original","12":"pa_szerokosc-52-en","13":"pa_wysokosc-71-en","15":"first","16":"outofstock","17":"shipping-taxable","18":"purchasable","19":"product-type-simple"},"acf":[],"_links":{"self":[{"href":"https:\/\/garagegarage.pl\/en\/wp-json\/wp\/v2\/product\/34621","targetHints":{"allow":["GET"]}}],"collection":[{"href":"https:\/\/garagegarage.pl\/en\/wp-json\/wp\/v2\/product"}],"about":[{"href":"https:\/\/garagegarage.pl\/en\/wp-json\/wp\/v2\/types\/product"}],"wp:featuredmedia":[{"embeddable":true,"href":"https:\/\/garagegarage.pl\/en\/wp-json\/wp\/v2\/media\/32447"}],"wp:attachment":[{"href":"https:\/\/garagegarage.pl\/en\/wp-json\/wp\/v2\/media?parent=34621"}],"wp:term":[{"taxonomy":"product_brand","embeddable":true,"href":"https:\/\/garagegarage.pl\/en\/wp-json\/wp\/v2\/product_brand?post=34621"},{"taxonomy":"product_cat","embeddable":true,"href":"https:\/\/garagegarage.pl\/en\/wp-json\/wp\/v2\/product_cat?post=34621"},{"taxonomy":"product_tag","embeddable":true,"href":"https:\/\/garagegarage.pl\/en\/wp-json\/wp\/v2\/product_tag?post=34621"}],"curies":[{"name":"wp","href":"https:\/\/api.w.org\/{rel}","templated":true}]}}