{"id":34646,"date":"2022-05-06T14:18:12","date_gmt":"2022-05-06T12:18:12","guid":{"rendered":"https:\/\/garagegarage.pl\/produkt\/para-obrotowych-foteli-gote-mobler-szwecja-lata-60\/"},"modified":"2024-02-02T11:18:29","modified_gmt":"2024-02-02T10:18:29","slug":"para-obrotowych-foteli-gote-mobler-szwecja-lata-60-2","status":"publish","type":"product","link":"https:\/\/garagegarage.pl\/en\/produkt\/para-obrotowych-foteli-gote-mobler-szwecja-lata-60-2\/","title":{"rendered":"Pair of Mid-Century Modern Scandinavian Brown Leather Swivel Armchairs from G\u00f6te M\u00f6bler, 1960s"},"content":{"rendered":"<p>This pair of modernist swivel armchairs was manufactured by the G\u00f6te M\u00f6bler in Sweden during the 1960s. The frame is made of solid wood, upholstered with brown natural leather with elegant quilting. The leg is made of metal and finished with veneer that imitates wood. The cabinet profile fits in with the modernist idea of functionalist furniture.<\/p>\n<p>The pieces are in original vintage condition. They have age-related signs of use and a natural patina. One of the armchairs has a reclining adjustment and a blockade in the selected position. The swivel mechanism does not stop immediately. The seat is 40 cm high.<\/p>\n<p>The pieces are in original vintage condition. They have age-related signs of use and a natural patina. One of the armchairs has a reclining adjustment and a blockade in the selected position. The swivel mechanism does not stop immediately.<\/p>\n","protected":false},"excerpt":{"rendered":"<p>This pair of modernist swivel armchairs was manufactured by the G\u00f6te M\u00f6bler in Sweden during the 1960s. The frame is made of solid wood, upholstered with brown natural leather with elegant quilting. The leg is made of metal and finished with veneer that imitates wood. The cabinet profile fits in with the modernist idea of [&hellip;]<\/p>\n","protected":false},"featured_media":54265,"template":"","meta":{"_acf_changed":false},"product_brand":[],"product_cat":[2148,2146,2138],"product_tag":[],"class_list":{"0":"post-34646","1":"product","2":"type-product","3":"status-publish","4":"has-post-thumbnail","6":"product_cat-chairs-armchairs","7":"product_cat-furniture","8":"product_cat-mid-century-modern-en","9":"product_shipping_class-2411","10":"pa_epoka-1960-1969-en","11":"pa_manufaktura-gote-mobel-nassjo-en","12":"pa_material-leather","13":"pa_material-metal-en","14":"pa_material-wood","15":"pa_pochodzenie-sweden","16":"pa_stan-original","17":"pa_szerokosc-78-en","18":"pa_wysokosc-95-en","20":"first","21":"outofstock","22":"shipping-taxable","23":"purchasable","24":"product-type-simple"},"acf":[],"_links":{"self":[{"href":"https:\/\/garagegarage.pl\/en\/wp-json\/wp\/v2\/product\/34646","targetHints":{"allow":["GET"]}}],"collection":[{"href":"https:\/\/garagegarage.pl\/en\/wp-json\/wp\/v2\/product"}],"about":[{"href":"https:\/\/garagegarage.pl\/en\/wp-json\/wp\/v2\/types\/product"}],"wp:featuredmedia":[{"embeddable":true,"href":"https:\/\/garagegarage.pl\/en\/wp-json\/wp\/v2\/media\/54265"}],"wp:attachment":[{"href":"https:\/\/garagegarage.pl\/en\/wp-json\/wp\/v2\/media?parent=34646"}],"wp:term":[{"taxonomy":"product_brand","embeddable":true,"href":"https:\/\/garagegarage.pl\/en\/wp-json\/wp\/v2\/product_brand?post=34646"},{"taxonomy":"product_cat","embeddable":true,"href":"https:\/\/garagegarage.pl\/en\/wp-json\/wp\/v2\/product_cat?post=34646"},{"taxonomy":"product_tag","embeddable":true,"href":"https:\/\/garagegarage.pl\/en\/wp-json\/wp\/v2\/product_tag?post=34646"}],"curies":[{"name":"wp","href":"https:\/\/api.w.org\/{rel}","templated":true}]}}