{"id":34671,"date":"2021-09-15T13:16:09","date_gmt":"2021-09-15T11:16:09","guid":{"rendered":"https:\/\/garagegarage.pl\/produkt\/para-foteli-jylland-jio-mobler-szwecja-1953\/"},"modified":"2026-02-25T12:16:58","modified_gmt":"2026-02-25T11:16:58","slug":"para-foteli-jylland-jio-mobler-szwecja-1953-2","status":"publish","type":"product","link":"https:\/\/garagegarage.pl\/en\/produkt\/para-foteli-jylland-jio-mobler-szwecja-1953-2\/","title":{"rendered":"Vintage Mid-Century Swedish Modern Jylland Chairs from Jio M\u00f6bler, 1953, Set of 2"},"content":{"rendered":"<p>This pair of modernist Jylland armchairs was produced by Jio M\u00f6bler in 1953. The frame is made of varnished beech wood. Slender legs gently merge into a subtly tilted backrest. The seat and backrest are upholstered with high-quality black synthetic leather. The armchairs are very comfortable and perfectly reflect the spirit of the Mid-Century Modern era.<\/p>\n<p>Jio M\u00f6bler was founded in 1941 in J\u00f6nk\u00f6ping, Sweden. To this day, the company produces unconventional, exclusive and hand-made furniture upholstered with the highest quality fabrics. Production is based on many years of tradition, high-quality materials and craftsmanship.<\/p>\n<p>Literature: Siesing, Andreas, Svenska m\u00f6bler: folkhemsform i ull, jakaranda, furu och bok: 1949-1970, Atlantis, Stockholm, 2015, page 31.<\/p>\n<p>This model was part of the exhibition Folkhemform &#8211; svenska m\u00f6bler (Swedish Furniture) 1949 &#8211; 1970, Falkenbergs Museum, 10 September &#8211; 27 November, 2016.<\/p>\n<p>Armchairs are in very good vintage condition. The upholstery has been renewed. The seat is 40 cm high.<\/p>\n<p>The colors of the products shown in the photos may differ slightly from the actual ones. This is due to individual monitor settings and lighting conditions \u2013 the photos were taken in artificial light, which may affect the perception of colors. However, we strive to ensure that the photos reflect the actual appearance of the product as faithfully as possible. The offer may include photos of item in the living space, but these are for illustrative purposes only.<\/p>\n<p>&nbsp;<\/p>\n","protected":false},"excerpt":{"rendered":"<p>This pair of modernist Jylland armchairs was produced by Jio M\u00f6bler in 1953. The frame is made of varnished beech wood. Slender legs gently merge into a subtly tilted backrest. The seat and backrest are upholstered with high-quality black synthetic leather. The armchairs are very comfortable and perfectly reflect the spirit of the Mid-Century Modern [&hellip;]<\/p>\n","protected":false},"featured_media":32016,"template":"","meta":{"_acf_changed":false},"product_brand":[],"product_cat":[2148,2146,2138],"product_tag":[],"class_list":{"0":"post-34671","1":"product","2":"type-product","3":"status-publish","4":"has-post-thumbnail","6":"product_cat-chairs-armchairs","7":"product_cat-furniture","8":"product_cat-mid-century-modern-en","9":"product_shipping_class-2411","10":"pa_manufaktura-jio-mobler-en","11":"pa_material-artificial-leather","12":"pa_material-wood","13":"pa_pochodzenie-sweden","14":"pa_stan-partially-restored","15":"pa_szerokosc-48-en","16":"pa_wysokosc-71-en","18":"first","19":"instock","20":"shipping-taxable","21":"purchasable","22":"product-type-simple"},"acf":[],"_links":{"self":[{"href":"https:\/\/garagegarage.pl\/en\/wp-json\/wp\/v2\/product\/34671","targetHints":{"allow":["GET"]}}],"collection":[{"href":"https:\/\/garagegarage.pl\/en\/wp-json\/wp\/v2\/product"}],"about":[{"href":"https:\/\/garagegarage.pl\/en\/wp-json\/wp\/v2\/types\/product"}],"wp:featuredmedia":[{"embeddable":true,"href":"https:\/\/garagegarage.pl\/en\/wp-json\/wp\/v2\/media\/32016"}],"wp:attachment":[{"href":"https:\/\/garagegarage.pl\/en\/wp-json\/wp\/v2\/media?parent=34671"}],"wp:term":[{"taxonomy":"product_brand","embeddable":true,"href":"https:\/\/garagegarage.pl\/en\/wp-json\/wp\/v2\/product_brand?post=34671"},{"taxonomy":"product_cat","embeddable":true,"href":"https:\/\/garagegarage.pl\/en\/wp-json\/wp\/v2\/product_cat?post=34671"},{"taxonomy":"product_tag","embeddable":true,"href":"https:\/\/garagegarage.pl\/en\/wp-json\/wp\/v2\/product_tag?post=34671"}],"curies":[{"name":"wp","href":"https:\/\/api.w.org\/{rel}","templated":true}]}}