{"id":34680,"date":"2021-09-10T12:12:24","date_gmt":"2021-09-10T10:12:24","guid":{"rendered":"https:\/\/garagegarage.pl\/produkt\/wysoki-fotel-per-proj-inge-andersson-dla-broderny-andersson-szwecja-lata-60\/"},"modified":"2022-05-19T15:42:57","modified_gmt":"2022-05-19T13:42:57","slug":"wysoki-fotel-per-proj-inge-andersson-dla-broderny-andersson-szwecja-lata-60","status":"publish","type":"product","link":"https:\/\/garagegarage.pl\/en\/produkt\/wysoki-fotel-per-proj-inge-andersson-dla-broderny-andersson-szwecja-lata-60\/","title":{"rendered":"Swedish Mid-Century Modern Royal Blue Fabric Per Armchair by Inge Andersson for Br\u00f6derna Andersson, 1960s"},"content":{"rendered":"<p>This modernist Per armchair was designed by Inge Andersson for the Swedish manufacture Br\u00f6derna Andersson during the 1960s. The modernist frame of the armchair is made of solid wood. The legs of the armchair are connected to the armrests in a subtle way. The seat and the backrest are upholstered with a high-quality royal blue fabric. The armchair reflects Swedish quality and craftsmanship at the highest level.<\/p>\n<p>Br\u00f6derna Andersson was founded in 1912 in V\u00e4rnforsen. Founder Gottfrid Andersson successfully harnessed the opportunities of the new era. Together with his wife, they started an adventure with high-level design that has been going on for over 100 years. In 1946, the sons Sven, Inge and Max Andersson took over the company and founded Br\u00f6derna Andersson&#8217;s Industrier in Eken\u00e4ssj\u00f6n. In 1956 they built a new factory in Vetlandav\u00e4gen. Over the years, the factory was gradually enlarged. In 1996, cousins \u200b\u200bof the third generation took over the company and continue the family tradition. Furniture from Br\u00f6derna Andersson is an investment that lasts for generations.<\/p>\n<p>This armchair is in mint vintage condition. The upholstery has been renewed. The seat is 44 cm high.<\/p>\n<p>&nbsp;<\/p>\n","protected":false},"excerpt":{"rendered":"<p>This modernist Per armchair was designed by Inge Andersson for the Swedish manufacture Br\u00f6derna Andersson during the 1960s. The modernist frame of the armchair is made of solid wood. The legs of the armchair are connected to the armrests in a subtle way. The seat and the backrest are upholstered with a high-quality royal blue [&hellip;]<\/p>\n","protected":false},"featured_media":31868,"template":"","meta":{"_acf_changed":false},"product_brand":[],"product_cat":[2148,2146,2138],"product_tag":[],"class_list":{"0":"post-34680","1":"product","2":"type-product","3":"status-publish","4":"has-post-thumbnail","6":"product_cat-chairs-armchairs","7":"product_cat-furniture","8":"product_cat-mid-century-modern-en","9":"product_shipping_class-1725-en","10":"pa_epoka-1960-1969-en","11":"pa_manufaktura-broderna-anderssons-en-2","12":"pa_material-fabric","13":"pa_material-wood","14":"pa_pochodzenie-sweden","15":"pa_projekt-inge-andersson-en","16":"pa_stan-partially-restored","17":"pa_szerokosc-64-en","18":"pa_wysokosc-108-en","20":"first","21":"outofstock","22":"shipping-taxable","23":"purchasable","24":"product-type-simple"},"acf":[],"_links":{"self":[{"href":"https:\/\/garagegarage.pl\/en\/wp-json\/wp\/v2\/product\/34680","targetHints":{"allow":["GET"]}}],"collection":[{"href":"https:\/\/garagegarage.pl\/en\/wp-json\/wp\/v2\/product"}],"about":[{"href":"https:\/\/garagegarage.pl\/en\/wp-json\/wp\/v2\/types\/product"}],"wp:featuredmedia":[{"embeddable":true,"href":"https:\/\/garagegarage.pl\/en\/wp-json\/wp\/v2\/media\/31868"}],"wp:attachment":[{"href":"https:\/\/garagegarage.pl\/en\/wp-json\/wp\/v2\/media?parent=34680"}],"wp:term":[{"taxonomy":"product_brand","embeddable":true,"href":"https:\/\/garagegarage.pl\/en\/wp-json\/wp\/v2\/product_brand?post=34680"},{"taxonomy":"product_cat","embeddable":true,"href":"https:\/\/garagegarage.pl\/en\/wp-json\/wp\/v2\/product_cat?post=34680"},{"taxonomy":"product_tag","embeddable":true,"href":"https:\/\/garagegarage.pl\/en\/wp-json\/wp\/v2\/product_tag?post=34680"}],"curies":[{"name":"wp","href":"https:\/\/api.w.org\/{rel}","templated":true}]}}