{"id":34705,"date":"2021-11-19T13:03:00","date_gmt":"2021-11-19T12:03:00","guid":{"rendered":"https:\/\/garagegarage.pl\/produkt\/litografia-barwna-lars-hellstrom-rektanglar-1991\/"},"modified":"2023-11-14T17:16:53","modified_gmt":"2023-11-14T16:16:53","slug":"litografia-barwna-lars-hellstrom-rektanglar-1991-2","status":"publish","type":"product","link":"https:\/\/garagegarage.pl\/en\/produkt\/litografia-barwna-lars-hellstrom-rektanglar-1991-2\/","title":{"rendered":"Color Lithograph by Lars Hellstr\u00f6m \u2013 Rektanglar \u2013 Framed \u2013 1991"},"content":{"rendered":"<p>Lars Hellstr\u00f6m, Rektanglar, 1991<br \/>\nColor lithography<br \/>\nNumber 84\/150<br \/>\nWork with the artist&#8217;s signature, title and individual number (in pencil)<br \/>\nWorking dimensions 52\/62<br \/>\nFramed<\/p>\n<p>Lars Hellstr\u00f6m was born in Uppsala in 1936. Hellstr\u00f6m&#8217;s paintings show his passion for the lithographic printing process, which emerged early when he was a student at Konstfack University College of Arts, Crafts and Design. In addition to specializing in art prints, he is also a painter and collaborates with public art commissions. In the 1940s and 1950s, artistic influence came mainly from the United States, specifically New York as the cultural epicenter of the world. In the 1960s, Lars Hellstr\u00f6m was referring to the abstract expressionist movement, more specifically the so-called New York School &#8211; an informal group of musicians, poets, and artists who worked with free forms, colors, and movements such as Jackson Pollock and his action painting. The group also included the painter Barnett Newman, whom Hellstr\u00f6m particularly admired. Lars Hellstr\u00f6m&#8217;s early 1960s work was abstract before he moved on to more detailed, figurative images. Typical of this period is his series S\u00f6dra Vals\u00e4tra &#8211; my family community, consisting of a total of seven lithographs. Hellstr\u00f6m and his family moved in the 1970s from the center of Uppsala to the newly built suburb of Vals\u00e4tra \/ Gottsunda. It was the stereotypical building design of the so-called Million Program that inspired the Vals\u00e4tra series. After the period of real landscape images, i.e. close-ups and naturalistic representations of various patterns and types of rocks on the cliffs of the Stockholm archipelago, Lars Hellstr\u00f6m returned to non-figurative motifs. He works now mainly with variations on recurring themes and the interplay of angles, lines and directions.<\/p>\n<p>Piece in original vintage condition.<\/p>\n","protected":false},"excerpt":{"rendered":"<p>Lars Hellstr\u00f6m, Rektanglar, 1991 Color lithography Number 84\/150 Work with the artist&#8217;s signature, title and individual number (in pencil) Working dimensions 52\/62 Framed Lars Hellstr\u00f6m was born in Uppsala in 1936. Hellstr\u00f6m&#8217;s paintings show his passion for the lithographic printing process, which emerged early when he was a student at Konstfack University College of Arts, [&hellip;]<\/p>\n","protected":false},"featured_media":32241,"template":"","meta":{"_acf_changed":false},"product_brand":[],"product_cat":[2132,2135,2125,2138],"product_tag":[],"class_list":{"0":"post-34705","1":"product","2":"type-product","3":"status-publish","4":"has-post-thumbnail","6":"product_cat-art","7":"product_cat-bauhaus-en","8":"product_cat-decor","9":"product_cat-mid-century-modern-en","10":"product_shipping_class-2407","11":"pa_pochodzenie-sweden","12":"pa_stan-original","13":"pa_szerokosc-62-en","14":"pa_wysokosc-52-en","16":"first","17":"outofstock","18":"shipping-taxable","19":"purchasable","20":"product-type-simple"},"acf":[],"_links":{"self":[{"href":"https:\/\/garagegarage.pl\/en\/wp-json\/wp\/v2\/product\/34705","targetHints":{"allow":["GET"]}}],"collection":[{"href":"https:\/\/garagegarage.pl\/en\/wp-json\/wp\/v2\/product"}],"about":[{"href":"https:\/\/garagegarage.pl\/en\/wp-json\/wp\/v2\/types\/product"}],"wp:featuredmedia":[{"embeddable":true,"href":"https:\/\/garagegarage.pl\/en\/wp-json\/wp\/v2\/media\/32241"}],"wp:attachment":[{"href":"https:\/\/garagegarage.pl\/en\/wp-json\/wp\/v2\/media?parent=34705"}],"wp:term":[{"taxonomy":"product_brand","embeddable":true,"href":"https:\/\/garagegarage.pl\/en\/wp-json\/wp\/v2\/product_brand?post=34705"},{"taxonomy":"product_cat","embeddable":true,"href":"https:\/\/garagegarage.pl\/en\/wp-json\/wp\/v2\/product_cat?post=34705"},{"taxonomy":"product_tag","embeddable":true,"href":"https:\/\/garagegarage.pl\/en\/wp-json\/wp\/v2\/product_tag?post=34705"}],"curies":[{"name":"wp","href":"https:\/\/api.w.org\/{rel}","templated":true}]}}