{"id":34728,"date":"2021-07-01T13:52:22","date_gmt":"2021-07-01T11:52:22","guid":{"rendered":"https:\/\/garagegarage.pl\/produkt\/litografia-knut-grane-vintern-1991\/"},"modified":"2025-12-12T14:55:53","modified_gmt":"2025-12-12T13:55:53","slug":"litografia-knut-grane-vintern-1991-2","status":"publish","type":"product","link":"https:\/\/garagegarage.pl\/en\/produkt\/litografia-knut-grane-vintern-1991-2\/","title":{"rendered":"Vintage Color Lithograph by Knut Grane \u2013 Vintern \u2013 Framed \u2013 1991"},"content":{"rendered":"<p>Knut Grane, Vintern, 1991<br \/>\nColor Lithograph<br \/>\nNumber 371\/500<br \/>\nThis work is signed by the artist and has an individual number<br \/>\nWorking dimensions 26\/35<br \/>\nFramed<\/p>\n<p>Knut Bernhard Grane (1926 &#8211; 2016). He was a Swedish graphic designer, illustrator, painter and craftsman. Grane graduated from Hvitfeldtska L\u00e4roverket in Gothenburg in 1945, then studied art with Nils Wedel at the Sl\u00f6jdf\u00f6reningen school and at the graphic school of the Danish Academy of Fine Arts in Copenhagen. After graduation, he was employed as a draftsman at the Swedish Telegram Agency, and then at the Allhema publishing house in Malm\u00f6. He participated in the Charlottenborg Spring Exhibition 1951. Among his public works are a blacksmith in the Roseng\u00e5rd estate, a ceramic wall in H\u00f6gaholm, art decoration at the H\u00f6gaholm school in Malm\u00f6, a painting for Herrljung Cementindustri, an entrance decoration for Sk\u00e5nska Brand in Lund and a monumental painting above the stage on Amiralen dance palace scene. Today his works can be seen in museums in Gothenburg, Malm\u00f6 and Helsingborg.<\/p>\n<p>Original vintage condition.<\/p>\n<p>The colors of the products shown in the photos may differ slightly from the actual ones. This is due to individual monitor settings and lighting conditions \u2013 the photos were taken in artificial light, which may affect the perception of colors. However, we strive to ensure that the photos reflect the actual appearance of the product as faithfully as possible. The offer may include photos of item in the living space, but these are for illustrative purposes only.<\/p>\n","protected":false},"excerpt":{"rendered":"<p>Knut Grane, Vintern, 1991 Color Lithograph Number 371\/500 This work is signed by the artist and has an individual number Working dimensions 26\/35 Framed Knut Bernhard Grane (1926 &#8211; 2016). He was a Swedish graphic designer, illustrator, painter and craftsman. Grane graduated from Hvitfeldtska L\u00e4roverket in Gothenburg in 1945, then studied art with Nils Wedel [&hellip;]<\/p>\n","protected":false},"featured_media":31591,"template":"","meta":{"_acf_changed":false},"product_brand":[],"product_cat":[2132,2125,2138],"product_tag":[],"class_list":{"0":"post-34728","1":"product","2":"type-product","3":"status-publish","4":"has-post-thumbnail","6":"product_cat-art","7":"product_cat-decor","8":"product_cat-mid-century-modern-en","9":"product_shipping_class-2408","10":"pa_pochodzenie-sweden","11":"pa_stan-original","12":"pa_szerokosc-35-en","13":"pa_wysokosc-26-en","15":"first","16":"instock","17":"shipping-taxable","18":"purchasable","19":"product-type-simple"},"acf":[],"_links":{"self":[{"href":"https:\/\/garagegarage.pl\/en\/wp-json\/wp\/v2\/product\/34728","targetHints":{"allow":["GET"]}}],"collection":[{"href":"https:\/\/garagegarage.pl\/en\/wp-json\/wp\/v2\/product"}],"about":[{"href":"https:\/\/garagegarage.pl\/en\/wp-json\/wp\/v2\/types\/product"}],"wp:featuredmedia":[{"embeddable":true,"href":"https:\/\/garagegarage.pl\/en\/wp-json\/wp\/v2\/media\/31591"}],"wp:attachment":[{"href":"https:\/\/garagegarage.pl\/en\/wp-json\/wp\/v2\/media?parent=34728"}],"wp:term":[{"taxonomy":"product_brand","embeddable":true,"href":"https:\/\/garagegarage.pl\/en\/wp-json\/wp\/v2\/product_brand?post=34728"},{"taxonomy":"product_cat","embeddable":true,"href":"https:\/\/garagegarage.pl\/en\/wp-json\/wp\/v2\/product_cat?post=34728"},{"taxonomy":"product_tag","embeddable":true,"href":"https:\/\/garagegarage.pl\/en\/wp-json\/wp\/v2\/product_tag?post=34728"}],"curies":[{"name":"wp","href":"https:\/\/api.w.org\/{rel}","templated":true}]}}