{"id":34730,"date":"2021-12-07T17:03:23","date_gmt":"2021-12-07T16:03:23","guid":{"rendered":"https:\/\/garagegarage.pl\/produkt\/litografia-esaias-thoren-bez-tytulu-1972\/"},"modified":"2023-11-14T16:51:29","modified_gmt":"2023-11-14T15:51:29","slug":"litografia-esaias-thoren-bez-tytulu-1972-2","status":"publish","type":"product","link":"https:\/\/garagegarage.pl\/en\/produkt\/litografia-esaias-thoren-bez-tytulu-1972-2\/","title":{"rendered":"Color Lithograph on Van Gelder Zonen Paper by Esaias Thor\u00e9n \u2013 1972"},"content":{"rendered":"<p>Esaias Thor\u00e9n, 1972<br \/>\nLithography on Van Gelder Zonen paper<br \/>\nThe number 300\/300<br \/>\nThis work is signed by the artist and has an individual number\u00a0(pencil)<br \/>\nWorking dimensions 52\/60<br \/>\nUnframed<\/p>\n<p>Theodor Esaias Thor\u00e9n was born in Halmstad in 1901, died in 1981. He was a Swedish painter, sculptor and designer. In 1925, Thor\u00e9n studied with the Swedish artist Carl Wilhelmsson in Stockholm, then in 1926 he went to Paris. He was one of the founders of the Halmstadgruppen group, an art collective founded in 1929. They included Sven Jonson, Waldemar Lorentzon, Stellan Marner and the brothers Axel and Erik Olson. In the early 1920s, Thor\u00e9n painted largely in a post-Cubist style, which more and more often incorporated surreal themes. In the late 1920s, Thoren&#8217;s work became very geometric and abstract as he became more involved with the avant-garde artist group Art Concret in Paris. In 1930 Thor\u00e9n participated in the exhibition Art Concret in Stockholm (International Utst\u00e4llning av Postkubistisk Konst) organized by the Swedish avant-garde artist and art critic Otto Gustaf Carsund. Thor\u00e9n exhibited extensively all over Sweden until 1965.<\/p>\n<p>Examples of Thor\u00e9n&#8217;s work are in the collections of the Moderna Mus\u00e9et (Museum of Modern Art) in Stockholm, the National Gallery of Art in New York, the National Gallery in Oslo, and the Gothenburg Art Museum, the Malm\u00f6 Museum, G\u00e4vle, \u00d6rebro and Halmstad. The works are also on display at the Institut Tessin (also known as Center Culturel Su\u00e9dois), which is a museum in Paris dedicated to the history of Franco-Swedish art exchange.<\/p>\n<p>Van Gelder Papier was a paper manufacturer that dates back to 1685. The company was based in Wormer, the Netherlands. This type of handmade paper is famous &#8211; especially in France &#8211; de Hollandde paper with the Van Gelder Zonen watermark.<\/p>\n<p>Piece in original vintage condition.<\/p>\n<p>&nbsp;<\/p>\n","protected":false},"excerpt":{"rendered":"<p>Esaias Thor\u00e9n, 1972 Lithography on Van Gelder Zonen paper The number 300\/300 This work is signed by the artist and has an individual number\u00a0(pencil) Working dimensions 52\/60 Unframed Theodor Esaias Thor\u00e9n was born in Halmstad in 1901, died in 1981. He was a Swedish painter, sculptor and designer. In 1925, Thor\u00e9n studied with the Swedish [&hellip;]<\/p>\n","protected":false},"featured_media":32585,"template":"","meta":{"_acf_changed":false},"product_brand":[],"product_cat":[2132,2125,2138],"product_tag":[],"class_list":{"0":"post-34730","1":"product","2":"type-product","3":"status-publish","4":"has-post-thumbnail","6":"product_cat-art","7":"product_cat-decor","8":"product_cat-mid-century-modern-en","9":"product_shipping_class-2407","10":"pa_pochodzenie-sweden","11":"pa_stan-original","12":"pa_szerokosc-60-en","13":"pa_wysokosc-52-en","15":"first","16":"outofstock","17":"shipping-taxable","18":"purchasable","19":"product-type-simple"},"acf":[],"_links":{"self":[{"href":"https:\/\/garagegarage.pl\/en\/wp-json\/wp\/v2\/product\/34730","targetHints":{"allow":["GET"]}}],"collection":[{"href":"https:\/\/garagegarage.pl\/en\/wp-json\/wp\/v2\/product"}],"about":[{"href":"https:\/\/garagegarage.pl\/en\/wp-json\/wp\/v2\/types\/product"}],"wp:featuredmedia":[{"embeddable":true,"href":"https:\/\/garagegarage.pl\/en\/wp-json\/wp\/v2\/media\/32585"}],"wp:attachment":[{"href":"https:\/\/garagegarage.pl\/en\/wp-json\/wp\/v2\/media?parent=34730"}],"wp:term":[{"taxonomy":"product_brand","embeddable":true,"href":"https:\/\/garagegarage.pl\/en\/wp-json\/wp\/v2\/product_brand?post=34730"},{"taxonomy":"product_cat","embeddable":true,"href":"https:\/\/garagegarage.pl\/en\/wp-json\/wp\/v2\/product_cat?post=34730"},{"taxonomy":"product_tag","embeddable":true,"href":"https:\/\/garagegarage.pl\/en\/wp-json\/wp\/v2\/product_tag?post=34730"}],"curies":[{"name":"wp","href":"https:\/\/api.w.org\/{rel}","templated":true}]}}