{"id":34732,"date":"2021-11-23T12:48:50","date_gmt":"2021-11-23T11:48:50","guid":{"rendered":"https:\/\/garagegarage.pl\/produkt\/litografia-kolorowa-paul-holsby-jordblomster-1960\/"},"modified":"2023-11-15T12:07:45","modified_gmt":"2023-11-15T11:07:45","slug":"litografia-kolorowa-paul-holsby-jordblomster-1960","status":"publish","type":"product","link":"https:\/\/garagegarage.pl\/en\/produkt\/litografia-kolorowa-paul-holsby-jordblomster-1960\/","title":{"rendered":"Vintage Color Lithograph by Paul Holsby \u2013 Jordblomster \u2013 Framed \u2013 1960"},"content":{"rendered":"<p>Paul Holsby, Jordblomster, 1960<br \/>\nColor lithography<br \/>\nNumber 86\/125<br \/>\nWork with the artist&#8217;s signature, title and individual number (in pencil)<br \/>\nWorking dimensions 68\/69<br \/>\nFramed<\/p>\n<p>Paul Holsby (1921 &#8211; 2007). He was Swedish and a graphic designer. He studied with Andr\u00e9 Lhote in Paris from 1948-1951. Together with artists Harry Roskvist and Gillis Sahlin, he founded the Sk\u00e5nsk trekl\u00f6ver art group in 1946. Holsby also exhibited separately several times in Paris, and in Germany, the USA and Canada. He was represented at the National Museum, Kalmar Art Museum, Norrbotten Museum, Eskilstuna Art Museum, Institut Tessin and Circle Saint Exup\u00e9ry in Tours.<\/p>\n<p>Piece in original vintage condition. Minor damage on paper.<\/p>\n","protected":false},"excerpt":{"rendered":"<p>Paul Holsby, Jordblomster, 1960 Color lithography Number 86\/125 Work with the artist&#8217;s signature, title and individual number (in pencil) Working dimensions 68\/69 Framed Paul Holsby (1921 &#8211; 2007). He was Swedish and a graphic designer. He studied with Andr\u00e9 Lhote in Paris from 1948-1951. Together with artists Harry Roskvist and Gillis Sahlin, he founded the [&hellip;]<\/p>\n","protected":false},"featured_media":32336,"template":"","meta":{"_acf_changed":false},"product_brand":[],"product_cat":[2132,2125,2138],"product_tag":[],"class_list":{"0":"post-34732","1":"product","2":"type-product","3":"status-publish","4":"has-post-thumbnail","6":"product_cat-art","7":"product_cat-decor","8":"product_cat-mid-century-modern-en","9":"product_shipping_class-2407","10":"pa_pochodzenie-sweden","11":"pa_stan-original","12":"pa_szerokosc-67-en","13":"pa_wysokosc-59-en","15":"first","16":"outofstock","17":"shipping-taxable","18":"purchasable","19":"product-type-simple"},"acf":[],"_links":{"self":[{"href":"https:\/\/garagegarage.pl\/en\/wp-json\/wp\/v2\/product\/34732","targetHints":{"allow":["GET"]}}],"collection":[{"href":"https:\/\/garagegarage.pl\/en\/wp-json\/wp\/v2\/product"}],"about":[{"href":"https:\/\/garagegarage.pl\/en\/wp-json\/wp\/v2\/types\/product"}],"wp:featuredmedia":[{"embeddable":true,"href":"https:\/\/garagegarage.pl\/en\/wp-json\/wp\/v2\/media\/32336"}],"wp:attachment":[{"href":"https:\/\/garagegarage.pl\/en\/wp-json\/wp\/v2\/media?parent=34732"}],"wp:term":[{"taxonomy":"product_brand","embeddable":true,"href":"https:\/\/garagegarage.pl\/en\/wp-json\/wp\/v2\/product_brand?post=34732"},{"taxonomy":"product_cat","embeddable":true,"href":"https:\/\/garagegarage.pl\/en\/wp-json\/wp\/v2\/product_cat?post=34732"},{"taxonomy":"product_tag","embeddable":true,"href":"https:\/\/garagegarage.pl\/en\/wp-json\/wp\/v2\/product_tag?post=34732"}],"curies":[{"name":"wp","href":"https:\/\/api.w.org\/{rel}","templated":true}]}}