{"id":34735,"date":"2021-06-18T12:25:33","date_gmt":"2021-06-18T10:25:33","guid":{"rendered":"https:\/\/garagegarage.pl\/produkt\/litografia-bjorn-ronnquist-kompozycja\/"},"modified":"2025-12-12T14:59:38","modified_gmt":"2025-12-12T13:59:38","slug":"litografia-bjorn-ronnquist-kompozycja-2","status":"publish","type":"product","link":"https:\/\/garagegarage.pl\/en\/produkt\/litografia-bjorn-ronnquist-kompozycja-2\/","title":{"rendered":"Vintage Lithograph by Bj\u00f6rn R\u00f6nnquist \u2013 Composition \u2013 Framed \u2013 1980s"},"content":{"rendered":"<p>Bj\u00f6rn R\u00f6nnquist, Composition, 1980s<br \/>\nLithography<br \/>\nThis work is signed by the artist.<br \/>\nSheet dimensions 41\/29<br \/>\nFramed<br \/>\nDimensions of the framed work 52\/40<\/p>\n<p>Bj\u00f6rn Gustaf R\u00f6nnquist (1948 &#8211; 2005). He was a Swedish painter, illustrator and glass maker. R\u00f6nnquist grew up in Stockholm but moved to Sk\u00e5ne in the 1980s. Before taking up glass and painting, he worked as a draftsman and illustrator. He designed a collection of glass items for Ikea, including the Karisma egg.<\/p>\n<p>Original vintage condition.<\/p>\n<p>The colors of the products shown in the photos may differ slightly from the actual ones. This is due to individual monitor settings and lighting conditions \u2013 the photos were taken in artificial light, which may affect the perception of colors. However, we strive to ensure that the photos reflect the actual appearance of the product as faithfully as possible. The offer may include photos of item in the living space, but these are for illustrative purposes only.<\/p>\n","protected":false},"excerpt":{"rendered":"<p>Bj\u00f6rn R\u00f6nnquist, Composition, 1980s Lithography This work is signed by the artist. Sheet dimensions 41\/29 Framed Dimensions of the framed work 52\/40 Bj\u00f6rn Gustaf R\u00f6nnquist (1948 &#8211; 2005). He was a Swedish painter, illustrator and glass maker. R\u00f6nnquist grew up in Stockholm but moved to Sk\u00e5ne in the 1980s. Before taking up glass and painting, [&hellip;]<\/p>\n","protected":false},"featured_media":31472,"template":"","meta":{"_acf_changed":false},"product_brand":[],"product_cat":[2132,2125,2138],"product_tag":[],"class_list":{"0":"post-34735","1":"product","2":"type-product","3":"status-publish","4":"has-post-thumbnail","6":"product_cat-art","7":"product_cat-decor","8":"product_cat-mid-century-modern-en","9":"product_shipping_class-2408","10":"pa_epoka-1980-1989-en","11":"pa_pochodzenie-sweden","12":"pa_stan-original","13":"pa_szerokosc-29-en","14":"pa_wysokosc-41-en","16":"first","17":"instock","18":"shipping-taxable","19":"purchasable","20":"product-type-simple"},"acf":[],"_links":{"self":[{"href":"https:\/\/garagegarage.pl\/en\/wp-json\/wp\/v2\/product\/34735","targetHints":{"allow":["GET"]}}],"collection":[{"href":"https:\/\/garagegarage.pl\/en\/wp-json\/wp\/v2\/product"}],"about":[{"href":"https:\/\/garagegarage.pl\/en\/wp-json\/wp\/v2\/types\/product"}],"wp:featuredmedia":[{"embeddable":true,"href":"https:\/\/garagegarage.pl\/en\/wp-json\/wp\/v2\/media\/31472"}],"wp:attachment":[{"href":"https:\/\/garagegarage.pl\/en\/wp-json\/wp\/v2\/media?parent=34735"}],"wp:term":[{"taxonomy":"product_brand","embeddable":true,"href":"https:\/\/garagegarage.pl\/en\/wp-json\/wp\/v2\/product_brand?post=34735"},{"taxonomy":"product_cat","embeddable":true,"href":"https:\/\/garagegarage.pl\/en\/wp-json\/wp\/v2\/product_cat?post=34735"},{"taxonomy":"product_tag","embeddable":true,"href":"https:\/\/garagegarage.pl\/en\/wp-json\/wp\/v2\/product_tag?post=34735"}],"curies":[{"name":"wp","href":"https:\/\/api.w.org\/{rel}","templated":true}]}}