{"id":34737,"date":"2021-06-18T12:23:12","date_gmt":"2021-06-18T10:23:12","guid":{"rendered":"https:\/\/garagegarage.pl\/produkt\/kolorowa-litografia-aino-myllykangas-heaven-the-dog-1993\/"},"modified":"2025-12-12T15:01:28","modified_gmt":"2025-12-12T14:01:28","slug":"kolorowa-litografia-aino-myllykangas-heaven-the-dog-1993","status":"publish","type":"product","link":"https:\/\/garagegarage.pl\/en\/produkt\/kolorowa-litografia-aino-myllykangas-heaven-the-dog-1993\/","title":{"rendered":"Vintage Color Lithograph by Aino Myllykangas \u2013 Heaven the Dog \u2013 Framed \u2013 1993"},"content":{"rendered":"<p>Aino Myllykangas, Heaven the dog, 1993<br \/>\nColor lithograph<br \/>\nNumber 126\/135<br \/>\nThis work is signed by the artist and has an individual number and title (pencil)<br \/>\nDimensions 49\/39<br \/>\nThis work is framed.<\/p>\n<p>Aino Myllykangas was born in 1948 in Oulainen, Finland. She lives and works in \u00c5kersberga. From an early age, her education was artistically oriented. She graduated in graphics from the Academy of Fine Arts and art history. Since the 1990s, her works have been exhibited in many Scandinavian galleries, e.g. Art Museum in Eskilstuna, V\u00e4ster\u00e5s, the Culture Committee in S\u00f6dert\u00e4lje and Stockholm County Council. She is a member of the Graphic Society.<\/p>\n<p>Original vintage condition.<\/p>\n<p>The colors of the products shown in the photos may differ slightly from the actual ones. This is due to individual monitor settings and lighting conditions \u2013 the photos were taken in artificial light, which may affect the perception of colors. However, we strive to ensure that the photos reflect the actual appearance of the product as faithfully as possible. The offer may include photos of item in the living space, but these are for illustrative purposes only.<\/p>\n","protected":false},"excerpt":{"rendered":"<p>Aino Myllykangas, Heaven the dog, 1993 Color lithograph Number 126\/135 This work is signed by the artist and has an individual number and title (pencil) Dimensions 49\/39 This work is framed. Aino Myllykangas was born in 1948 in Oulainen, Finland. She lives and works in \u00c5kersberga. From an early age, her education was artistically oriented. [&hellip;]<\/p>\n","protected":false},"featured_media":31470,"template":"","meta":{"_acf_changed":false},"product_brand":[],"product_cat":[2132,2125,2138],"product_tag":[],"class_list":{"0":"post-34737","1":"product","2":"type-product","3":"status-publish","4":"has-post-thumbnail","6":"product_cat-art","7":"product_cat-decor","8":"product_cat-mid-century-modern-en","9":"product_shipping_class-2408","10":"pa_pochodzenie-finland","11":"pa_stan-original","12":"pa_szerokosc-39-en","13":"pa_wysokosc-49-en","15":"first","16":"instock","17":"shipping-taxable","18":"purchasable","19":"product-type-simple"},"acf":[],"_links":{"self":[{"href":"https:\/\/garagegarage.pl\/en\/wp-json\/wp\/v2\/product\/34737","targetHints":{"allow":["GET"]}}],"collection":[{"href":"https:\/\/garagegarage.pl\/en\/wp-json\/wp\/v2\/product"}],"about":[{"href":"https:\/\/garagegarage.pl\/en\/wp-json\/wp\/v2\/types\/product"}],"wp:featuredmedia":[{"embeddable":true,"href":"https:\/\/garagegarage.pl\/en\/wp-json\/wp\/v2\/media\/31470"}],"wp:attachment":[{"href":"https:\/\/garagegarage.pl\/en\/wp-json\/wp\/v2\/media?parent=34737"}],"wp:term":[{"taxonomy":"product_brand","embeddable":true,"href":"https:\/\/garagegarage.pl\/en\/wp-json\/wp\/v2\/product_brand?post=34737"},{"taxonomy":"product_cat","embeddable":true,"href":"https:\/\/garagegarage.pl\/en\/wp-json\/wp\/v2\/product_cat?post=34737"},{"taxonomy":"product_tag","embeddable":true,"href":"https:\/\/garagegarage.pl\/en\/wp-json\/wp\/v2\/product_tag?post=34737"}],"curies":[{"name":"wp","href":"https:\/\/api.w.org\/{rel}","templated":true}]}}