{"id":34744,"date":"2021-05-18T14:04:55","date_gmt":"2021-05-18T12:04:55","guid":{"rendered":"https:\/\/garagegarage.pl\/produkt\/relief-z-kamionki-proj-svend-age-jensen-dla-soholm-stentoj-bornholm-dania-lata-60\/"},"modified":"2025-12-12T15:04:29","modified_gmt":"2025-12-12T14:04:29","slug":"relief-z-kamionki-proj-svend-age-jensen-dla-soholm-stentoj-bornholm-dania-lata-60","status":"publish","type":"product","link":"https:\/\/garagegarage.pl\/en\/produkt\/relief-z-kamionki-proj-svend-age-jensen-dla-soholm-stentoj-bornholm-dania-lata-60\/","title":{"rendered":"Vintage Scandinavian Decorative Ceramic Relief by Svend \u00c5age Jensen for S\u00f8holm, 1960s"},"content":{"rendered":"<p>This modernist relief was designed by Svend \u00c5age Jensen for the Danish manufacturer S\u00f8holm during the 1960s. Number 3509. Made of glazed stoneware in brown and green colors. The zoomorphic motif shows a heron.<\/p>\n<p>Svend \u00c5age Jensen (1918-80) was a glaze expert. At the age of 14, he started as a ceramics student, and over the years he developed his skills in the potter&#8217;s wheel and glass technique. He developed many projects for S\u00f8holm, where he worked from 1944 until his death. Known for various items made in the Sgrafitto technique and glossy glaze. The largest project was the Manilla pottery series from 1964.<\/p>\n<p>S\u00f8holm is the oldest pottery factory on the Bornholm, the Danish island. It was founded in 1835 in R\u00f8nne by Herman Sonne Wolffsen and Edvard Christian Sonne. During its existence, the factory has produced many iconic and highly collectable items. It closed in 1996 after 161 years of operation. Most of the pottery from S\u00f8holm after 1960 is stoneware, or stent\u00f8j in Danish. The word was inscribed or stamped on the object.<\/p>\n<p>This relief is in original vintage condition. It has a hook for mounting on the wall.<\/p>\n<p>The colors of the products shown in the photos may differ slightly from the actual ones. This is due to individual monitor settings and lighting conditions \u2013 the photos were taken in artificial light, which may affect the perception of colors. However, we strive to ensure that the photos reflect the actual appearance of the product as faithfully as possible. The offer may include photos of item in the living space, but these are for illustrative purposes only.<\/p>\n","protected":false},"excerpt":{"rendered":"<p>This modernist relief was designed by Svend \u00c5age Jensen for the Danish manufacturer S\u00f8holm during the 1960s. Number 3509. Made of glazed stoneware in brown and green colors. The zoomorphic motif shows a heron. Svend \u00c5age Jensen (1918-80) was a glaze expert. At the age of 14, he started as a ceramics student, and over [&hellip;]<\/p>\n","protected":false},"featured_media":31392,"template":"","meta":{"_acf_changed":false},"product_brand":[],"product_cat":[2125,2131,2136,2138],"product_tag":[],"class_list":{"0":"post-34744","1":"product","2":"type-product","3":"status-publish","4":"has-post-thumbnail","6":"product_cat-decor","7":"product_cat-glass-ceramics","8":"product_cat-hollywood-regency-en","9":"product_cat-mid-century-modern-en","10":"product_shipping_class-2408","11":"pa_epoka-1960-1969-en","12":"pa_manufaktura-soholm-en","13":"pa_material-ceramic","14":"pa_pochodzenie-denmark","15":"pa_projekt-svend-aage-jensen-en","16":"pa_stan-original","17":"pa_szerokosc-8-en","18":"pa_wysokosc-45-en","20":"first","21":"instock","22":"shipping-taxable","23":"purchasable","24":"product-type-simple"},"acf":[],"_links":{"self":[{"href":"https:\/\/garagegarage.pl\/en\/wp-json\/wp\/v2\/product\/34744","targetHints":{"allow":["GET"]}}],"collection":[{"href":"https:\/\/garagegarage.pl\/en\/wp-json\/wp\/v2\/product"}],"about":[{"href":"https:\/\/garagegarage.pl\/en\/wp-json\/wp\/v2\/types\/product"}],"wp:featuredmedia":[{"embeddable":true,"href":"https:\/\/garagegarage.pl\/en\/wp-json\/wp\/v2\/media\/31392"}],"wp:attachment":[{"href":"https:\/\/garagegarage.pl\/en\/wp-json\/wp\/v2\/media?parent=34744"}],"wp:term":[{"taxonomy":"product_brand","embeddable":true,"href":"https:\/\/garagegarage.pl\/en\/wp-json\/wp\/v2\/product_brand?post=34744"},{"taxonomy":"product_cat","embeddable":true,"href":"https:\/\/garagegarage.pl\/en\/wp-json\/wp\/v2\/product_cat?post=34744"},{"taxonomy":"product_tag","embeddable":true,"href":"https:\/\/garagegarage.pl\/en\/wp-json\/wp\/v2\/product_tag?post=34744"}],"curies":[{"name":"wp","href":"https:\/\/api.w.org\/{rel}","templated":true}]}}