{"id":34789,"date":"2021-03-31T17:28:43","date_gmt":"2021-03-31T15:28:43","guid":{"rendered":"https:\/\/garagegarage.pl\/produkt\/wazon-szklany-diamond-proj-asta-stromberg-dla-strombergshyttan-szwecja-lata-60\/"},"modified":"2025-12-12T15:14:05","modified_gmt":"2025-12-12T14:14:05","slug":"wazon-szklany-diamond-proj-asta-stromberg-dla-strombergshyttan-szwecja-lata-60-2","status":"publish","type":"product","link":"https:\/\/garagegarage.pl\/en\/produkt\/wazon-szklany-diamond-proj-asta-stromberg-dla-strombergshyttan-szwecja-lata-60-2\/","title":{"rendered":"Mid-Century Modern Glass Vase by Asta Str\u00f6mberg for Str\u00f6mbergshyttan, 1960s"},"content":{"rendered":"<p>This Diamond glass vase was designed by Asta Str\u00f6mberg for the Swedish glass factory Str\u00f6mbergshyttan during the 1960s. The vase is made of high-quality ice-blue thick glass. It creates very interesting visual effects due to the refraction of light on angular walls. The vase is a fine example of iconic mid-century Swedish design.<\/p>\n<p>Asta Str\u00f6mberg (1916\u20132011) was one of Sweden&#8217;s leading glass artists of the 20th century. She was an outstanding designer of thick-walled art glass with geometric shapes and classic expression. Her artistry is represented at the Swedish National Museum of Art and Design.<\/p>\n<p>This vase is in original vintage condition. It has a millimeter loss at the inlet and normal wear and tear.<\/p>\n<p>The colors of the products shown in the photos may differ slightly from the actual ones. This is due to individual monitor settings and lighting conditions \u2013 the photos were taken in artificial light, which may affect the perception of colors. However, we strive to ensure that the photos reflect the actual appearance of the product as faithfully as possible. The offer may include photos of item in the living space, but these are for illustrative purposes only.<\/p>\n","protected":false},"excerpt":{"rendered":"<p>This Diamond glass vase was designed by Asta Str\u00f6mberg for the Swedish glass factory Str\u00f6mbergshyttan during the 1960s. The vase is made of high-quality ice-blue thick glass. It creates very interesting visual effects due to the refraction of light on angular walls. The vase is a fine example of iconic mid-century Swedish design. Asta Str\u00f6mberg [&hellip;]<\/p>\n","protected":false},"featured_media":30964,"template":"","meta":{"_acf_changed":false},"product_brand":[],"product_cat":[2125,2131,2136,2138],"product_tag":[],"class_list":{"0":"post-34789","1":"product","2":"type-product","3":"status-publish","4":"has-post-thumbnail","6":"product_cat-decor","7":"product_cat-glass-ceramics","8":"product_cat-hollywood-regency-en","9":"product_cat-mid-century-modern-en","10":"product_shipping_class-2408","11":"pa_epoka-1960-1969-en","12":"pa_manufaktura-strombergshyttan-en","13":"pa_material-glass","14":"pa_pochodzenie-sweden","15":"pa_projekt-asta-stromberg-en","16":"pa_stan-original","17":"pa_szerokosc-11-en","18":"pa_wysokosc-16-en","20":"first","21":"instock","22":"shipping-taxable","23":"purchasable","24":"product-type-simple"},"acf":[],"_links":{"self":[{"href":"https:\/\/garagegarage.pl\/en\/wp-json\/wp\/v2\/product\/34789","targetHints":{"allow":["GET"]}}],"collection":[{"href":"https:\/\/garagegarage.pl\/en\/wp-json\/wp\/v2\/product"}],"about":[{"href":"https:\/\/garagegarage.pl\/en\/wp-json\/wp\/v2\/types\/product"}],"wp:featuredmedia":[{"embeddable":true,"href":"https:\/\/garagegarage.pl\/en\/wp-json\/wp\/v2\/media\/30964"}],"wp:attachment":[{"href":"https:\/\/garagegarage.pl\/en\/wp-json\/wp\/v2\/media?parent=34789"}],"wp:term":[{"taxonomy":"product_brand","embeddable":true,"href":"https:\/\/garagegarage.pl\/en\/wp-json\/wp\/v2\/product_brand?post=34789"},{"taxonomy":"product_cat","embeddable":true,"href":"https:\/\/garagegarage.pl\/en\/wp-json\/wp\/v2\/product_cat?post=34789"},{"taxonomy":"product_tag","embeddable":true,"href":"https:\/\/garagegarage.pl\/en\/wp-json\/wp\/v2\/product_tag?post=34789"}],"curies":[{"name":"wp","href":"https:\/\/api.w.org\/{rel}","templated":true}]}}