{"id":34808,"date":"2021-03-23T10:42:48","date_gmt":"2021-03-23T09:42:48","guid":{"rendered":"https:\/\/garagegarage.pl\/produkt\/figurka-porcelanowa-zubr-proj-mieczyslaw-naruszewicz-zaklady-porcelany-cmielow-lata-50\/"},"modified":"2022-05-20T15:13:52","modified_gmt":"2022-05-20T13:13:52","slug":"figurka-porcelanowa-zubr-proj-mieczyslaw-naruszewicz-zaklady-porcelany-cmielow-lata-50-2","status":"publish","type":"product","link":"https:\/\/garagegarage.pl\/en\/produkt\/figurka-porcelanowa-zubr-proj-mieczyslaw-naruszewicz-zaklady-porcelany-cmielow-lata-50-2\/","title":{"rendered":"Mid-Century Modern Polish Porcelain Bison Figurine by Mieczyslaw Naruszewicz from \u0106miel\u00f3w, 1960s"},"content":{"rendered":"<p>This porcelain Bison figurine was designed by Mieczys\u0142aw Naruszewicz for the Polish Porcelain Factory in \u0106miel\u00f3w during the 1960s. Bison is white, its back and legs are decorated with a blue grace. The figurine was finished in overglaze painting technique. On the back there is a green stamp with the letter &#8220;\u0106&#8221; in a triangle and the inscription:<em> \u0106MIEL\u00d3W MADE IN POLAND<\/em> and painting number: C-213-1092. The figures from \u0106miel\u00f3w represent the style of the so-called <em>New Look<\/em> or the <em>Thaw period<\/em>, characterized by biomorphic lines, asymmetry and abstract patterns.<\/p>\n<p>Mieczys\u0142aw Naruszewicz was born in 1923 in Warsaw. He died in 2006. He was a Polish artist, sculptor and industrial designer. He was one of the main designers of \u0106miel\u00f3w figurines at the Institute of Industrial Design. He is the author of 44 models. He primarily designed animal figures, with particular emphasis on birds. By simplifying the presented figures, he limited the number of points of support by joining the animals&#8217; limbs.<\/p>\n<p>The Porcelain Factory in \u0106miel\u00f3w belongs to one of the oldest Polish companies. The factory in \u0106miel\u00f3w was established in 1790 by a guild association of potters from \u0106miel\u00f3w and Opat\u00f3w. It gained great popularity in the mid-19th century. Even after World War II, as a state-owned enterprise, it delighted with its service patterns and figures. The company was privatized in 1997, and after merging with the factory in Chodzie\u017c in 2013, it is still very active.<\/p>\n<p>The figurine is in perfect vintage condition.<\/p>\n<p>&nbsp;<\/p>\n","protected":false},"excerpt":{"rendered":"<p>This porcelain Bison figurine was designed by Mieczys\u0142aw Naruszewicz for the Polish Porcelain Factory in \u0106miel\u00f3w during the 1960s. Bison is white, its back and legs are decorated with a blue grace. The figurine was finished in overglaze painting technique. On the back there is a green stamp with the letter &#8220;\u0106&#8221; in a triangle [&hellip;]<\/p>\n","protected":false},"featured_media":30809,"template":"","meta":{"_acf_changed":false},"product_brand":[],"product_cat":[2125,2131,2138],"product_tag":[],"class_list":{"0":"post-34808","1":"product","2":"type-product","3":"status-publish","4":"has-post-thumbnail","6":"product_cat-decor","7":"product_cat-glass-ceramics","8":"product_cat-mid-century-modern-en","9":"pa_epoka-1950-1959-en","10":"pa_manufaktura-zaklady-porcelany-cmielow-en","11":"pa_material-ceramic","12":"pa_pochodzenie-poland","13":"pa_projekt-mieczyslaw-naruszewicz-en","14":"pa_stan-original","15":"pa_szerokosc-6-en","16":"pa_wysokosc-12-en","18":"first","19":"outofstock","20":"shipping-taxable","21":"purchasable","22":"product-type-simple"},"acf":[],"_links":{"self":[{"href":"https:\/\/garagegarage.pl\/en\/wp-json\/wp\/v2\/product\/34808","targetHints":{"allow":["GET"]}}],"collection":[{"href":"https:\/\/garagegarage.pl\/en\/wp-json\/wp\/v2\/product"}],"about":[{"href":"https:\/\/garagegarage.pl\/en\/wp-json\/wp\/v2\/types\/product"}],"wp:featuredmedia":[{"embeddable":true,"href":"https:\/\/garagegarage.pl\/en\/wp-json\/wp\/v2\/media\/30809"}],"wp:attachment":[{"href":"https:\/\/garagegarage.pl\/en\/wp-json\/wp\/v2\/media?parent=34808"}],"wp:term":[{"taxonomy":"product_brand","embeddable":true,"href":"https:\/\/garagegarage.pl\/en\/wp-json\/wp\/v2\/product_brand?post=34808"},{"taxonomy":"product_cat","embeddable":true,"href":"https:\/\/garagegarage.pl\/en\/wp-json\/wp\/v2\/product_cat?post=34808"},{"taxonomy":"product_tag","embeddable":true,"href":"https:\/\/garagegarage.pl\/en\/wp-json\/wp\/v2\/product_tag?post=34808"}],"curies":[{"name":"wp","href":"https:\/\/api.w.org\/{rel}","templated":true}]}}