{"id":34832,"date":"2021-02-19T13:48:21","date_gmt":"2021-02-19T12:48:21","guid":{"rendered":"https:\/\/garagegarage.pl\/produkt\/oryginalny-plakat-na-90-urodziny-joan-miro-galeria-maeght-13-rue-de-teheran-paris-8-1983\/"},"modified":"2023-11-15T10:36:25","modified_gmt":"2023-11-15T09:36:25","slug":"oryginalny-plakat-na-90-urodziny-joan-miro-galeria-maeght-13-rue-de-teheran-paris-8-1983-2","status":"publish","type":"product","link":"https:\/\/garagegarage.pl\/en\/produkt\/oryginalny-plakat-na-90-urodziny-joan-miro-galeria-maeght-13-rue-de-teheran-paris-8-1983-2\/","title":{"rendered":"Vintage Poster by Joan Miro Exhibition \u2013 Galerie Maeght \u2013 13 Rue Tehran Paris 8 \u2013 1983"},"content":{"rendered":"<p>Exhibition poster of Joan Mir\u00f3&#8217;s works on the occasion of his 90th birthday.<br \/>\nGalerie Maeght, 13 rue de T\u00e9h\u00e9ran, Paris 8, 1983.<br \/>\nPoster by Joan Mir\u00f3, a Catalan painter, sculptor and ceramist. The surreal master is one of the most important Spanish artists of the 20th century and one of the greatest artists of contemporary art.<\/p>\n<p>Poster is in original vintage condition. Unframed.<\/p>\n","protected":false},"excerpt":{"rendered":"<p>Exhibition poster of Joan Mir\u00f3&#8217;s works on the occasion of his 90th birthday. Galerie Maeght, 13 rue de T\u00e9h\u00e9ran, Paris 8, 1983. Poster by Joan Mir\u00f3, a Catalan painter, sculptor and ceramist. The surreal master is one of the most important Spanish artists of the 20th century and one of the greatest artists of contemporary [&hellip;]<\/p>\n","protected":false},"featured_media":30617,"template":"","meta":{"_acf_changed":false},"product_brand":[],"product_cat":[2132,2125,2138],"product_tag":[],"class_list":{"0":"post-34832","1":"product","2":"type-product","3":"status-publish","4":"has-post-thumbnail","6":"product_cat-art","7":"product_cat-decor","8":"product_cat-mid-century-modern-en","9":"product_shipping_class-2407","10":"pa_pochodzenie-spain","11":"pa_stan-original","12":"pa_szerokosc-45-en","13":"pa_wysokosc-65-en","15":"first","16":"outofstock","17":"shipping-taxable","18":"purchasable","19":"product-type-simple"},"acf":[],"_links":{"self":[{"href":"https:\/\/garagegarage.pl\/en\/wp-json\/wp\/v2\/product\/34832","targetHints":{"allow":["GET"]}}],"collection":[{"href":"https:\/\/garagegarage.pl\/en\/wp-json\/wp\/v2\/product"}],"about":[{"href":"https:\/\/garagegarage.pl\/en\/wp-json\/wp\/v2\/types\/product"}],"wp:featuredmedia":[{"embeddable":true,"href":"https:\/\/garagegarage.pl\/en\/wp-json\/wp\/v2\/media\/30617"}],"wp:attachment":[{"href":"https:\/\/garagegarage.pl\/en\/wp-json\/wp\/v2\/media?parent=34832"}],"wp:term":[{"taxonomy":"product_brand","embeddable":true,"href":"https:\/\/garagegarage.pl\/en\/wp-json\/wp\/v2\/product_brand?post=34832"},{"taxonomy":"product_cat","embeddable":true,"href":"https:\/\/garagegarage.pl\/en\/wp-json\/wp\/v2\/product_cat?post=34832"},{"taxonomy":"product_tag","embeddable":true,"href":"https:\/\/garagegarage.pl\/en\/wp-json\/wp\/v2\/product_tag?post=34832"}],"curies":[{"name":"wp","href":"https:\/\/api.w.org\/{rel}","templated":true}]}}