{"id":34847,"date":"2021-02-18T12:44:36","date_gmt":"2021-02-18T11:44:36","guid":{"rendered":"https:\/\/garagegarage.pl\/produkt\/seriografia-peter-foeller-intermezzo-1990\/"},"modified":"2025-12-12T15:22:16","modified_gmt":"2025-12-12T14:22:16","slug":"seriografia-peter-foeller-intermezzo-1990","status":"publish","type":"product","link":"https:\/\/garagegarage.pl\/en\/produkt\/seriografia-peter-foeller-intermezzo-1990\/","title":{"rendered":"VINTAGE COLOR SERIGRAPH BY PETER FOELLER \u2013 Intermezzo \u2013 1990"},"content":{"rendered":"<p>Peter Foeller, Intermezzo, 1990<br \/>\nColor seriography.<br \/>\nNumber 91\/130<br \/>\nThis work is signed by the artist. It has a title, date and individual number<br \/>\nSheet dimensions 100\/75<br \/>\nWork dimensions 73\/55<br \/>\nUnframed<\/p>\n<p>Peter Foeller was born in 1945 and grew up in K\u00f6nigsbach. He studied at the Hochschule f\u00fcr Gestaltung in Pforzheim and the Hochschule der K\u00fcnste Berlin. Since then, his works have been exhibited all over the world. As a result, he is one of the most successful German artists in the country. It is not easy to describe the language of Foeller&#8217;s work. Art connoisseurs also argue over how to accurately classify his works. The artist opposes any hasty attempts to catalog and is opposed to pigeonholing. There is an important feature in his work, a recurring leitmotif, which art experts outline as synthetic principles of creating aesthetic order and disorder. Foeller&#8217;s life motto is the formation of extremely opposing pairs of opposites for which there are many symbolic names: clearly shaping constructive mind versus primal force, intellect versus emotion, reason versus mysticism, logic &#8211; illogicality, consciousness &#8211; unconsciousness. He treats the images as opposites, with a geometric and amorphous form, with sharp edges and a cloudy nebula, with steadfastness and liquid splashes, with stiffness and extraordinary vitality.<\/p>\n<p>Original vintage condition, minor marks.<\/p>\n<p>The colors of the products shown in the photos may differ slightly from the actual ones. This is due to individual monitor settings and lighting conditions \u2013 the photos were taken in artificial light, which may affect the perception of colors. However, we strive to ensure that the photos reflect the actual appearance of the product as faithfully as possible. The offer may include photos of item in the living space, but these are for illustrative purposes only.<\/p>\n<p>&nbsp;<\/p>\n","protected":false},"excerpt":{"rendered":"<p>Peter Foeller, Intermezzo, 1990 Color seriography. Number 91\/130 This work is signed by the artist. It has a title, date and individual number Sheet dimensions 100\/75 Work dimensions 73\/55 Unframed Peter Foeller was born in 1945 and grew up in K\u00f6nigsbach. He studied at the Hochschule f\u00fcr Gestaltung in Pforzheim and the Hochschule der K\u00fcnste [&hellip;]<\/p>\n","protected":false},"featured_media":30603,"template":"","meta":{"_acf_changed":false},"product_brand":[],"product_cat":[2132,2125,2138],"product_tag":[],"class_list":{"0":"post-34847","1":"product","2":"type-product","3":"status-publish","4":"has-post-thumbnail","6":"product_cat-art","7":"product_cat-decor","8":"product_cat-mid-century-modern-en","9":"product_shipping_class-2408","10":"pa_pochodzenie-germany","11":"pa_stan-original","12":"pa_szerokosc-75-en","13":"pa_wysokosc-100-en","15":"first","16":"instock","17":"shipping-taxable","18":"purchasable","19":"product-type-simple"},"acf":[],"_links":{"self":[{"href":"https:\/\/garagegarage.pl\/en\/wp-json\/wp\/v2\/product\/34847","targetHints":{"allow":["GET"]}}],"collection":[{"href":"https:\/\/garagegarage.pl\/en\/wp-json\/wp\/v2\/product"}],"about":[{"href":"https:\/\/garagegarage.pl\/en\/wp-json\/wp\/v2\/types\/product"}],"wp:featuredmedia":[{"embeddable":true,"href":"https:\/\/garagegarage.pl\/en\/wp-json\/wp\/v2\/media\/30603"}],"wp:attachment":[{"href":"https:\/\/garagegarage.pl\/en\/wp-json\/wp\/v2\/media?parent=34847"}],"wp:term":[{"taxonomy":"product_brand","embeddable":true,"href":"https:\/\/garagegarage.pl\/en\/wp-json\/wp\/v2\/product_brand?post=34847"},{"taxonomy":"product_cat","embeddable":true,"href":"https:\/\/garagegarage.pl\/en\/wp-json\/wp\/v2\/product_cat?post=34847"},{"taxonomy":"product_tag","embeddable":true,"href":"https:\/\/garagegarage.pl\/en\/wp-json\/wp\/v2\/product_tag?post=34847"}],"curies":[{"name":"wp","href":"https:\/\/api.w.org\/{rel}","templated":true}]}}