{"id":34851,"date":"2021-02-17T14:57:13","date_gmt":"2021-02-17T13:57:13","guid":{"rendered":"https:\/\/garagegarage.pl\/produkt\/obraz-na-pl\/"},"modified":"2023-11-15T13:16:53","modified_gmt":"2023-11-15T12:16:53","slug":"obraz-na-pl-2","status":"publish","type":"product","link":"https:\/\/garagegarage.pl\/en\/produkt\/obraz-na-pl-2\/","title":{"rendered":"Oil Painting on Canvas by Tomas Nordb\u00e4ck \u2013 Framed \u2013 1960s"},"content":{"rendered":"<p>Tomas Nordb\u00e4ck<br \/>\nOil on canvas<br \/>\nColorful abstraction<br \/>\nThis work is signed by the artist<\/p>\n<p>Tomas Nordb\u00e4ck (1938 &#8211; 2019). He was a Swedish painter and illustrator. Nordb\u00e4ck made his debut as an artist in 1957, he was active in Domsten near Helsingborg. He was one of the participants of the Differenterna art group in northwestern Scania. His works are, among others at the National Museum and the Swedish Art Council, as well as at the museums in Malm\u00f6, Lund, Landskrona and Helsingborg. He made several public decorations, including the F\u00e4rgf\u00f6nster for the City Hall in Helsingborg and \u00d6nskebrunnen in Sundstorget.<\/p>\n<p>This piece is in original vintage condition. It has minor scratches on the frame.<\/p>\n<p>&nbsp;<\/p>\n<p>&nbsp;<\/p>\n<p>&nbsp;<\/p>\n<p>&nbsp;<\/p>\n","protected":false},"excerpt":{"rendered":"<p>Tomas Nordb\u00e4ck Oil on canvas Colorful abstraction This work is signed by the artist Tomas Nordb\u00e4ck (1938 &#8211; 2019). He was a Swedish painter and illustrator. Nordb\u00e4ck made his debut as an artist in 1957, he was active in Domsten near Helsingborg. He was one of the participants of the Differenterna art group in northwestern [&hellip;]<\/p>\n","protected":false},"featured_media":30591,"template":"","meta":{"_acf_changed":false},"product_brand":[],"product_cat":[2132,2137,2138],"product_tag":[],"class_list":{"0":"post-34851","1":"product","2":"type-product","3":"status-publish","4":"has-post-thumbnail","6":"product_cat-art","7":"product_cat-industrial-brutalism","8":"product_cat-mid-century-modern-en","9":"product_shipping_class-2407","10":"pa_epoka-1960-1969-en","11":"pa_pochodzenie-sweden","12":"pa_stan-original","13":"pa_szerokosc-54-en","14":"pa_wysokosc-29-en","16":"first","17":"outofstock","18":"shipping-taxable","19":"purchasable","20":"product-type-simple"},"acf":[],"_links":{"self":[{"href":"https:\/\/garagegarage.pl\/en\/wp-json\/wp\/v2\/product\/34851","targetHints":{"allow":["GET"]}}],"collection":[{"href":"https:\/\/garagegarage.pl\/en\/wp-json\/wp\/v2\/product"}],"about":[{"href":"https:\/\/garagegarage.pl\/en\/wp-json\/wp\/v2\/types\/product"}],"wp:featuredmedia":[{"embeddable":true,"href":"https:\/\/garagegarage.pl\/en\/wp-json\/wp\/v2\/media\/30591"}],"wp:attachment":[{"href":"https:\/\/garagegarage.pl\/en\/wp-json\/wp\/v2\/media?parent=34851"}],"wp:term":[{"taxonomy":"product_brand","embeddable":true,"href":"https:\/\/garagegarage.pl\/en\/wp-json\/wp\/v2\/product_brand?post=34851"},{"taxonomy":"product_cat","embeddable":true,"href":"https:\/\/garagegarage.pl\/en\/wp-json\/wp\/v2\/product_cat?post=34851"},{"taxonomy":"product_tag","embeddable":true,"href":"https:\/\/garagegarage.pl\/en\/wp-json\/wp\/v2\/product_tag?post=34851"}],"curies":[{"name":"wp","href":"https:\/\/api.w.org\/{rel}","templated":true}]}}