{"id":34950,"date":"2020-10-23T15:22:28","date_gmt":"2020-10-23T13:22:28","guid":{"rendered":"https:\/\/garagegarage.pl\/produkt\/modernistyczny-fotel-skorzany-proj-karl-erik-ekselius\/"},"modified":"2026-02-19T14:32:22","modified_gmt":"2026-02-19T13:32:22","slug":"modernistyczny-fotel-skorzany-proj-karl-erik-ekselius-2","status":"publish","type":"product","link":"https:\/\/garagegarage.pl\/en\/produkt\/modernistyczny-fotel-skorzany-proj-karl-erik-ekselius-2\/","title":{"rendered":"Vintage Mid-Century Danish Modern Easy Chair Model 39 by Kai Lyngfeldt Larsen for S\u00f8ren Willadsen, 1960s"},"content":{"rendered":"<p>This rare model 39 armchair was designed by Kai Lyngfeldt Larsen for the Danish manufacturer S\u00f8ren Willadsen during the 1960s. The armchair is distinguished by its low profile and distinctive, almost architectural design. It features distinctive armrests and a gently sloping backrest, giving it a subtly sculptural character. The simple frame is crafted from solid wood. The frame is upholstered in cognac-colored genuine leather. This model features two loosely draped leather cushions with a natural and original patina.<\/p>\n<p>Kai Lyngfeldt Larsen was a distinguished Danish furniture designer whose work is defined by the combination of functional elegance and the highest quality natural materials. His designs are characterized by organic forms that harmoniously complement the solid construction. Although he is most associated with the S\u00f8ren Willadsen manufacturer, he also designed for brands such as S\u00f8borg M\u00f8belfabrik (e.g., the famous Model 501 armchair) and Bovirke (the Safari model).<\/p>\n<p>S\u00f8ren Willadsen was founded in 1904 by master carpenter S\u00f8ren Willadsen. Initially a small workshop, he began larger-scale production in 1912. In the 1930s and 1940s, the manufacturer established collaborations with design icons such as Finn Juhl, Nanna and J\u00f8rgen Ditzel, and Illum Wikkels\u00f8. Willadsen was known for his uncompromising approach to quality. The founder himself joked that if, as a young carpenter, he had attempted to create furniture as innovative as those designed by Finn Juhl, he would have been locked up, which underscored the avant-garde nature of the production. The brand&#8217;s legacy is so strong that a 2025 relaunch of the iconic Willadsen Series (originally SW 50), designed by Finn Juhl, was announced.<\/p>\n<p>The armchair is in original vintage condition. The leather shows numerous signs of age, including pigment changes, abrasions, scrapes and natural patina. The seat height is 44 cm. We have a total of three pieces of this model. The remaining two pieces are available in separate offers. Together, they create a beautiful set, as shown in the photos.<\/p>\n<p>The colors of the products shown in the photos may differ slightly from the actual ones. This is due to individual monitor settings and lighting conditions \u2013 the photos were taken in artificial light, which may affect the perception of colors. However, we strive to ensure that the photos reflect the actual appearance of the product as faithfully as possible. The offer may include photos of item in the living space, but these are for illustrative purposes only.<\/p>\n","protected":false},"excerpt":{"rendered":"<p>This rare model 39 armchair was designed by Kai Lyngfeldt Larsen for the Danish manufacturer S\u00f8ren Willadsen during the 1960s. The armchair is distinguished by its low profile and distinctive, almost architectural design. It features distinctive armrests and a gently sloping backrest, giving it a subtly sculptural character. The simple frame is crafted from solid [&hellip;]<\/p>\n","protected":false},"featured_media":29360,"template":"","meta":{"_acf_changed":false},"product_brand":[],"product_cat":[2148,2146,2137,2138],"product_tag":[],"class_list":{"0":"post-34950","1":"product","2":"type-product","3":"status-publish","4":"has-post-thumbnail","6":"product_cat-chairs-armchairs","7":"product_cat-furniture","8":"product_cat-industrial-brutalism","9":"product_cat-mid-century-modern-en","10":"product_shipping_class-1725-en","11":"pa_epoka-1960-1969-en","12":"pa_manufaktura-soren-willadsen-en","13":"pa_material-leather","14":"pa_material-wood","15":"pa_pochodzenie-denmark","16":"pa_projekt-kai-lyngfeldt-larsen-en","17":"pa_stan-original","18":"pa_szerokosc-66-en","19":"pa_wysokosc-76-en","21":"first","22":"instock","23":"shipping-taxable","24":"purchasable","25":"product-type-simple"},"acf":[],"_links":{"self":[{"href":"https:\/\/garagegarage.pl\/en\/wp-json\/wp\/v2\/product\/34950","targetHints":{"allow":["GET"]}}],"collection":[{"href":"https:\/\/garagegarage.pl\/en\/wp-json\/wp\/v2\/product"}],"about":[{"href":"https:\/\/garagegarage.pl\/en\/wp-json\/wp\/v2\/types\/product"}],"wp:featuredmedia":[{"embeddable":true,"href":"https:\/\/garagegarage.pl\/en\/wp-json\/wp\/v2\/media\/29360"}],"wp:attachment":[{"href":"https:\/\/garagegarage.pl\/en\/wp-json\/wp\/v2\/media?parent=34950"}],"wp:term":[{"taxonomy":"product_brand","embeddable":true,"href":"https:\/\/garagegarage.pl\/en\/wp-json\/wp\/v2\/product_brand?post=34950"},{"taxonomy":"product_cat","embeddable":true,"href":"https:\/\/garagegarage.pl\/en\/wp-json\/wp\/v2\/product_cat?post=34950"},{"taxonomy":"product_tag","embeddable":true,"href":"https:\/\/garagegarage.pl\/en\/wp-json\/wp\/v2\/product_tag?post=34950"}],"curies":[{"name":"wp","href":"https:\/\/api.w.org\/{rel}","templated":true}]}}