{"id":35051,"date":"2020-02-20T00:35:48","date_gmt":"2020-02-19T23:35:48","guid":{"rendered":"https:\/\/garagegarage.pl\/produkt\/chromowane-wieszaki-proj-c-aubock-dla-werkstatte-carl-aubock-austria-lata-70\/"},"modified":"2022-05-25T12:06:54","modified_gmt":"2022-05-25T10:06:54","slug":"chromowane-wieszaki-proj-c-aubock-dla-werkstatte-carl-aubock-austria-lata-70-2","status":"publish","type":"product","link":"https:\/\/garagegarage.pl\/en\/produkt\/chromowane-wieszaki-proj-c-aubock-dla-werkstatte-carl-aubock-austria-lata-70-2\/","title":{"rendered":"Chrome Plated Brass Hangers by Carl Aub\u00f6ck for Werkst\u00e4tte Carl Aub\u00f6ck, 1970s, Set of 6"},"content":{"rendered":"<p>This set of six beautiful chrome-plated brass hangers was designed an executed by Carl Aub\u00f6ck and produced in Austria, Vienna during the 1970s. These are very solid and stylish pieces in excellent condition with minor traces of age, minor scratches.<\/p>\n","protected":false},"excerpt":{"rendered":"<p>This set of six beautiful chrome-plated brass hangers was designed an executed by Carl Aub\u00f6ck and produced in Austria, Vienna during the 1970s. These are very solid and stylish pieces in excellent condition with minor traces of age, minor scratches.<\/p>\n","protected":false},"featured_media":28566,"template":"","meta":{"_acf_changed":false},"product_brand":[],"product_cat":[2125,2136,2138,2139,2129],"product_tag":[],"class_list":{"0":"post-35051","1":"product","2":"type-product","3":"status-publish","4":"has-post-thumbnail","6":"product_cat-decor","7":"product_cat-hollywood-regency-en","8":"product_cat-mid-century-modern-en","9":"product_cat-minimalism-postmodern","10":"product_cat-other","11":"pa_epoka-1970-1979-en","12":"pa_manufaktura-werkstatte-carl-aubock-en","13":"pa_material-metal-en","14":"pa_pochodzenie-austria-en","15":"pa_projekt-carl-aubock-en","16":"pa_stan-original","17":"pa_szerokosc-42-en","18":"pa_wysokosc-23-en","20":"first","21":"outofstock","22":"shipping-taxable","23":"purchasable","24":"product-type-simple"},"acf":[],"_links":{"self":[{"href":"https:\/\/garagegarage.pl\/en\/wp-json\/wp\/v2\/product\/35051","targetHints":{"allow":["GET"]}}],"collection":[{"href":"https:\/\/garagegarage.pl\/en\/wp-json\/wp\/v2\/product"}],"about":[{"href":"https:\/\/garagegarage.pl\/en\/wp-json\/wp\/v2\/types\/product"}],"wp:featuredmedia":[{"embeddable":true,"href":"https:\/\/garagegarage.pl\/en\/wp-json\/wp\/v2\/media\/28566"}],"wp:attachment":[{"href":"https:\/\/garagegarage.pl\/en\/wp-json\/wp\/v2\/media?parent=35051"}],"wp:term":[{"taxonomy":"product_brand","embeddable":true,"href":"https:\/\/garagegarage.pl\/en\/wp-json\/wp\/v2\/product_brand?post=35051"},{"taxonomy":"product_cat","embeddable":true,"href":"https:\/\/garagegarage.pl\/en\/wp-json\/wp\/v2\/product_cat?post=35051"},{"taxonomy":"product_tag","embeddable":true,"href":"https:\/\/garagegarage.pl\/en\/wp-json\/wp\/v2\/product_tag?post=35051"}],"curies":[{"name":"wp","href":"https:\/\/api.w.org\/{rel}","templated":true}]}}