{"id":35345,"date":"2019-10-10T14:38:54","date_gmt":"2019-10-10T12:38:54","guid":{"rendered":"https:\/\/garagegarage.pl\/produkt\/fotel-mid-century-modern-proj-t-agdal-dla-bruksbo-nesjestranda-mobelfabrik-norwegia-lata-60\/"},"modified":"2026-02-03T11:44:59","modified_gmt":"2026-02-03T10:44:59","slug":"fotel-mid-century-modern-proj-t-agdal-dla-bruksbo-nesjestranda-mobelfabrik-norwegia-lata-60-2","status":"publish","type":"product","link":"https:\/\/garagegarage.pl\/en\/produkt\/fotel-mid-century-modern-proj-t-agdal-dla-bruksbo-nesjestranda-mobelfabrik-norwegia-lata-60-2\/","title":{"rendered":"Vintage Mid-Century Modern Elm Wing Master Chair by Thorbj\u00f6rn Afdal for Bruksbo, 1960s"},"content":{"rendered":"<p>This impressive armchair with a headrest, was designed by Torbj\u00f8rn Afdal and made in Norway by Bruksbo Nesjestranda M\u00f8belfabrik during the 1960s. The armchair has an organic silhouette characteristic of Scandinavian Mid-Century Modern designs. It is a rare model, cataloged under the Master name. The wooden frame is made of solid elm. The upholstery is a vibrant coral orange, making this armchair a focal point in any interior. Due to its raised and curved headrest, this type of armchair is known as a wing chair or wingback chair. It is one of the most comfortable armchair types. This model was assigned based on archival documentation from the Nesjestranda M\u00f8belfabrik catalog.<\/p>\n<p>The armchair is in very good condition, with a natural patina and minor abrasions, scrapes on the fabric. There is a fabric defect on the underside of the cushion (not visible when in use).<\/p>\n<p>The colors of the products shown in the photos may differ slightly from the actual ones. This is due to individual monitor settings and lighting conditions \u2013 the photos were taken in artificial light, which may affect the perception of colors. However, we strive to ensure that the photos reflect the actual appearance of the product as faithfully as possible. The offer may include photos of item in the living space, but these are for illustrative purposes only.<\/p>\n","protected":false},"excerpt":{"rendered":"<p>This impressive armchair with a headrest, was designed by Torbj\u00f8rn Afdal and made in Norway by Bruksbo Nesjestranda M\u00f8belfabrik during the 1960s. The armchair has an organic silhouette characteristic of Scandinavian Mid-Century Modern designs. It is a rare model, cataloged under the Master name. The wooden frame is made of solid elm. The upholstery is [&hellip;]<\/p>\n","protected":false},"featured_media":25244,"template":"","meta":{"_acf_changed":false},"product_brand":[],"product_cat":[2148,2146,2138],"product_tag":[],"class_list":{"0":"post-35345","1":"product","2":"type-product","3":"status-publish","4":"has-post-thumbnail","6":"product_cat-chairs-armchairs","7":"product_cat-furniture","8":"product_cat-mid-century-modern-en","9":"product_shipping_class-4029","10":"pa_epoka-1960-1969-en","11":"pa_manufaktura-bruksbo-nesjestranda-mobelfabrik-en-2","12":"pa_material-fabric","13":"pa_material-wood","14":"pa_pochodzenie-norway","15":"pa_projekt-thorbjorn-afdal-en","16":"pa_stan-partially-restored","17":"pa_szerokosc-73-en","18":"pa_wysokosc-101-en","20":"first","21":"instock","22":"shipping-taxable","23":"purchasable","24":"product-type-simple"},"acf":[],"_links":{"self":[{"href":"https:\/\/garagegarage.pl\/en\/wp-json\/wp\/v2\/product\/35345","targetHints":{"allow":["GET"]}}],"collection":[{"href":"https:\/\/garagegarage.pl\/en\/wp-json\/wp\/v2\/product"}],"about":[{"href":"https:\/\/garagegarage.pl\/en\/wp-json\/wp\/v2\/types\/product"}],"wp:featuredmedia":[{"embeddable":true,"href":"https:\/\/garagegarage.pl\/en\/wp-json\/wp\/v2\/media\/25244"}],"wp:attachment":[{"href":"https:\/\/garagegarage.pl\/en\/wp-json\/wp\/v2\/media?parent=35345"}],"wp:term":[{"taxonomy":"product_brand","embeddable":true,"href":"https:\/\/garagegarage.pl\/en\/wp-json\/wp\/v2\/product_brand?post=35345"},{"taxonomy":"product_cat","embeddable":true,"href":"https:\/\/garagegarage.pl\/en\/wp-json\/wp\/v2\/product_cat?post=35345"},{"taxonomy":"product_tag","embeddable":true,"href":"https:\/\/garagegarage.pl\/en\/wp-json\/wp\/v2\/product_tag?post=35345"}],"curies":[{"name":"wp","href":"https:\/\/api.w.org\/{rel}","templated":true}]}}