{"id":35402,"date":"2022-03-22T11:42:18","date_gmt":"2022-03-22T10:42:18","guid":{"rendered":"https:\/\/garagegarage.pl\/produkt\/fotel-proj-grete-jalk\/"},"modified":"2022-06-08T11:48:18","modified_gmt":"2022-06-08T09:48:18","slug":"fotel-proj-grete-jalk-2","status":"publish","type":"product","link":"https:\/\/garagegarage.pl\/en\/produkt\/fotel-proj-grete-jalk-2\/","title":{"rendered":"Vintage Mid-Century Danish Modern Teak GM-5 Easy Chairs by Svend \u00c5ge Eriksen for Glostrup M\u00f8belfabrik, 1960s"},"content":{"rendered":"<p>This elegant GM-5 modernist armchair was designed by Svenda \u00c5ge Eriksen for the Danish manufacture Glostrup M\u00f8belfabrik during the 1960s. This armchair comes from the first years of production. It has a solid teak frame (Bangkok Teak) and carved armrests that showcase the craftsmanship of the entire design. This armchair has a clear, certain shape. It has two loose cushions in natural leather with an original patina. The chair can be admired from any angle. It is a classic of Danish design from Mid-Century Modern era.<\/p>\n<p>This armchair is in original vintage condition. It has signs of wear due to age and a natural patina.<\/p>\n<p>Source: Furniture Index &#8211; Design Museum Danmark, The furniture fair Denmark 1963, The Danish Museum of Decorative Art, Library Danish Furniture, Furnituremakers Danish Control, 1964, Designmuseum Danmark Library (I 17528: 14).<\/p>\n","protected":false},"excerpt":{"rendered":"<p>This elegant GM-5 modernist armchair was designed by Svenda \u00c5ge Eriksen for the Danish manufacture Glostrup M\u00f8belfabrik during the 1960s. This armchair comes from the first years of production. It has a solid teak frame (Bangkok Teak) and carved armrests that showcase the craftsmanship of the entire design. This armchair has a clear, certain shape. [&hellip;]<\/p>\n","protected":false},"featured_media":33770,"template":"","meta":{"_acf_changed":false},"product_brand":[],"product_cat":[2148,2146,2137,2138],"product_tag":[],"class_list":{"0":"post-35402","1":"product","2":"type-product","3":"status-publish","4":"has-post-thumbnail","6":"product_cat-chairs-armchairs","7":"product_cat-furniture","8":"product_cat-industrial-brutalism","9":"product_cat-mid-century-modern-en","10":"product_shipping_class-975-en","11":"pa_epoka-1960-1969-en","12":"pa_manufaktura-glostrup-mobelfabrik-en","13":"pa_material-leather","14":"pa_material-wood","15":"pa_pochodzenie-denmark","16":"pa_projekt-svend-age-eriksen-en","17":"pa_stan-original","18":"pa_szerokosc-72-en","19":"pa_wysokosc-71-en","21":"first","22":"outofstock","23":"sold-individually","24":"purchasable","25":"product-type-simple"},"acf":[],"_links":{"self":[{"href":"https:\/\/garagegarage.pl\/en\/wp-json\/wp\/v2\/product\/35402","targetHints":{"allow":["GET"]}}],"collection":[{"href":"https:\/\/garagegarage.pl\/en\/wp-json\/wp\/v2\/product"}],"about":[{"href":"https:\/\/garagegarage.pl\/en\/wp-json\/wp\/v2\/types\/product"}],"wp:featuredmedia":[{"embeddable":true,"href":"https:\/\/garagegarage.pl\/en\/wp-json\/wp\/v2\/media\/33770"}],"wp:attachment":[{"href":"https:\/\/garagegarage.pl\/en\/wp-json\/wp\/v2\/media?parent=35402"}],"wp:term":[{"taxonomy":"product_brand","embeddable":true,"href":"https:\/\/garagegarage.pl\/en\/wp-json\/wp\/v2\/product_brand?post=35402"},{"taxonomy":"product_cat","embeddable":true,"href":"https:\/\/garagegarage.pl\/en\/wp-json\/wp\/v2\/product_cat?post=35402"},{"taxonomy":"product_tag","embeddable":true,"href":"https:\/\/garagegarage.pl\/en\/wp-json\/wp\/v2\/product_tag?post=35402"}],"curies":[{"name":"wp","href":"https:\/\/api.w.org\/{rel}","templated":true}]}}