{"id":35411,"date":"2019-05-20T11:42:10","date_gmt":"2019-05-20T09:42:10","guid":{"rendered":"https:\/\/garagegarage.pl\/produkt\/sofa-proj-pethrus-lindlof\/"},"modified":"2022-06-01T16:15:31","modified_gmt":"2022-06-01T14:15:31","slug":"sofa-proj-pethrus-lindlof-2","status":"publish","type":"product","link":"https:\/\/garagegarage.pl\/en\/produkt\/sofa-proj-pethrus-lindlof-2\/","title":{"rendered":"Vintage Minimalist Elegant Leather Tubular Sofa by Pethrus Lindl\u00f6f for Lindl\u00f6fs M\u00f6ller, 1970s"},"content":{"rendered":"<p>This two-seater elegant couch was designed by Pethrus Lindl\u00f6f and produced by AB Lindl\u00f6fs M\u00f6bler Lammhults in Sweden during the 1970s. The frame is made from tubular chromed steel. Removable cushions were upholstered in genuine black leather with natural patina. It underlines the contrast between the softness seat and the rigidity of the metal structure. The back of this piece is linear, making this sofa ideal for placing centrally in a space to be best appreciated. It is a minimal design, created in consonance with Bauhaus-Schule ideas.<\/p>\n<p>&nbsp;<\/p>\n<p>This sofa is in original vintage condition.<\/p>\n","protected":false},"excerpt":{"rendered":"<p>This two-seater elegant couch was designed by Pethrus Lindl\u00f6f and produced by AB Lindl\u00f6fs M\u00f6bler Lammhults in Sweden during the 1970s. The frame is made from tubular chromed steel. Removable cushions were upholstered in genuine black leather with natural patina. It underlines the contrast between the softness seat and the rigidity of the metal structure. [&hellip;]<\/p>\n","protected":false},"featured_media":25208,"template":"","meta":{"_acf_changed":false},"product_brand":[],"product_cat":[2135,2149,2146,2138],"product_tag":[],"class_list":{"0":"post-35411","1":"product","2":"type-product","3":"status-publish","4":"has-post-thumbnail","6":"product_cat-bauhaus-en","7":"product_cat-couches","8":"product_cat-furniture","9":"product_cat-mid-century-modern-en","10":"product_shipping_class-2411","11":"pa_epoka-1970-1979-en","12":"pa_manufaktura-ab-lindlofs-mobler-lammhults-en-2","13":"pa_material-leather","14":"pa_material-metal-en","15":"pa_pochodzenie-sweden","16":"pa_projekt-pethrus-lindlof-en","17":"pa_stan-original","18":"pa_szerokosc-185-en","19":"pa_wysokosc-65-en","21":"first","22":"outofstock","23":"sold-individually","24":"purchasable","25":"product-type-simple"},"acf":[],"_links":{"self":[{"href":"https:\/\/garagegarage.pl\/en\/wp-json\/wp\/v2\/product\/35411","targetHints":{"allow":["GET"]}}],"collection":[{"href":"https:\/\/garagegarage.pl\/en\/wp-json\/wp\/v2\/product"}],"about":[{"href":"https:\/\/garagegarage.pl\/en\/wp-json\/wp\/v2\/types\/product"}],"wp:featuredmedia":[{"embeddable":true,"href":"https:\/\/garagegarage.pl\/en\/wp-json\/wp\/v2\/media\/25208"}],"wp:attachment":[{"href":"https:\/\/garagegarage.pl\/en\/wp-json\/wp\/v2\/media?parent=35411"}],"wp:term":[{"taxonomy":"product_brand","embeddable":true,"href":"https:\/\/garagegarage.pl\/en\/wp-json\/wp\/v2\/product_brand?post=35411"},{"taxonomy":"product_cat","embeddable":true,"href":"https:\/\/garagegarage.pl\/en\/wp-json\/wp\/v2\/product_cat?post=35411"},{"taxonomy":"product_tag","embeddable":true,"href":"https:\/\/garagegarage.pl\/en\/wp-json\/wp\/v2\/product_tag?post=35411"}],"curies":[{"name":"wp","href":"https:\/\/api.w.org\/{rel}","templated":true}]}}