{"id":35768,"date":"2019-05-20T11:41:22","date_gmt":"2019-05-20T09:41:22","guid":{"rendered":"https:\/\/garagegarage.pl\/produkt\/dunska-komoda-borge-seindal\/"},"modified":"2022-06-10T11:02:26","modified_gmt":"2022-06-10T09:02:26","slug":"dunska-komoda-borge-seindal-2","status":"publish","type":"product","link":"https:\/\/garagegarage.pl\/en\/produkt\/dunska-komoda-borge-seindal-2\/","title":{"rendered":"Vintage Mid-Century Danish Modern Teak Veneer Cabinet by B\u00f8rge Seindal for Westergaard M\u00f8belfabrik, 1968"},"content":{"rendered":"<p>This modern chest with drawers was designed by B\u00f8rge Seindal for Westergaard M\u00f8belfabrik, Silkeborg and manufactured in Denmark, 1968. It is veneered with teak. It features seven drawers with teak handles.<\/p>\n<p>This piece is in original vintage condition with traces of use: some chips of veneer.<\/p>\n","protected":false},"excerpt":{"rendered":"<p>This modern chest with drawers was designed by B\u00f8rge Seindal for Westergaard M\u00f8belfabrik, Silkeborg and manufactured in Denmark, 1968. It is veneered with teak. It features seven drawers with teak handles. This piece is in original vintage condition with traces of use: some chips of veneer.<\/p>\n","protected":false},"featured_media":25111,"template":"","meta":{"_acf_changed":false},"product_brand":[],"product_cat":[2146,2138,2147],"product_tag":[],"class_list":{"0":"post-35768","1":"product","2":"type-product","3":"status-publish","4":"has-post-thumbnail","6":"product_cat-furniture","7":"product_cat-mid-century-modern-en","8":"product_cat-sideboards-cabinets","9":"pa_epoka-1960-1969-en","10":"pa_manufaktura-westergaard-mobelfabrik-silkeborg-en","11":"pa_material-wood","12":"pa_pochodzenie-denmark","13":"pa_projekt-borge-seindal-en","14":"pa_stan-original","15":"pa_szerokosc-76-en","16":"pa_wysokosc-110-en","18":"first","19":"outofstock","20":"sold-individually","21":"purchasable","22":"product-type-simple"},"acf":[],"_links":{"self":[{"href":"https:\/\/garagegarage.pl\/en\/wp-json\/wp\/v2\/product\/35768","targetHints":{"allow":["GET"]}}],"collection":[{"href":"https:\/\/garagegarage.pl\/en\/wp-json\/wp\/v2\/product"}],"about":[{"href":"https:\/\/garagegarage.pl\/en\/wp-json\/wp\/v2\/types\/product"}],"wp:featuredmedia":[{"embeddable":true,"href":"https:\/\/garagegarage.pl\/en\/wp-json\/wp\/v2\/media\/25111"}],"wp:attachment":[{"href":"https:\/\/garagegarage.pl\/en\/wp-json\/wp\/v2\/media?parent=35768"}],"wp:term":[{"taxonomy":"product_brand","embeddable":true,"href":"https:\/\/garagegarage.pl\/en\/wp-json\/wp\/v2\/product_brand?post=35768"},{"taxonomy":"product_cat","embeddable":true,"href":"https:\/\/garagegarage.pl\/en\/wp-json\/wp\/v2\/product_cat?post=35768"},{"taxonomy":"product_tag","embeddable":true,"href":"https:\/\/garagegarage.pl\/en\/wp-json\/wp\/v2\/product_tag?post=35768"}],"curies":[{"name":"wp","href":"https:\/\/api.w.org\/{rel}","templated":true}]}}