{"id":35873,"date":"2019-05-20T11:41:14","date_gmt":"2019-05-20T09:41:14","guid":{"rendered":"https:\/\/garagegarage.pl\/produkt\/komplet-szesciu-krzesel\/"},"modified":"2022-06-20T15:26:10","modified_gmt":"2022-06-20T13:26:10","slug":"komplet-szesciu-krzesel","status":"publish","type":"product","link":"https:\/\/garagegarage.pl\/en\/produkt\/komplet-szesciu-krzesel\/","title":{"rendered":"Vintage Mid-Century Modern Polish Beech Chairs model 1038 by M. Grabi\u0144ski for Swarz\u0119dzka Fabryka Mebli, 1960s, Set of 6"},"content":{"rendered":"<p>This set of six Polish chairs was manufactured in Swarz\u0119dzka Fabryka Mebli during the 1960s. The chairs are part of a table set, Type 1038, which was designed by ZPM under the supervision of architect Marian Grabi\u0144ski. They have a very nice profile, and their form refers to Scandinavian projects from the Mid-Century Modern era. The chairs are made of solid beech wood finished in a honey gloss.<\/p>\n<p>This set is in very good vintage condition. The upholstery has been replaced with black vinyl.<\/p>\n","protected":false},"excerpt":{"rendered":"<p>This set of six Polish chairs was manufactured in Swarz\u0119dzka Fabryka Mebli during the 1960s. The chairs are part of a table set, Type 1038, which was designed by ZPM under the supervision of architect Marian Grabi\u0144ski. They have a very nice profile, and their form refers to Scandinavian projects from the Mid-Century Modern era. [&hellip;]<\/p>\n","protected":false},"featured_media":25365,"template":"","meta":{"_acf_changed":false},"product_brand":[],"product_cat":[2148,2146,2138],"product_tag":[],"class_list":{"0":"post-35873","1":"product","2":"type-product","3":"status-publish","4":"has-post-thumbnail","6":"product_cat-chairs-armchairs","7":"product_cat-furniture","8":"product_cat-mid-century-modern-en","9":"pa_epoka-1960-1969-en","10":"pa_manufaktura-swarzedzkie-fabryki-mebli-en","11":"pa_material-artificial-leather","12":"pa_material-wood","13":"pa_pochodzenie-poland","14":"pa_projekt-marian-grabinski-en","15":"pa_stan-partially-restored","16":"pa_szerokosc-46-en","17":"pa_wysokosc-86-en","19":"first","20":"outofstock","21":"sold-individually","22":"purchasable","23":"product-type-simple"},"acf":[],"_links":{"self":[{"href":"https:\/\/garagegarage.pl\/en\/wp-json\/wp\/v2\/product\/35873","targetHints":{"allow":["GET"]}}],"collection":[{"href":"https:\/\/garagegarage.pl\/en\/wp-json\/wp\/v2\/product"}],"about":[{"href":"https:\/\/garagegarage.pl\/en\/wp-json\/wp\/v2\/types\/product"}],"wp:featuredmedia":[{"embeddable":true,"href":"https:\/\/garagegarage.pl\/en\/wp-json\/wp\/v2\/media\/25365"}],"wp:attachment":[{"href":"https:\/\/garagegarage.pl\/en\/wp-json\/wp\/v2\/media?parent=35873"}],"wp:term":[{"taxonomy":"product_brand","embeddable":true,"href":"https:\/\/garagegarage.pl\/en\/wp-json\/wp\/v2\/product_brand?post=35873"},{"taxonomy":"product_cat","embeddable":true,"href":"https:\/\/garagegarage.pl\/en\/wp-json\/wp\/v2\/product_cat?post=35873"},{"taxonomy":"product_tag","embeddable":true,"href":"https:\/\/garagegarage.pl\/en\/wp-json\/wp\/v2\/product_tag?post=35873"}],"curies":[{"name":"wp","href":"https:\/\/api.w.org\/{rel}","templated":true}]}}