{"id":35877,"date":"2019-05-20T11:41:05","date_gmt":"2019-05-20T09:41:05","guid":{"rendered":"https:\/\/garagegarage.pl\/produkt\/finskie-biurko-z-lat-50\/"},"modified":"2022-06-15T16:12:03","modified_gmt":"2022-06-15T14:12:03","slug":"finskie-biurko-z-lat-50-2","status":"publish","type":"product","link":"https:\/\/garagegarage.pl\/en\/produkt\/finskie-biurko-z-lat-50-2\/","title":{"rendered":"Vintage Rare Finnish Teak Desk with Op-Art Hand Painted Harlequin Pattern from A. Ahlstr\u00f6m Osakeyhti\u00f6 Warkaus, 1950s"},"content":{"rendered":"<p>This elegant desk was created in Finland by A. Ahlstr\u00f6m Osakeyhti\u00f6 Warkaus during the 1950s. This very rare model is made from teak. The front drawers are with a Op-Art hand painted Harlequin pattern in black and white. The one brass key included opens all locks. The top has a irregular form and beautiful graining. Under the main top is a extendible, assistant top. The desk is double sided, it can stand in the middle of the room. It has a shelf on the back.<\/p>\n<p>This desk is in vintage condition with normal traces of use: wear inside drawers. little scrapes.<\/p>\n","protected":false},"excerpt":{"rendered":"<p>This elegant desk was created in Finland by A. Ahlstr\u00f6m Osakeyhti\u00f6 Warkaus during the 1950s. This very rare model is made from teak. The front drawers are with a Op-Art hand painted Harlequin pattern in black and white. The one brass key included opens all locks. The top has a irregular form and beautiful graining. [&hellip;]<\/p>\n","protected":false},"featured_media":25351,"template":"","meta":{"_acf_changed":false},"product_brand":[],"product_cat":[2146,2151,2140],"product_tag":[],"class_list":{"0":"post-35877","1":"product","2":"type-product","3":"status-publish","4":"has-post-thumbnail","6":"product_cat-furniture","7":"product_cat-tables-desks","8":"product_cat-upcycled-vintage","9":"pa_epoka-1950-1959-en","10":"pa_manufaktura-a-ahlstrom-osakeyhtio-warkaus-en-2","11":"pa_material-wood","12":"pa_pochodzenie-finland","13":"pa_stan-partially-restored","14":"pa_szerokosc-125-en","15":"pa_wysokosc-75-en","17":"first","18":"outofstock","19":"sold-individually","20":"purchasable","21":"product-type-simple"},"acf":[],"_links":{"self":[{"href":"https:\/\/garagegarage.pl\/en\/wp-json\/wp\/v2\/product\/35877","targetHints":{"allow":["GET"]}}],"collection":[{"href":"https:\/\/garagegarage.pl\/en\/wp-json\/wp\/v2\/product"}],"about":[{"href":"https:\/\/garagegarage.pl\/en\/wp-json\/wp\/v2\/types\/product"}],"wp:featuredmedia":[{"embeddable":true,"href":"https:\/\/garagegarage.pl\/en\/wp-json\/wp\/v2\/media\/25351"}],"wp:attachment":[{"href":"https:\/\/garagegarage.pl\/en\/wp-json\/wp\/v2\/media?parent=35877"}],"wp:term":[{"taxonomy":"product_brand","embeddable":true,"href":"https:\/\/garagegarage.pl\/en\/wp-json\/wp\/v2\/product_brand?post=35877"},{"taxonomy":"product_cat","embeddable":true,"href":"https:\/\/garagegarage.pl\/en\/wp-json\/wp\/v2\/product_cat?post=35877"},{"taxonomy":"product_tag","embeddable":true,"href":"https:\/\/garagegarage.pl\/en\/wp-json\/wp\/v2\/product_tag?post=35877"}],"curies":[{"name":"wp","href":"https:\/\/api.w.org\/{rel}","templated":true}]}}