{"id":35924,"date":"2019-05-20T11:40:36","date_gmt":"2019-05-20T09:40:36","guid":{"rendered":"https:\/\/garagegarage.pl\/produkt\/eleganckie-fotele-proj-h-lis\/"},"modified":"2024-02-02T14:35:18","modified_gmt":"2024-02-02T13:35:18","slug":"eleganckie-fotele-proj-h-lis-2","status":"publish","type":"product","link":"https:\/\/garagegarage.pl\/en\/produkt\/eleganckie-fotele-proj-h-lis-2\/","title":{"rendered":"Pair of Vintage Elegant Mid-Century Modern Polish Beech &#038; Fabric Armchairs Type 300-190 by H. Lis for DFM, 1960s"},"content":{"rendered":"<p>The pair of Polish armchairs in a very elegant edition. They were made according to the design of the architect Henryk Lis from 1962. From the name of the designer, these armchairs are colloquially called foxes, and their catalog name is Type 300-190. They were produced in the 1960s by the Dolno\u015bl\u0105ska Fabryka Mebli in \u015awiebodzice. It is a cult model of Polish design from the 1960s and due to the new version it can appear in the most exquisite salons.<\/p>\n<p>The armchairs are after a full carpentry and upholstery renovation. The upholstery is made of high-quality, ecru-colored velvet fabric. The back of the seats has been hemmed. The frame is made of beech wood, it has been dyed and varnished anew. The seat height is 42 cm.<\/p>\n","protected":false},"excerpt":{"rendered":"<p>The pair of Polish armchairs in a very elegant edition. They were made according to the design of the architect Henryk Lis from 1962. From the name of the designer, these armchairs are colloquially called foxes, and their catalog name is Type 300-190. They were produced in the 1960s by the Dolno\u015bl\u0105ska Fabryka Mebli in [&hellip;]<\/p>\n","protected":false},"featured_media":25398,"template":"","meta":{"_acf_changed":false},"product_brand":[],"product_cat":[2148,2146,2138],"product_tag":[],"class_list":{"0":"post-35924","1":"product","2":"type-product","3":"status-publish","4":"has-post-thumbnail","6":"product_cat-chairs-armchairs","7":"product_cat-furniture","8":"product_cat-mid-century-modern-en","9":"pa_epoka-1970-1979-en","10":"pa_manufaktura-dfm-w-swiebodzicach-en","11":"pa_material-fabric","12":"pa_material-wood","13":"pa_pochodzenie-poland","14":"pa_projekt-henryk-lis-en","15":"pa_stan-restored","16":"pa_szerokosc-56-en","17":"pa_wysokosc-76-en","19":"first","20":"outofstock","21":"sold-individually","22":"purchasable","23":"product-type-simple"},"acf":[],"_links":{"self":[{"href":"https:\/\/garagegarage.pl\/en\/wp-json\/wp\/v2\/product\/35924","targetHints":{"allow":["GET"]}}],"collection":[{"href":"https:\/\/garagegarage.pl\/en\/wp-json\/wp\/v2\/product"}],"about":[{"href":"https:\/\/garagegarage.pl\/en\/wp-json\/wp\/v2\/types\/product"}],"wp:featuredmedia":[{"embeddable":true,"href":"https:\/\/garagegarage.pl\/en\/wp-json\/wp\/v2\/media\/25398"}],"wp:attachment":[{"href":"https:\/\/garagegarage.pl\/en\/wp-json\/wp\/v2\/media?parent=35924"}],"wp:term":[{"taxonomy":"product_brand","embeddable":true,"href":"https:\/\/garagegarage.pl\/en\/wp-json\/wp\/v2\/product_brand?post=35924"},{"taxonomy":"product_cat","embeddable":true,"href":"https:\/\/garagegarage.pl\/en\/wp-json\/wp\/v2\/product_cat?post=35924"},{"taxonomy":"product_tag","embeddable":true,"href":"https:\/\/garagegarage.pl\/en\/wp-json\/wp\/v2\/product_tag?post=35924"}],"curies":[{"name":"wp","href":"https:\/\/api.w.org\/{rel}","templated":true}]}}