{"id":35963,"date":"2019-05-20T11:40:15","date_gmt":"2019-05-20T09:40:15","guid":{"rendered":"https:\/\/garagegarage.pl\/produkt\/zegar-dworcowy-kzl-bydgoszcz\/"},"modified":"2022-07-06T12:30:59","modified_gmt":"2022-07-06T10:30:59","slug":"zegar-dworcowy-kzl-bydgoszcz-2","status":"publish","type":"product","link":"https:\/\/garagegarage.pl\/en\/produkt\/zegar-dworcowy-kzl-bydgoszcz-2\/","title":{"rendered":"Original Polish Industrial Square Station Clock 1019 in Wooden Frame from KZ\u0141 Bydgoszcz, 1970s"},"content":{"rendered":"<p>Original station clock was produced by Kolejowe Zak\u0142ady \u0141\u0105czno\u015bci in Bydgoszcz, number 1019. The factory was established in 1852 as Telegraphen Werkstatt at the current main station in Bydgoszcz. Their history is related to the Royal-Prussian Eastern Railway Directorate, and the tasks of the Department were to maintain the newly built telecommunications lines in Prussia. They have been operating under the name KZ\u0141 since 1950, and in the 1970s they experienced their dynamic development. At that time, the production of clocks started, one of which is presented here.<\/p>\n<p>Square, minimalist shield in a solid wood frame. Wood in a natural shade, protected with a layer of varnish. It has a wall mounting system. Thick glass at the front. The clock is heavy and solid. It has an original secondary mechanism, therefore it needs to be connected to the so-called mother clock. However, this mechanism can be changed to connect to the home network or run on batteries.<\/p>\n","protected":false},"excerpt":{"rendered":"<p>Original station clock was produced by Kolejowe Zak\u0142ady \u0141\u0105czno\u015bci in Bydgoszcz, number 1019. The factory was established in 1852 as Telegraphen Werkstatt at the current main station in Bydgoszcz. Their history is related to the Royal-Prussian Eastern Railway Directorate, and the tasks of the Department were to maintain the newly built telecommunications lines in Prussia. [&hellip;]<\/p>\n","protected":false},"featured_media":25743,"template":"","meta":{"_acf_changed":false},"product_brand":[],"product_cat":[2125,2137,2129],"product_tag":[],"class_list":{"0":"post-35963","1":"product","2":"type-product","3":"status-publish","4":"has-post-thumbnail","6":"product_cat-decor","7":"product_cat-industrial-brutalism","8":"product_cat-other","9":"pa_epoka-1970-1979-en","10":"pa_manufaktura-k-z-l-bydgoszcz-en","11":"pa_material-glass","12":"pa_material-wood","13":"pa_pochodzenie-poland","14":"pa_stan-original","15":"pa_szerokosc-42-en","16":"pa_wysokosc-42-en","18":"first","19":"outofstock","20":"sold-individually","21":"purchasable","22":"product-type-simple"},"acf":[],"_links":{"self":[{"href":"https:\/\/garagegarage.pl\/en\/wp-json\/wp\/v2\/product\/35963","targetHints":{"allow":["GET"]}}],"collection":[{"href":"https:\/\/garagegarage.pl\/en\/wp-json\/wp\/v2\/product"}],"about":[{"href":"https:\/\/garagegarage.pl\/en\/wp-json\/wp\/v2\/types\/product"}],"wp:featuredmedia":[{"embeddable":true,"href":"https:\/\/garagegarage.pl\/en\/wp-json\/wp\/v2\/media\/25743"}],"wp:attachment":[{"href":"https:\/\/garagegarage.pl\/en\/wp-json\/wp\/v2\/media?parent=35963"}],"wp:term":[{"taxonomy":"product_brand","embeddable":true,"href":"https:\/\/garagegarage.pl\/en\/wp-json\/wp\/v2\/product_brand?post=35963"},{"taxonomy":"product_cat","embeddable":true,"href":"https:\/\/garagegarage.pl\/en\/wp-json\/wp\/v2\/product_cat?post=35963"},{"taxonomy":"product_tag","embeddable":true,"href":"https:\/\/garagegarage.pl\/en\/wp-json\/wp\/v2\/product_tag?post=35963"}],"curies":[{"name":"wp","href":"https:\/\/api.w.org\/{rel}","templated":true}]}}