{"id":35969,"date":"2019-05-20T11:40:15","date_gmt":"2019-05-20T09:40:15","guid":{"rendered":"https:\/\/garagegarage.pl\/produkt\/fotel-gfm-87-300-203-z-lat-70\/"},"modified":"2022-07-06T17:17:42","modified_gmt":"2022-07-06T15:17:42","slug":"fotel-gfm-87-300-203-z-lat-70-2","status":"publish","type":"product","link":"https:\/\/garagegarage.pl\/en\/produkt\/fotel-gfm-87-300-203-z-lat-70-2\/","title":{"rendered":"Rare Vintage Elegant Mid-Century Modern Polish Leather &#038; Wood Armchair model GFM-87 (300-203) by J. K\u0119dziorek for GFM, 1970s"},"content":{"rendered":"<p>This rare, Polish armchair model GFM-87 (300-203) was manufactured in Go\u015bcici\u0144skie Fabryki Mebli in the early 1970s. The armchair has a compact form, full frame and preserved geometricity. The style refers more to Scandinavian design than to Polish designs of that period.This project, taking into account the specific shape of the armrests, some art historians unofficially ascribe to Professor Edmund Homie, the creator of the older brother of our armchair, the famous GFM-142 type. Delving into the history of the factory in Go\u015bciniec, it is highly probable that the author of this model was Juliusz K\u0119dziorek, the second of the designer duo from Go\u015bcicin. It is worth paying attention to a certain dependence: the numbering of Edmund Homa&#8217;s models is even, and of Juliusz K\u0119dziorek&#8217;s odd ones (with few exceptions). This system was to improve internal processes in the factory.<\/p>\n<p>This furniture has undergone a professional renovation. The upholstery is made of high-quality, stitched natural leather finished in a mat. The frame is made of beech wood. The seat is 37 cm high.<\/p>\n","protected":false},"excerpt":{"rendered":"<p>This rare, Polish armchair model GFM-87 (300-203) was manufactured in Go\u015bcici\u0144skie Fabryki Mebli in the early 1970s. The armchair has a compact form, full frame and preserved geometricity. The style refers more to Scandinavian design than to Polish designs of that period.This project, taking into account the specific shape of the armrests, some art historians [&hellip;]<\/p>\n","protected":false},"featured_media":25368,"template":"","meta":{"_acf_changed":false},"product_brand":[],"product_cat":[2148,2146,2138],"product_tag":[],"class_list":{"0":"post-35969","1":"product","2":"type-product","3":"status-publish","4":"has-post-thumbnail","6":"product_cat-chairs-armchairs","7":"product_cat-furniture","8":"product_cat-mid-century-modern-en","9":"pa_epoka-1970-1979-en","10":"pa_manufaktura-goscicinskie-fabryki-mebli-en","11":"pa_material-leather","12":"pa_material-wood","13":"pa_pochodzenie-poland","14":"pa_projekt-juliusz-kedziorek-en","15":"pa_stan-restored","16":"pa_szerokosc-63-en","17":"pa_wysokosc-67-en","19":"first","20":"outofstock","21":"sold-individually","22":"purchasable","23":"product-type-simple"},"acf":[],"_links":{"self":[{"href":"https:\/\/garagegarage.pl\/en\/wp-json\/wp\/v2\/product\/35969","targetHints":{"allow":["GET"]}}],"collection":[{"href":"https:\/\/garagegarage.pl\/en\/wp-json\/wp\/v2\/product"}],"about":[{"href":"https:\/\/garagegarage.pl\/en\/wp-json\/wp\/v2\/types\/product"}],"wp:featuredmedia":[{"embeddable":true,"href":"https:\/\/garagegarage.pl\/en\/wp-json\/wp\/v2\/media\/25368"}],"wp:attachment":[{"href":"https:\/\/garagegarage.pl\/en\/wp-json\/wp\/v2\/media?parent=35969"}],"wp:term":[{"taxonomy":"product_brand","embeddable":true,"href":"https:\/\/garagegarage.pl\/en\/wp-json\/wp\/v2\/product_brand?post=35969"},{"taxonomy":"product_cat","embeddable":true,"href":"https:\/\/garagegarage.pl\/en\/wp-json\/wp\/v2\/product_cat?post=35969"},{"taxonomy":"product_tag","embeddable":true,"href":"https:\/\/garagegarage.pl\/en\/wp-json\/wp\/v2\/product_tag?post=35969"}],"curies":[{"name":"wp","href":"https:\/\/api.w.org\/{rel}","templated":true}]}}