{"id":35971,"date":"2019-05-20T11:40:03","date_gmt":"2019-05-20T09:40:03","guid":{"rendered":"https:\/\/garagegarage.pl\/produkt\/mapa-szkolna-z-1967-roku\/"},"modified":"2022-07-06T13:48:55","modified_gmt":"2022-07-06T11:48:55","slug":"mapa-szkolna-z-1967-roku-2","status":"publish","type":"product","link":"https:\/\/garagegarage.pl\/en\/produkt\/mapa-szkolna-z-1967-roku-2\/","title":{"rendered":"Vintage Large Historical School Map RP in the years 1505-1648 from PPWK in Wroc\u0142aw, 1967"},"content":{"rendered":"<p>This large historical map published by Pa\u0144stwowe Przedsi\u0119biorstwo Wydawnictw Kartograficznych in Wroc\u0142aw in 1967, prepared by Zbigniew Rzepa. It presents the Republic of Poland in the years 1505-1648 in a scale of 1: 1,000,000. The map has an approval from the Ministry of Education in 1959. Offset printing has been placed on a canvas attached to wooden slats.<\/p>\n<p>Everyone can see what Poland is like. And in the times from Sigismund the Old to W\u0142adys\u0142aw IV Vasa, it was different. Somehow, there was more of this Poland. And so tolerant, pink. A little nostalgia occurs when we look at it. It is reminiscent of the times when in primary school you ran to the end of the classroom looking for a map appropriate to the topic of the lesson. Then she was hung on a slightly unstable tripod, glad that already five minutes of the lesson had passed. It is true that the enthusiasm was already dying out when, after the lesson was finished, it was necessary to roll up the map at the cost of a precious break. These times will not come back, but you can have a piece of history in your apartment.<\/p>\n<p>The map has trained several generations and you can see the effort put into educating young people on it. It is yellowed, torn and folded. She has passed through thousands of hands, but this only proves her frequent use, so we can be grateful to her for the effort she put into learning. Now she is in for retirement, where she can proudly hang on the wall. Who will go for the map, hand up?<\/p>\n","protected":false},"excerpt":{"rendered":"<p>This large historical map published by Pa\u0144stwowe Przedsi\u0119biorstwo Wydawnictw Kartograficznych in Wroc\u0142aw in 1967, prepared by Zbigniew Rzepa. It presents the Republic of Poland in the years 1505-1648 in a scale of 1: 1,000,000. The map has an approval from the Ministry of Education in 1959. Offset printing has been placed on a canvas attached [&hellip;]<\/p>\n","protected":false},"featured_media":25725,"template":"","meta":{"_acf_changed":false},"product_brand":[],"product_cat":[2137,2129],"product_tag":[],"class_list":{"0":"post-35971","1":"product","2":"type-product","3":"status-publish","4":"has-post-thumbnail","6":"product_cat-industrial-brutalism","7":"product_cat-other","8":"pa_epoka-1960-1969-en","9":"pa_manufaktura-ppwk-we-wroclawiu-en","10":"pa_material-canva","11":"pa_material-wood","12":"pa_pochodzenie-poland","13":"pa_projekt-opr-zbigniew-rzepa-en-2","14":"pa_stan-original","15":"pa_szerokosc-192-en","16":"pa_wysokosc-150-en","18":"first","19":"outofstock","20":"sold-individually","21":"purchasable","22":"product-type-simple"},"acf":[],"_links":{"self":[{"href":"https:\/\/garagegarage.pl\/en\/wp-json\/wp\/v2\/product\/35971","targetHints":{"allow":["GET"]}}],"collection":[{"href":"https:\/\/garagegarage.pl\/en\/wp-json\/wp\/v2\/product"}],"about":[{"href":"https:\/\/garagegarage.pl\/en\/wp-json\/wp\/v2\/types\/product"}],"wp:featuredmedia":[{"embeddable":true,"href":"https:\/\/garagegarage.pl\/en\/wp-json\/wp\/v2\/media\/25725"}],"wp:attachment":[{"href":"https:\/\/garagegarage.pl\/en\/wp-json\/wp\/v2\/media?parent=35971"}],"wp:term":[{"taxonomy":"product_brand","embeddable":true,"href":"https:\/\/garagegarage.pl\/en\/wp-json\/wp\/v2\/product_brand?post=35971"},{"taxonomy":"product_cat","embeddable":true,"href":"https:\/\/garagegarage.pl\/en\/wp-json\/wp\/v2\/product_cat?post=35971"},{"taxonomy":"product_tag","embeddable":true,"href":"https:\/\/garagegarage.pl\/en\/wp-json\/wp\/v2\/product_tag?post=35971"}],"curies":[{"name":"wp","href":"https:\/\/api.w.org\/{rel}","templated":true}]}}