{"id":36005,"date":"2019-05-20T11:39:26","date_gmt":"2019-05-20T09:39:26","guid":{"rendered":"https:\/\/garagegarage.pl\/produkt\/wozek-barowy-z-lat-60\/"},"modified":"2019-05-20T11:39:26","modified_gmt":"2019-05-20T09:39:26","slug":"wozek-barowy-z-lat-60-2","status":"publish","type":"product","link":"https:\/\/garagegarage.pl\/en\/produkt\/wozek-barowy-z-lat-60-2\/","title":{"rendered":"W\u00f3zek barowy z dwoma blatami \u2013 lata 60"},"content":{"rendered":"<p>Mobilny stolik vintage z dwoma blatami w kolorze \u00e9cru. Wyprodukowany w latach 60. Metalowe cz\u0119\u015bci s\u0105 chromowane, uchwyt ze stali szczotkowanej. Blaty w kszta\u0142cie kropli.<\/p>\n<p>Zachowany w dobrym stanie vintage.<\/p>\n","protected":false},"excerpt":{"rendered":"<p>Mobilny stolik vintage z dwoma blatami w kolorze \u00e9cru. Wyprodukowany w latach 60. Metalowe cz\u0119\u015bci s\u0105 chromowane, uchwyt ze stali szczotkowanej. Blaty w kszta\u0142cie kropli. Zachowany w dobrym stanie vintage.<\/p>\n","protected":false},"featured_media":25913,"template":"","meta":{"_acf_changed":false},"product_brand":[],"product_cat":[2146,2136,2138],"product_tag":[],"class_list":{"0":"post-36005","1":"product","2":"type-product","3":"status-publish","4":"has-post-thumbnail","6":"product_cat-furniture","7":"product_cat-hollywood-regency-en","8":"product_cat-mid-century-modern-en","10":"first","11":"outofstock","12":"sold-individually","13":"purchasable","14":"product-type-simple"},"acf":[],"_links":{"self":[{"href":"https:\/\/garagegarage.pl\/en\/wp-json\/wp\/v2\/product\/36005","targetHints":{"allow":["GET"]}}],"collection":[{"href":"https:\/\/garagegarage.pl\/en\/wp-json\/wp\/v2\/product"}],"about":[{"href":"https:\/\/garagegarage.pl\/en\/wp-json\/wp\/v2\/types\/product"}],"wp:featuredmedia":[{"embeddable":true,"href":"https:\/\/garagegarage.pl\/en\/wp-json\/wp\/v2\/media\/25913"}],"wp:attachment":[{"href":"https:\/\/garagegarage.pl\/en\/wp-json\/wp\/v2\/media?parent=36005"}],"wp:term":[{"taxonomy":"product_brand","embeddable":true,"href":"https:\/\/garagegarage.pl\/en\/wp-json\/wp\/v2\/product_brand?post=36005"},{"taxonomy":"product_cat","embeddable":true,"href":"https:\/\/garagegarage.pl\/en\/wp-json\/wp\/v2\/product_cat?post=36005"},{"taxonomy":"product_tag","embeddable":true,"href":"https:\/\/garagegarage.pl\/en\/wp-json\/wp\/v2\/product_tag?post=36005"}],"curies":[{"name":"wp","href":"https:\/\/api.w.org\/{rel}","templated":true}]}}