{"id":36009,"date":"2019-05-20T11:39:44","date_gmt":"2019-05-20T09:39:44","guid":{"rendered":"https:\/\/garagegarage.pl\/produkt\/lampka-z-klipsem\/"},"modified":"2022-07-06T15:42:01","modified_gmt":"2022-07-06T13:42:01","slug":"lampka-z-klipsem-2","status":"publish","type":"product","link":"https:\/\/garagegarage.pl\/en\/produkt\/lampka-z-klipsem-2\/","title":{"rendered":"Vintage Mid-Century Modern Polish Table Lamp with Mushroom-Shaped Lampshade from ZSO Polam-Wilkasy, 1970s"},"content":{"rendered":"<p>This small reading lamp was produced during the 1970s by Zak\u0142ady Sprz\u0119tu O\u015bwietleniowego Polam-Wilkasy. The lamp has a clip that fastens it to the table top or, for example, to a book. The lampshade is placed directly on the bulb and is movable. Interesting Polish design, the lampshade has the iconic mushroom shape.<\/p>\n<p>The lamp is in original vintage condition. The signature is on the inside of the clip.<\/p>\n","protected":false},"excerpt":{"rendered":"<p>This small reading lamp was produced during the 1970s by Zak\u0142ady Sprz\u0119tu O\u015bwietleniowego Polam-Wilkasy. The lamp has a clip that fastens it to the table top or, for example, to a book. The lampshade is placed directly on the bulb and is movable. Interesting Polish design, the lampshade has the iconic mushroom shape. The lamp [&hellip;]<\/p>\n","protected":false},"featured_media":25730,"template":"","meta":{"_acf_changed":false},"product_brand":[],"product_cat":[2141,2138,2142],"product_tag":[],"class_list":{"0":"post-36009","1":"product","2":"type-product","3":"status-publish","4":"has-post-thumbnail","6":"product_cat-lighting","7":"product_cat-mid-century-modern-en","8":"product_cat-table-lamps","9":"pa_epoka-1970-1979-en","10":"pa_manufaktura-zso-polam-wilkasy-en","11":"pa_material-metal-en","12":"pa_pochodzenie-poland","13":"pa_stan-original","14":"pa_szerokosc-9-en","15":"pa_wysokosc-15-en","17":"first","18":"outofstock","19":"sold-individually","20":"purchasable","21":"product-type-simple"},"acf":[],"_links":{"self":[{"href":"https:\/\/garagegarage.pl\/en\/wp-json\/wp\/v2\/product\/36009","targetHints":{"allow":["GET"]}}],"collection":[{"href":"https:\/\/garagegarage.pl\/en\/wp-json\/wp\/v2\/product"}],"about":[{"href":"https:\/\/garagegarage.pl\/en\/wp-json\/wp\/v2\/types\/product"}],"wp:featuredmedia":[{"embeddable":true,"href":"https:\/\/garagegarage.pl\/en\/wp-json\/wp\/v2\/media\/25730"}],"wp:attachment":[{"href":"https:\/\/garagegarage.pl\/en\/wp-json\/wp\/v2\/media?parent=36009"}],"wp:term":[{"taxonomy":"product_brand","embeddable":true,"href":"https:\/\/garagegarage.pl\/en\/wp-json\/wp\/v2\/product_brand?post=36009"},{"taxonomy":"product_cat","embeddable":true,"href":"https:\/\/garagegarage.pl\/en\/wp-json\/wp\/v2\/product_cat?post=36009"},{"taxonomy":"product_tag","embeddable":true,"href":"https:\/\/garagegarage.pl\/en\/wp-json\/wp\/v2\/product_tag?post=36009"}],"curies":[{"name":"wp","href":"https:\/\/api.w.org\/{rel}","templated":true}]}}