{"id":37069,"date":"2023-01-04T18:00:18","date_gmt":"2023-01-04T17:00:18","guid":{"rendered":"https:\/\/garagegarage.pl\/produkt\/debowy-stol-jadalniany-ansager-mobler-dania-lata-60\/"},"modified":"2025-12-12T13:15:19","modified_gmt":"2025-12-12T12:15:19","slug":"debowy-stol-jadalniany-ansager-mobler-dania-lata-60-2","status":"publish","type":"product","link":"https:\/\/garagegarage.pl\/en\/produkt\/debowy-stol-jadalniany-ansager-mobler-dania-lata-60-2\/","title":{"rendered":"Mid-Century Danish Modern Oak Wood Folding Dining Table from Am M\u00f8bler, 1960s"},"content":{"rendered":"<p>This classic dining table was produced by the Danish manufactory AM M\u00f8bler [Ansager M\u00f8bler] during the 1960s. It is made of high-quality oak wood in a brown shade. Clear graining and light brushing give it raw style. The table is functional, has two retractable panels, due to which it reaches 238 cm. The elegant, minimalist design typical of the Scandinavian Mid-Century Modern era makes the table suitable for many arrangements.<\/p>\n<p>This table is in original vintage condition. It has minor traces of use related to age, changes in shades of wood. The pull-out tops measure 54 cm each.<\/p>\n<p>The colors of the products shown in the photos may differ slightly from the actual ones. This is due to individual monitor settings and lighting conditions \u2013 the photos were taken in artificial light, which may affect the perception of colors. However, we strive to ensure that the photos reflect the actual appearance of the product as faithfully as possible. The offer may include photos of item in the living space, but these are for illustrative purposes only.<\/p>\n","protected":false},"excerpt":{"rendered":"<p>This classic dining table was produced by the Danish manufactory AM M\u00f8bler [Ansager M\u00f8bler] during the 1960s. It is made of high-quality oak wood in a brown shade. Clear graining and light brushing give it raw style. The table is functional, has two retractable panels, due to which it reaches 238 cm. The elegant, minimalist [&hellip;]<\/p>\n","protected":false},"featured_media":37066,"template":"","meta":{"_acf_changed":false},"product_brand":[],"product_cat":[2146,2138,2151],"product_tag":[],"class_list":{"0":"post-37069","1":"product","2":"type-product","3":"status-publish","4":"has-post-thumbnail","6":"product_cat-furniture","7":"product_cat-mid-century-modern-en","8":"product_cat-tables-desks","9":"product_shipping_class-2411","10":"pa_epoka-1960-1969-en","11":"pa_manufaktura-am-mobler-en","12":"pa_material-wood","13":"pa_pochodzenie-denmark","14":"pa_stan-original","15":"pa_szerokosc-130-en","16":"pa_wysokosc-73-en-2","18":"first","19":"instock","20":"shipping-taxable","21":"purchasable","22":"product-type-simple"},"acf":[],"_links":{"self":[{"href":"https:\/\/garagegarage.pl\/en\/wp-json\/wp\/v2\/product\/37069","targetHints":{"allow":["GET"]}}],"collection":[{"href":"https:\/\/garagegarage.pl\/en\/wp-json\/wp\/v2\/product"}],"about":[{"href":"https:\/\/garagegarage.pl\/en\/wp-json\/wp\/v2\/types\/product"}],"wp:featuredmedia":[{"embeddable":true,"href":"https:\/\/garagegarage.pl\/en\/wp-json\/wp\/v2\/media\/37066"}],"wp:attachment":[{"href":"https:\/\/garagegarage.pl\/en\/wp-json\/wp\/v2\/media?parent=37069"}],"wp:term":[{"taxonomy":"product_brand","embeddable":true,"href":"https:\/\/garagegarage.pl\/en\/wp-json\/wp\/v2\/product_brand?post=37069"},{"taxonomy":"product_cat","embeddable":true,"href":"https:\/\/garagegarage.pl\/en\/wp-json\/wp\/v2\/product_cat?post=37069"},{"taxonomy":"product_tag","embeddable":true,"href":"https:\/\/garagegarage.pl\/en\/wp-json\/wp\/v2\/product_tag?post=37069"}],"curies":[{"name":"wp","href":"https:\/\/api.w.org\/{rel}","templated":true}]}}