{"id":37089,"date":"2023-01-05T12:51:42","date_gmt":"2023-01-05T11:51:42","guid":{"rendered":"https:\/\/garagegarage.pl\/produkt\/tekowy-stolik-nocny-ab-carlstrom-co-mobelfabrik-szwecja-lata-50\/"},"modified":"2023-01-11T16:15:37","modified_gmt":"2023-01-11T15:15:37","slug":"tekowy-stolik-nocny-ab-carlstrom-co-mobelfabrik-szwecja-lata-50-2","status":"publish","type":"product","link":"https:\/\/garagegarage.pl\/en\/produkt\/tekowy-stolik-nocny-ab-carlstrom-co-mobelfabrik-szwecja-lata-50-2\/","title":{"rendered":"Vintage Scandinavian Modern Pink Pastel Powder Teak Nightstand from Ab Carlstr\u00f6m &#038; Co M\u00f6belfabrik, 1950s"},"content":{"rendered":"<p>This bedside table was made by the Swedish manufacturer AB Carlstr\u00f6m &amp; Co M\u00f6belfabrik at the turn of the 1950s and 1960s. It is made of teak wood. It has a capacious drawer and a handy shelf. Made of solid wood, tapered legs give it a delicate form. The table has been painted and finished in pastel powder pink later.<\/p>\n<p>This table is in good vintage condition with slight traces of age.<\/p>\n","protected":false},"excerpt":{"rendered":"<p>This bedside table was made by the Swedish manufacturer AB Carlstr\u00f6m &amp; Co M\u00f6belfabrik at the turn of the 1950s and 1960s. It is made of teak wood. It has a capacious drawer and a handy shelf. Made of solid wood, tapered legs give it a delicate form. The table has been painted and finished [&hellip;]<\/p>\n","protected":false},"featured_media":37083,"template":"","meta":{"_acf_changed":false},"product_brand":[],"product_cat":[2150,2146,2136,2138,2147],"product_tag":[],"class_list":{"0":"post-37089","1":"product","2":"type-product","3":"status-publish","4":"has-post-thumbnail","6":"product_cat-coffee-tables","7":"product_cat-furniture","8":"product_cat-hollywood-regency-en","9":"product_cat-mid-century-modern-en","10":"product_cat-sideboards-cabinets","11":"product_shipping_class-975-en","12":"pa_epoka-1950-1959-en","13":"pa_manufaktura-ab-carlstrom-co-mobelfabrik-en-2","14":"pa_material-wood","15":"pa_pochodzenie-sweden","16":"pa_stan-partially-restored","17":"pa_szerokosc-47-en","18":"pa_wysokosc-53-en","20":"first","21":"outofstock","22":"shipping-taxable","23":"purchasable","24":"product-type-simple"},"acf":[],"_links":{"self":[{"href":"https:\/\/garagegarage.pl\/en\/wp-json\/wp\/v2\/product\/37089","targetHints":{"allow":["GET"]}}],"collection":[{"href":"https:\/\/garagegarage.pl\/en\/wp-json\/wp\/v2\/product"}],"about":[{"href":"https:\/\/garagegarage.pl\/en\/wp-json\/wp\/v2\/types\/product"}],"wp:featuredmedia":[{"embeddable":true,"href":"https:\/\/garagegarage.pl\/en\/wp-json\/wp\/v2\/media\/37083"}],"wp:attachment":[{"href":"https:\/\/garagegarage.pl\/en\/wp-json\/wp\/v2\/media?parent=37089"}],"wp:term":[{"taxonomy":"product_brand","embeddable":true,"href":"https:\/\/garagegarage.pl\/en\/wp-json\/wp\/v2\/product_brand?post=37089"},{"taxonomy":"product_cat","embeddable":true,"href":"https:\/\/garagegarage.pl\/en\/wp-json\/wp\/v2\/product_cat?post=37089"},{"taxonomy":"product_tag","embeddable":true,"href":"https:\/\/garagegarage.pl\/en\/wp-json\/wp\/v2\/product_tag?post=37089"}],"curies":[{"name":"wp","href":"https:\/\/api.w.org\/{rel}","templated":true}]}}