{"id":37354,"date":"2023-01-17T16:05:25","date_gmt":"2023-01-17T15:05:25","guid":{"rendered":"https:\/\/garagegarage.pl\/produkt\/palisandrowa-komoda-z-szufladami-proj-borge-seindal-dla-p-westergaards-mobelfabrik-dania-lata-60\/"},"modified":"2023-01-18T11:29:47","modified_gmt":"2023-01-18T10:29:47","slug":"palisandrowa-komoda-z-szufladami-proj-borge-seindal-dla-p-westergaards-mobelfabrik-dania-lata-60","status":"publish","type":"product","link":"https:\/\/garagegarage.pl\/en\/produkt\/palisandrowa-komoda-z-szufladami-proj-borge-seindal-dla-p-westergaards-mobelfabrik-dania-lata-60\/","title":{"rendered":"Vintage Mid-Century Danish Modern Rosewood Chest of Drawers by B\u00f8rge Seindal for P. Westergaard M\u00f8belfabrik, 1960s"},"content":{"rendered":"<p>This classic Danish chest of drawers was designed by B\u00f8rge Seindal for Poul Westergaards M\u00f8belfabrik Silkeborg during the 1960s. It is finished with high-quality dark rosewood with regular and visible grain. The cabinet has four drawers with oblong wooden handles. The base is made of low turned legs. The piece of furniture is practical, functional and, due to the material used, also elegant. It is a classic example of Scandinavian design and Danish aesthetic idea. The signature is on the back.<\/p>\n<p>The chest of drawers is in original vintage condition. It has minor traces of age, visible discoloration inside one of the drawers.<\/p>\n","protected":false},"excerpt":{"rendered":"<p>This classic Danish chest of drawers was designed by B\u00f8rge Seindal for Poul Westergaards M\u00f8belfabrik Silkeborg during the 1960s. It is finished with high-quality dark rosewood with regular and visible grain. The cabinet has four drawers with oblong wooden handles. The base is made of low turned legs. The piece of furniture is practical, functional [&hellip;]<\/p>\n","protected":false},"featured_media":37306,"template":"","meta":{"_acf_changed":false},"product_brand":[],"product_cat":[2146,2138,2147],"product_tag":[],"class_list":{"0":"post-37354","1":"product","2":"type-product","3":"status-publish","4":"has-post-thumbnail","6":"product_cat-furniture","7":"product_cat-mid-century-modern-en","8":"product_cat-sideboards-cabinets","9":"product_shipping_class-2411","10":"pa_epoka-1960-1969-en","11":"pa_manufaktura-p-westergaards-mobelfabrik-en","12":"pa_material-wood","13":"pa_pochodzenie-denmark","14":"pa_projekt-borge-seindal-en","15":"pa_stan-original","16":"pa_szerokosc-76-en","17":"pa_wysokosc-71-en","19":"first","20":"outofstock","21":"shipping-taxable","22":"purchasable","23":"product-type-simple"},"acf":[],"_links":{"self":[{"href":"https:\/\/garagegarage.pl\/en\/wp-json\/wp\/v2\/product\/37354","targetHints":{"allow":["GET"]}}],"collection":[{"href":"https:\/\/garagegarage.pl\/en\/wp-json\/wp\/v2\/product"}],"about":[{"href":"https:\/\/garagegarage.pl\/en\/wp-json\/wp\/v2\/types\/product"}],"wp:featuredmedia":[{"embeddable":true,"href":"https:\/\/garagegarage.pl\/en\/wp-json\/wp\/v2\/media\/37306"}],"wp:attachment":[{"href":"https:\/\/garagegarage.pl\/en\/wp-json\/wp\/v2\/media?parent=37354"}],"wp:term":[{"taxonomy":"product_brand","embeddable":true,"href":"https:\/\/garagegarage.pl\/en\/wp-json\/wp\/v2\/product_brand?post=37354"},{"taxonomy":"product_cat","embeddable":true,"href":"https:\/\/garagegarage.pl\/en\/wp-json\/wp\/v2\/product_cat?post=37354"},{"taxonomy":"product_tag","embeddable":true,"href":"https:\/\/garagegarage.pl\/en\/wp-json\/wp\/v2\/product_tag?post=37354"}],"curies":[{"name":"wp","href":"https:\/\/api.w.org\/{rel}","templated":true}]}}