{"id":39694,"date":"2023-05-23T12:26:49","date_gmt":"2023-05-23T10:26:49","guid":{"rendered":"https:\/\/garagegarage.pl\/produkt\/kolorowa-litografia-bengt-lindstrom-jatten-pa-berget-1995\/"},"modified":"2025-12-11T17:56:20","modified_gmt":"2025-12-11T16:56:20","slug":"kolorowa-litografia-bengt-lindstrom-jatten-pa-berget-1995","status":"publish","type":"product","link":"https:\/\/garagegarage.pl\/en\/produkt\/kolorowa-litografia-bengt-lindstrom-jatten-pa-berget-1995\/","title":{"rendered":"Color Lithograph by Bengt Lindstr\u00f6m \u2013 J\u00e4tten p\u00e5 Berget \u2013 1995"},"content":{"rendered":"<p>Bengt Lindstr\u00f6m, J\u00e4tten p\u00e5 Berget, 1995<br \/>\nColor lithography<br \/>\nEA number<br \/>\nThis work is signed by the artist and has an individual number (pencil)<br \/>\nSheet dimensions 63\/47<br \/>\nUnframed<\/p>\n<p>Bengt Karl Erik Lindstr\u00f6m lived from 1925 to 2008. Lindstr\u00f6m is one of the most famous contemporary Swedish artists. His works are characterized by a distinct style with the use of many colors. The influence of the comics is evident in its directness and unambiguous message. In 1944, Lindstr\u00f6m moved to Stockholm to study with the Swedish painter Isaac Gr\u00fcnewald. In 1948 he went to Paris, where he studied with French painters Andr\u00e9 Lhote and Fernand L\u00e9ger. He remained in France in Savigny sur Orge until the end of his artistic career. Lindstr\u00f6m is probably best known for its exterior decorations, such as murals and colorful sculptures. One of his most famous sculptures is the massive Y sculpture at Midlanda Airport north of Sundsvall, Sweden.<\/p>\n<p>Original vintage condition. Printed in TUMBA GRAFIK in 1995.<\/p>\n<p>The colors of the products shown in the photos may differ slightly from the actual ones. This is due to individual monitor settings and lighting conditions \u2013 the photos were taken in artificial light, which may affect the perception of colors. However, we strive to ensure that the photos reflect the actual appearance of the product as faithfully as possible. The offer may include photos of item in the living space, but these are for illustrative purposes only.<\/p>\n","protected":false},"excerpt":{"rendered":"<p>Bengt Lindstr\u00f6m, J\u00e4tten p\u00e5 Berget, 1995 Color lithography EA number This work is signed by the artist and has an individual number (pencil) Sheet dimensions 63\/47 Unframed Bengt Karl Erik Lindstr\u00f6m lived from 1925 to 2008. Lindstr\u00f6m is one of the most famous contemporary Swedish artists. His works are characterized by a distinct style with [&hellip;]<\/p>\n","protected":false},"featured_media":39680,"template":"","meta":{"_acf_changed":false},"product_brand":[],"product_cat":[2132,2125,2138],"product_tag":[],"class_list":{"0":"post-39694","1":"product","2":"type-product","3":"status-publish","4":"has-post-thumbnail","6":"product_cat-art","7":"product_cat-decor","8":"product_cat-mid-century-modern-en","9":"product_shipping_class-2408","10":"pa_pochodzenie-sweden","11":"pa_stan-original","12":"pa_szerokosc-47-en","13":"pa_wysokosc-63-en","15":"first","16":"instock","17":"shipping-taxable","18":"purchasable","19":"product-type-simple"},"acf":[],"_links":{"self":[{"href":"https:\/\/garagegarage.pl\/en\/wp-json\/wp\/v2\/product\/39694","targetHints":{"allow":["GET"]}}],"collection":[{"href":"https:\/\/garagegarage.pl\/en\/wp-json\/wp\/v2\/product"}],"about":[{"href":"https:\/\/garagegarage.pl\/en\/wp-json\/wp\/v2\/types\/product"}],"wp:featuredmedia":[{"embeddable":true,"href":"https:\/\/garagegarage.pl\/en\/wp-json\/wp\/v2\/media\/39680"}],"wp:attachment":[{"href":"https:\/\/garagegarage.pl\/en\/wp-json\/wp\/v2\/media?parent=39694"}],"wp:term":[{"taxonomy":"product_brand","embeddable":true,"href":"https:\/\/garagegarage.pl\/en\/wp-json\/wp\/v2\/product_brand?post=39694"},{"taxonomy":"product_cat","embeddable":true,"href":"https:\/\/garagegarage.pl\/en\/wp-json\/wp\/v2\/product_cat?post=39694"},{"taxonomy":"product_tag","embeddable":true,"href":"https:\/\/garagegarage.pl\/en\/wp-json\/wp\/v2\/product_tag?post=39694"}],"curies":[{"name":"wp","href":"https:\/\/api.w.org\/{rel}","templated":true}]}}