{"id":39696,"date":"2023-05-23T11:10:53","date_gmt":"2023-05-23T09:10:53","guid":{"rendered":"https:\/\/garagegarage.pl\/produkt\/litografia-kolorowa-eskil-hansson-kompozycja-1976\/"},"modified":"2025-12-11T17:56:47","modified_gmt":"2025-12-11T16:56:47","slug":"litografia-kolorowa-eskil-hansson-kompozycja-1976-2","status":"publish","type":"product","link":"https:\/\/garagegarage.pl\/en\/produkt\/litografia-kolorowa-eskil-hansson-kompozycja-1976-2\/","title":{"rendered":"Color Lithograph by Eskil Hansson \u2013 Composition \u2013 1976"},"content":{"rendered":"<p>Eskil Hansson, Composition, 1976<br \/>\nColor lithography<br \/>\nNumber 38\/400<br \/>\nThis work is signed by the artist and has an individual number (pencil)<br \/>\nWork dimensions 64\/49<br \/>\nUnframed<\/p>\n<p>Eskil Hansson was born in 1926 in Gothenburg. He is a Swedish painter. He studied at the School of Design and Crafts and at the Valand Art School in Gothenburg, as well as at the Academy of Fine Arts in Copenhagen, and then undertook study trips to Denmark and France. He received a scholarship from the Art Association \u00d6stg\u00f6ta in 1978. His works can be seen at the Gothenburg Art Museum, Malm\u00f6 Museum, Norrk\u00f6ping Art Museum and \u00d6sterg\u00f6tland Museum.<\/p>\n<p>Original vintage condition. Minor signs of wear on the back of the sheet.<\/p>\n<p>The colors of the products shown in the photos may differ slightly from the actual ones. This is due to individual monitor settings and lighting conditions \u2013 the photos were taken in artificial light, which may affect the perception of colors. However, we strive to ensure that the photos reflect the actual appearance of the product as faithfully as possible. The offer may include photos of item in the living space, but these are for illustrative purposes only.<\/p>\n","protected":false},"excerpt":{"rendered":"<p>Eskil Hansson, Composition, 1976 Color lithography Number 38\/400 This work is signed by the artist and has an individual number (pencil) Work dimensions 64\/49 Unframed Eskil Hansson was born in 1926 in Gothenburg. He is a Swedish painter. He studied at the School of Design and Crafts and at the Valand Art School in Gothenburg, [&hellip;]<\/p>\n","protected":false},"featured_media":39670,"template":"","meta":{"_acf_changed":false},"product_brand":[],"product_cat":[2132,2125,2138],"product_tag":[],"class_list":{"0":"post-39696","1":"product","2":"type-product","3":"status-publish","4":"has-post-thumbnail","6":"product_cat-art","7":"product_cat-decor","8":"product_cat-mid-century-modern-en","9":"product_shipping_class-2408","10":"pa_pochodzenie-sweden","11":"pa_stan-original","12":"pa_szerokosc-49-en","13":"pa_wysokosc-64-en","15":"first","16":"instock","17":"shipping-taxable","18":"purchasable","19":"product-type-simple"},"acf":[],"_links":{"self":[{"href":"https:\/\/garagegarage.pl\/en\/wp-json\/wp\/v2\/product\/39696","targetHints":{"allow":["GET"]}}],"collection":[{"href":"https:\/\/garagegarage.pl\/en\/wp-json\/wp\/v2\/product"}],"about":[{"href":"https:\/\/garagegarage.pl\/en\/wp-json\/wp\/v2\/types\/product"}],"wp:featuredmedia":[{"embeddable":true,"href":"https:\/\/garagegarage.pl\/en\/wp-json\/wp\/v2\/media\/39670"}],"wp:attachment":[{"href":"https:\/\/garagegarage.pl\/en\/wp-json\/wp\/v2\/media?parent=39696"}],"wp:term":[{"taxonomy":"product_brand","embeddable":true,"href":"https:\/\/garagegarage.pl\/en\/wp-json\/wp\/v2\/product_brand?post=39696"},{"taxonomy":"product_cat","embeddable":true,"href":"https:\/\/garagegarage.pl\/en\/wp-json\/wp\/v2\/product_cat?post=39696"},{"taxonomy":"product_tag","embeddable":true,"href":"https:\/\/garagegarage.pl\/en\/wp-json\/wp\/v2\/product_tag?post=39696"}],"curies":[{"name":"wp","href":"https:\/\/api.w.org\/{rel}","templated":true}]}}