{"id":39721,"date":"2023-05-24T10:37:43","date_gmt":"2023-05-24T08:37:43","guid":{"rendered":"https:\/\/garagegarage.pl\/produkt\/litografia-bengt-aberg-faglar\/"},"modified":"2025-12-11T17:55:33","modified_gmt":"2025-12-11T16:55:33","slug":"litografia-bengt-aberg-faglar-2","status":"publish","type":"product","link":"https:\/\/garagegarage.pl\/en\/produkt\/litografia-bengt-aberg-faglar-2\/","title":{"rendered":"Color Lithograph by Bengt \u00c5berg \u2013 F\u00e5glar"},"content":{"rendered":"<p>Bengt \u00c5berg, F\u00e5glar<br \/>\nLithography<br \/>\nEA number<br \/>\nThis work is signed by the artist and has an individual number (pencil)<br \/>\nSheet dimensions 63\/48<br \/>\nUnframed<\/p>\n<p>&nbsp;<\/p>\n<p>Bengt \u00c5berg (1941-2015), was a Swedish painter, graphic artist and illustrator. He created colorful, expressionist oil paintings with typical motifs such as trees, birds, sea waves and clowns. \u00c5berg&#8217;s work can be seen at the Riksdag House, the Sundsvall and Landskrona museums, as well as several county and municipal councils.<\/p>\n<p>Original vintage condition. Has watermark: Daumier, Tumba Lithopaper, 100% Rag, Sweden<\/p>\n<p>The colors of the products shown in the photos may differ slightly from the actual ones. This is due to individual monitor settings and lighting conditions \u2013 the photos were taken in artificial light, which may affect the perception of colors. However, we strive to ensure that the photos reflect the actual appearance of the product as faithfully as possible. The offer may include photos of item in the living space, but these are for illustrative purposes only.<\/p>\n","protected":false},"excerpt":{"rendered":"<p>Bengt \u00c5berg, F\u00e5glar Lithography EA number This work is signed by the artist and has an individual number (pencil) Sheet dimensions 63\/48 Unframed &nbsp; Bengt \u00c5berg (1941-2015), was a Swedish painter, graphic artist and illustrator. He created colorful, expressionist oil paintings with typical motifs such as trees, birds, sea waves and clowns. \u00c5berg&#8217;s work can [&hellip;]<\/p>\n","protected":false},"featured_media":39708,"template":"","meta":{"_acf_changed":false},"product_brand":[],"product_cat":[2132,2125,2138],"product_tag":[],"class_list":{"0":"post-39721","1":"product","2":"type-product","3":"status-publish","4":"has-post-thumbnail","6":"product_cat-art","7":"product_cat-decor","8":"product_cat-mid-century-modern-en","9":"product_shipping_class-2408","10":"pa_pochodzenie-sweden","11":"pa_stan-original","12":"pa_szerokosc-48-en","13":"pa_wysokosc-63-en","15":"first","16":"instock","17":"shipping-taxable","18":"purchasable","19":"product-type-simple"},"acf":[],"_links":{"self":[{"href":"https:\/\/garagegarage.pl\/en\/wp-json\/wp\/v2\/product\/39721","targetHints":{"allow":["GET"]}}],"collection":[{"href":"https:\/\/garagegarage.pl\/en\/wp-json\/wp\/v2\/product"}],"about":[{"href":"https:\/\/garagegarage.pl\/en\/wp-json\/wp\/v2\/types\/product"}],"wp:featuredmedia":[{"embeddable":true,"href":"https:\/\/garagegarage.pl\/en\/wp-json\/wp\/v2\/media\/39708"}],"wp:attachment":[{"href":"https:\/\/garagegarage.pl\/en\/wp-json\/wp\/v2\/media?parent=39721"}],"wp:term":[{"taxonomy":"product_brand","embeddable":true,"href":"https:\/\/garagegarage.pl\/en\/wp-json\/wp\/v2\/product_brand?post=39721"},{"taxonomy":"product_cat","embeddable":true,"href":"https:\/\/garagegarage.pl\/en\/wp-json\/wp\/v2\/product_cat?post=39721"},{"taxonomy":"product_tag","embeddable":true,"href":"https:\/\/garagegarage.pl\/en\/wp-json\/wp\/v2\/product_tag?post=39721"}],"curies":[{"name":"wp","href":"https:\/\/api.w.org\/{rel}","templated":true}]}}