{"id":39754,"date":"2022-05-18T12:39:16","date_gmt":"2022-05-18T10:39:16","guid":{"rendered":"https:\/\/garagegarage.pl\/produkt\/seriografia-bengt-lindstrom-komposition\/"},"modified":"2025-12-12T13:48:44","modified_gmt":"2025-12-12T12:48:44","slug":"seriografia-bengt-lindstrom-komposition","status":"publish","type":"product","link":"https:\/\/garagegarage.pl\/en\/produkt\/seriografia-bengt-lindstrom-komposition\/","title":{"rendered":"Serigraph by Bengt Lindstr\u00f6m \u2013 Autumn Night"},"content":{"rendered":"<p>Bengt Lindstrom, Autumn Night<br \/>\nSerigraphy<br \/>\nNumber 95\/200<br \/>\nWork with signature and individual number (pencil)<br \/>\nSheet dimensions 47\/62<br \/>\nUnframed work<\/p>\n<p>Bengt Lindstr\u00f6m lived from 1925 to 2008. Lindstr\u00f6m is one of the most famous contemporary Swedish artists. His works are characterized by a distinct style with the use of many colors. The influence of the comics is evident in its directness and unambiguous message. In 1944, Lindstr\u00f6m moved to Stockholm to study with the Swedish painter Isaac Gr\u00fcnewald. In 1948 he went to Paris, where he studied with French painters Andr\u00e9 Lhote and Fernand L\u00e9ger. He remained in France in Savigny sur Orge until the end of his artistic career. Lindstr\u00f6m is probably best known for its exterior decorations, such as murals and colorful sculptures. One of his most famous sculptures is the massive Y sculpture at Midlanda Airport north of Sundsvall, Sweden.<\/p>\n<p>Original vintage condition.<\/p>\n<p>The colors of the products shown in the photos may differ slightly from the actual ones. This is due to individual monitor settings and lighting conditions \u2013 the photos were taken in artificial light, which may affect the perception of colors. However, we strive to ensure that the photos reflect the actual appearance of the product as faithfully as possible. The offer may include photos of item in the living space, but these are for illustrative purposes only.<\/p>\n","protected":false},"excerpt":{"rendered":"<p>Bengt Lindstrom, Autumn Night Serigraphy Number 95\/200 Work with signature and individual number (pencil) Sheet dimensions 47\/62 Unframed work Bengt Lindstr\u00f6m lived from 1925 to 2008. Lindstr\u00f6m is one of the most famous contemporary Swedish artists. His works are characterized by a distinct style with the use of many colors. The influence of the comics [&hellip;]<\/p>\n","protected":false},"featured_media":39752,"template":"","meta":{"_acf_changed":false},"product_brand":[],"product_cat":[2132,2125,2138],"product_tag":[],"class_list":{"0":"post-39754","1":"product","2":"type-product","3":"status-publish","4":"has-post-thumbnail","6":"product_cat-art","7":"product_cat-decor","8":"product_cat-mid-century-modern-en","9":"product_shipping_class-2408","10":"pa_pochodzenie-sweden","11":"pa_stan-original","12":"pa_szerokosc-62-en","13":"pa_wysokosc-47-en","15":"first","16":"instock","17":"shipping-taxable","18":"purchasable","19":"product-type-simple"},"acf":[],"_links":{"self":[{"href":"https:\/\/garagegarage.pl\/en\/wp-json\/wp\/v2\/product\/39754","targetHints":{"allow":["GET"]}}],"collection":[{"href":"https:\/\/garagegarage.pl\/en\/wp-json\/wp\/v2\/product"}],"about":[{"href":"https:\/\/garagegarage.pl\/en\/wp-json\/wp\/v2\/types\/product"}],"wp:featuredmedia":[{"embeddable":true,"href":"https:\/\/garagegarage.pl\/en\/wp-json\/wp\/v2\/media\/39752"}],"wp:attachment":[{"href":"https:\/\/garagegarage.pl\/en\/wp-json\/wp\/v2\/media?parent=39754"}],"wp:term":[{"taxonomy":"product_brand","embeddable":true,"href":"https:\/\/garagegarage.pl\/en\/wp-json\/wp\/v2\/product_brand?post=39754"},{"taxonomy":"product_cat","embeddable":true,"href":"https:\/\/garagegarage.pl\/en\/wp-json\/wp\/v2\/product_cat?post=39754"},{"taxonomy":"product_tag","embeddable":true,"href":"https:\/\/garagegarage.pl\/en\/wp-json\/wp\/v2\/product_tag?post=39754"}],"curies":[{"name":"wp","href":"https:\/\/api.w.org\/{rel}","templated":true}]}}