{"id":39805,"date":"2023-06-06T12:21:40","date_gmt":"2023-06-06T10:21:40","guid":{"rendered":"https:\/\/garagegarage.pl\/produkt\/akwaforta-karborundum-bengt-lindstrom-kompozycja-z-figurami-lata-80\/"},"modified":"2023-11-14T16:21:12","modified_gmt":"2023-11-14T15:21:12","slug":"akwaforta-karborundum-bengt-lindstrom-kompozycja-z-figurami-lata-80-2","status":"publish","type":"product","link":"https:\/\/garagegarage.pl\/en\/produkt\/akwaforta-karborundum-bengt-lindstrom-kompozycja-z-figurami-lata-80-2\/","title":{"rendered":"Carborundum Etching by Bengt Lindstr\u00f6m \u2013 Composition with Figures \u2013 1980s"},"content":{"rendered":"<p>Bengt Lindstr\u00f6m, Composition with Figures, 1980s<br \/>\nCarborundum etching<br \/>\nEA number<br \/>\nThis work is signed by the artist and has an individual number (pencil)<br \/>\nSheet dimensions 29\/24<br \/>\nUnframed work<\/p>\n<p>Bengt Karl Erik Lindstr\u00f6m lived from 1925 to 2008. Lindstr\u00f6m is one of the most famous contemporary Swedish artists. His works are characterized by a distinct style with the use of many colors. The influence of the comics is evident in its directness and unambiguous message. In 1944, Lindstr\u00f6m moved to Stockholm to study with the Swedish painter Isaac Gr\u00fcnewald. In 1948 he went to Paris, where he studied with French painters Andr\u00e9 Lhote and Fernand L\u00e9ger. He remained in France in Savigny sur Orge until the end of his artistic career. Lindstr\u00f6m is probably best known for its exterior decorations, such as murals and colorful sculptures. One of his most famous sculptures is the massive Y sculpture at Midlanda Airport north of Sundsvall, Sweden.<\/p>\n<p>Original vintage condition.<\/p>\n","protected":false},"excerpt":{"rendered":"<p>Bengt Lindstr\u00f6m, Composition with Figures, 1980s Carborundum etching EA number This work is signed by the artist and has an individual number (pencil) Sheet dimensions 29\/24 Unframed work Bengt Karl Erik Lindstr\u00f6m lived from 1925 to 2008. Lindstr\u00f6m is one of the most famous contemporary Swedish artists. His works are characterized by a distinct style [&hellip;]<\/p>\n","protected":false},"featured_media":39790,"template":"","meta":{"_acf_changed":false},"product_brand":[],"product_cat":[2132,2125],"product_tag":[],"class_list":{"0":"post-39805","1":"product","2":"type-product","3":"status-publish","4":"has-post-thumbnail","6":"product_cat-art","7":"product_cat-decor","8":"product_shipping_class-2408","9":"pa_epoka-1980-1989-en","10":"pa_pochodzenie-sweden","11":"pa_stan-original","12":"pa_szerokosc-24-en","13":"pa_wysokosc-29-en","15":"first","16":"outofstock","17":"shipping-taxable","18":"purchasable","19":"product-type-simple"},"acf":[],"_links":{"self":[{"href":"https:\/\/garagegarage.pl\/en\/wp-json\/wp\/v2\/product\/39805","targetHints":{"allow":["GET"]}}],"collection":[{"href":"https:\/\/garagegarage.pl\/en\/wp-json\/wp\/v2\/product"}],"about":[{"href":"https:\/\/garagegarage.pl\/en\/wp-json\/wp\/v2\/types\/product"}],"wp:featuredmedia":[{"embeddable":true,"href":"https:\/\/garagegarage.pl\/en\/wp-json\/wp\/v2\/media\/39790"}],"wp:attachment":[{"href":"https:\/\/garagegarage.pl\/en\/wp-json\/wp\/v2\/media?parent=39805"}],"wp:term":[{"taxonomy":"product_brand","embeddable":true,"href":"https:\/\/garagegarage.pl\/en\/wp-json\/wp\/v2\/product_brand?post=39805"},{"taxonomy":"product_cat","embeddable":true,"href":"https:\/\/garagegarage.pl\/en\/wp-json\/wp\/v2\/product_cat?post=39805"},{"taxonomy":"product_tag","embeddable":true,"href":"https:\/\/garagegarage.pl\/en\/wp-json\/wp\/v2\/product_tag?post=39805"}],"curies":[{"name":"wp","href":"https:\/\/api.w.org\/{rel}","templated":true}]}}