{"id":39867,"date":"2023-06-06T15:28:40","date_gmt":"2023-06-06T13:28:40","guid":{"rendered":"https:\/\/garagegarage.pl\/produkt\/serigrafia-curt-hillfon-amaryllis-lata-60\/"},"modified":"2025-12-11T17:51:33","modified_gmt":"2025-12-11T16:51:33","slug":"serigrafia-curt-hillfon-amaryllis-lata-60-2","status":"publish","type":"product","link":"https:\/\/garagegarage.pl\/en\/produkt\/serigrafia-curt-hillfon-amaryllis-lata-60-2\/","title":{"rendered":"Serigraph by Curt Hillfon \u2013 Amaryllis \u2013 Framed \u2013 1960s"},"content":{"rendered":"<p>Curt Hillfon, Amaryllis, 1960s<br \/>\nSerigraphy<br \/>\nWork signed by the artist (pencil)<br \/>\nWork dimensions 52\/42<br \/>\nFramed work<\/p>\n<p>Curt Hillfon (1943 &#8211; 2018) was a painter, graphic artist and draftsman. He grew up in Stockholm but from the 1960s he created in his studio in the old Maglehem distillery near Degeberga. Hillfon has had many solo exhibitions all over Sweden. His work can be seen at Moderna Museet Stockholm, Gothenburg Art Museum, Malm\u00f6 Art Museum, Helsingborg Museum, National Museum, G\u00e4vleborg County Museum, Kalmar Art Museum, Norrk\u00f6ping Art Museum and \u00d6rebro County Council.<\/p>\n<p>Original vintage condition.<\/p>\n<p>The colors of the products shown in the photos may differ slightly from the actual ones. This is due to individual monitor settings and lighting conditions \u2013 the photos were taken in artificial light, which may affect the perception of colors. However, we strive to ensure that the photos reflect the actual appearance of the product as faithfully as possible. The offer may include photos of item in the living space, but these are for illustrative purposes only.<\/p>\n","protected":false},"excerpt":{"rendered":"<p>Curt Hillfon, Amaryllis, 1960s Serigraphy Work signed by the artist (pencil) Work dimensions 52\/42 Framed work Curt Hillfon (1943 &#8211; 2018) was a painter, graphic artist and draftsman. He grew up in Stockholm but from the 1960s he created in his studio in the old Maglehem distillery near Degeberga. Hillfon has had many solo exhibitions [&hellip;]<\/p>\n","protected":false},"featured_media":39860,"template":"","meta":{"_acf_changed":false},"product_brand":[],"product_cat":[2132,2125],"product_tag":[],"class_list":{"0":"post-39867","1":"product","2":"type-product","3":"status-publish","4":"has-post-thumbnail","6":"product_cat-art","7":"product_cat-decor","8":"product_shipping_class-2408","9":"pa_epoka-1960-1969-en","10":"pa_pochodzenie-sweden","11":"pa_stan-original","12":"pa_szerokosc-42-en","13":"pa_wysokosc-52-en","15":"first","16":"instock","17":"shipping-taxable","18":"purchasable","19":"product-type-simple"},"acf":[],"_links":{"self":[{"href":"https:\/\/garagegarage.pl\/en\/wp-json\/wp\/v2\/product\/39867","targetHints":{"allow":["GET"]}}],"collection":[{"href":"https:\/\/garagegarage.pl\/en\/wp-json\/wp\/v2\/product"}],"about":[{"href":"https:\/\/garagegarage.pl\/en\/wp-json\/wp\/v2\/types\/product"}],"wp:featuredmedia":[{"embeddable":true,"href":"https:\/\/garagegarage.pl\/en\/wp-json\/wp\/v2\/media\/39860"}],"wp:attachment":[{"href":"https:\/\/garagegarage.pl\/en\/wp-json\/wp\/v2\/media?parent=39867"}],"wp:term":[{"taxonomy":"product_brand","embeddable":true,"href":"https:\/\/garagegarage.pl\/en\/wp-json\/wp\/v2\/product_brand?post=39867"},{"taxonomy":"product_cat","embeddable":true,"href":"https:\/\/garagegarage.pl\/en\/wp-json\/wp\/v2\/product_cat?post=39867"},{"taxonomy":"product_tag","embeddable":true,"href":"https:\/\/garagegarage.pl\/en\/wp-json\/wp\/v2\/product_tag?post=39867"}],"curies":[{"name":"wp","href":"https:\/\/api.w.org\/{rel}","templated":true}]}}