{"id":40135,"date":"2023-06-26T10:27:26","date_gmt":"2023-06-26T08:27:26","guid":{"rendered":"https:\/\/garagegarage.pl\/produkt\/39973\/"},"modified":"2025-12-11T17:47:11","modified_gmt":"2025-12-11T16:47:11","slug":"39973","status":"publish","type":"product","link":"https:\/\/garagegarage.pl\/en\/produkt\/39973\/","title":{"rendered":"Color Lithograph by Paul Holsby \u2013 House of Science \u2013 Framed \u2013 1978"},"content":{"rendered":"<p>Paul Holsby, House of Science, 1978<br \/>\nColor lithography<br \/>\nNumber 52\/75<br \/>\nWork with the artist&#8217;s signature, title and individual number (in pencil)<br \/>\nWorking dimensions 51\/41<br \/>\nThe work is framed<\/p>\n<p>Paul Holsby was born in 1921 in Norrt\u00e4lje, died in 2007 in H\u00f6gan\u00e4s. He was Swedish and a graphic designer. He studied with Andr\u00e9 Lhote in Paris from 1948-1951. Together with artists Harry Roskvist and Gillis Sahlin, he founded the Sk\u00e5nsk trekl\u00f6ver art group in 1946. Holsby also exhibited separately several times in Paris, and in Germany, the USA and Canada. He was represented at the National Museum, Kalmar Art Museum, Norrbotten Museum, Eskilstuna Art Museum, Institut Tessin and Circle Saint Exup\u00e9ry in Tours.<\/p>\n<p>Original vintage condition.<\/p>\n<p>The colors of the products shown in the photos may differ slightly from the actual ones. This is due to individual monitor settings and lighting conditions \u2013 the photos were taken in artificial light, which may affect the perception of colors. However, we strive to ensure that the photos reflect the actual appearance of the product as faithfully as possible. The offer may include photos of item in the living space, but these are for illustrative purposes only.<\/p>\n","protected":false},"excerpt":{"rendered":"<p>Paul Holsby, House of Science, 1978 Color lithography Number 52\/75 Work with the artist&#8217;s signature, title and individual number (in pencil) Working dimensions 51\/41 The work is framed Paul Holsby was born in 1921 in Norrt\u00e4lje, died in 2007 in H\u00f6gan\u00e4s. He was Swedish and a graphic designer. He studied with Andr\u00e9 Lhote in Paris [&hellip;]<\/p>\n","protected":false},"featured_media":40134,"template":"","meta":{"_acf_changed":false},"product_brand":[],"product_cat":[2132,2125],"product_tag":[],"class_list":{"0":"post-40135","1":"product","2":"type-product","3":"status-publish","4":"has-post-thumbnail","6":"product_cat-art","7":"product_cat-decor","8":"product_shipping_class-2408","9":"pa_pochodzenie-sweden","10":"pa_stan-original","11":"pa_szerokosc-41-en","12":"pa_wysokosc-51-en","14":"first","15":"instock","16":"shipping-taxable","17":"purchasable","18":"product-type-simple"},"acf":[],"_links":{"self":[{"href":"https:\/\/garagegarage.pl\/en\/wp-json\/wp\/v2\/product\/40135","targetHints":{"allow":["GET"]}}],"collection":[{"href":"https:\/\/garagegarage.pl\/en\/wp-json\/wp\/v2\/product"}],"about":[{"href":"https:\/\/garagegarage.pl\/en\/wp-json\/wp\/v2\/types\/product"}],"wp:featuredmedia":[{"embeddable":true,"href":"https:\/\/garagegarage.pl\/en\/wp-json\/wp\/v2\/media\/40134"}],"wp:attachment":[{"href":"https:\/\/garagegarage.pl\/en\/wp-json\/wp\/v2\/media?parent=40135"}],"wp:term":[{"taxonomy":"product_brand","embeddable":true,"href":"https:\/\/garagegarage.pl\/en\/wp-json\/wp\/v2\/product_brand?post=40135"},{"taxonomy":"product_cat","embeddable":true,"href":"https:\/\/garagegarage.pl\/en\/wp-json\/wp\/v2\/product_cat?post=40135"},{"taxonomy":"product_tag","embeddable":true,"href":"https:\/\/garagegarage.pl\/en\/wp-json\/wp\/v2\/product_tag?post=40135"}],"curies":[{"name":"wp","href":"https:\/\/api.w.org\/{rel}","templated":true}]}}