{"id":40852,"date":"2023-08-21T11:54:22","date_gmt":"2023-08-21T09:54:22","guid":{"rendered":"https:\/\/garagegarage.pl\/produkt\/litografia-kolorowa-paul-holsby-resa-mot-planeter-1978\/"},"modified":"2023-11-14T14:45:56","modified_gmt":"2023-11-14T13:45:56","slug":"litografia-kolorowa-paul-holsby-resa-mot-planeter-1978","status":"publish","type":"product","link":"https:\/\/garagegarage.pl\/en\/produkt\/litografia-kolorowa-paul-holsby-resa-mot-planeter-1978\/","title":{"rendered":"Color Lithograph by Paul Holsby \u2013 Resa mot planeter \u2013 Framed \u2013 1978"},"content":{"rendered":"<p>Paul Holsby, Resa mot planeter, 1978<br \/>\nColor lithography<br \/>\nNumber 13\/75<br \/>\nWork with the artist&#8217;s signature, title, date and individual number (pencil)<br \/>\nWork dimensions 63\/47<br \/>\nFramed work<\/p>\n<p>Paul Holsby was born in 1921 in Norrt\u00e4lje, died in 2007 in H\u00f6gan\u00e4s. He was Swedish and a graphic designer. He studied with Andr\u00e9 Lhote in Paris from 1948-1951. Together with artists Harry Roskvist and Gillis Sahlin, he founded the Sk\u00e5nsk trekl\u00f6ver art group in 1946. Holsby also exhibited separately several times in Paris, and in Germany, the USA and Canada. He was represented at the National Museum, Kalmar Art Museum, Norrbotten Museum, Eskilstuna Art Museum, Institut Tessin and Circle Saint Exup\u00e9ry in Tours.<\/p>\n<p>Original vintage condition.<\/p>\n","protected":false},"excerpt":{"rendered":"<p>Paul Holsby, Resa mot planeter, 1978 Color lithography Number 13\/75 Work with the artist&#8217;s signature, title, date and individual number (pencil) Work dimensions 63\/47 Framed work Paul Holsby was born in 1921 in Norrt\u00e4lje, died in 2007 in H\u00f6gan\u00e4s. He was Swedish and a graphic designer. He studied with Andr\u00e9 Lhote in Paris from 1948-1951. [&hellip;]<\/p>\n","protected":false},"featured_media":40851,"template":"","meta":{"_acf_changed":false},"product_brand":[],"product_cat":[2132,2125],"product_tag":[],"class_list":{"0":"post-40852","1":"product","2":"type-product","3":"status-publish","4":"has-post-thumbnail","6":"product_cat-art","7":"product_cat-decor","8":"product_shipping_class-2408","9":"pa_pochodzenie-sweden","10":"pa_stan-original","11":"pa_szerokosc-47-en","12":"pa_wysokosc-63-en","14":"first","15":"outofstock","16":"shipping-taxable","17":"purchasable","18":"product-type-simple"},"acf":[],"_links":{"self":[{"href":"https:\/\/garagegarage.pl\/en\/wp-json\/wp\/v2\/product\/40852","targetHints":{"allow":["GET"]}}],"collection":[{"href":"https:\/\/garagegarage.pl\/en\/wp-json\/wp\/v2\/product"}],"about":[{"href":"https:\/\/garagegarage.pl\/en\/wp-json\/wp\/v2\/types\/product"}],"wp:featuredmedia":[{"embeddable":true,"href":"https:\/\/garagegarage.pl\/en\/wp-json\/wp\/v2\/media\/40851"}],"wp:attachment":[{"href":"https:\/\/garagegarage.pl\/en\/wp-json\/wp\/v2\/media?parent=40852"}],"wp:term":[{"taxonomy":"product_brand","embeddable":true,"href":"https:\/\/garagegarage.pl\/en\/wp-json\/wp\/v2\/product_brand?post=40852"},{"taxonomy":"product_cat","embeddable":true,"href":"https:\/\/garagegarage.pl\/en\/wp-json\/wp\/v2\/product_cat?post=40852"},{"taxonomy":"product_tag","embeddable":true,"href":"https:\/\/garagegarage.pl\/en\/wp-json\/wp\/v2\/product_tag?post=40852"}],"curies":[{"name":"wp","href":"https:\/\/api.w.org\/{rel}","templated":true}]}}