{"id":41223,"date":"2023-09-04T15:58:37","date_gmt":"2023-09-04T13:58:37","guid":{"rendered":"https:\/\/garagegarage.pl\/produkt\/kolorowa-litografia-lars-sjostrom\/"},"modified":"2025-12-11T17:23:26","modified_gmt":"2025-12-11T16:23:26","slug":"kolorowa-litografia-lars-sjostrom-2","status":"publish","type":"product","link":"https:\/\/garagegarage.pl\/en\/produkt\/kolorowa-litografia-lars-sjostrom-2\/","title":{"rendered":"Color Lithography by Lars Sj\u00f6str\u00f6m \u2013 Surreal Picture \u2013 Framed \u2013 1970s"},"content":{"rendered":"<p>Lars Sj\u00f6str\u00f6m, Surrealist painting, 1970s<br \/>\nColor lithography<br \/>\nNumber 193\/260<br \/>\nWork signed by the artist and has individual number (pencil)<br \/>\nWork dimensions 70\/78<br \/>\nFramed work<\/p>\n<p>Lars Sj\u00f6str\u00f6m is a Swedish surrealist artist born in 1942. He works in the circle of fantastic realism, playing with cold and warm colors alternately. At Salvador Dali&#8217;s school, Sj\u00f6str\u00f6m acquired many surrealistic impulses that are reflected in his work. His work depicts space objects, globes, time machines, black holes and often obscuring portraits barely noticeable when watching cosmic events. His works can be found in\u00a0Museum Sm\u00e5land, V\u00e4xj\u00f6,\u00a0V\u00e4sterg\u00f6tland Museum, Skara,\u00a0V\u00e4nersborg Museum, Museo Maricel Sitges, National Museum in Budapest, Norton Museum Florida.<\/p>\n<p>Work in original vintage condition.<\/p>\n<p>The colors of the products shown in the photos may differ slightly from the actual ones. This is due to individual monitor settings and lighting conditions \u2013 the photos were taken in artificial light, which may affect the perception of colors. However, we strive to ensure that the photos reflect the actual appearance of the product as faithfully as possible. The offer may include photos of item in the living space, but these are for illustrative purposes only.<\/p>\n","protected":false},"excerpt":{"rendered":"<p>Lars Sj\u00f6str\u00f6m, Surrealist painting, 1970s Color lithography Number 193\/260 Work signed by the artist and has individual number (pencil) Work dimensions 70\/78 Framed work Lars Sj\u00f6str\u00f6m is a Swedish surrealist artist born in 1942. He works in the circle of fantastic realism, playing with cold and warm colors alternately. At Salvador Dali&#8217;s school, Sj\u00f6str\u00f6m acquired [&hellip;]<\/p>\n","protected":false},"featured_media":41222,"template":"","meta":{"_acf_changed":false},"product_brand":[],"product_cat":[2132,2125],"product_tag":[],"class_list":{"0":"post-41223","1":"product","2":"type-product","3":"status-publish","4":"has-post-thumbnail","6":"product_cat-art","7":"product_cat-decor","8":"product_shipping_class-2408","9":"pa_epoka-1970-1979-en","10":"pa_pochodzenie-sweden","11":"pa_stan-original","12":"pa_szerokosc-78-en","13":"pa_wysokosc-70-en","15":"first","16":"instock","17":"shipping-taxable","18":"purchasable","19":"product-type-simple"},"acf":[],"_links":{"self":[{"href":"https:\/\/garagegarage.pl\/en\/wp-json\/wp\/v2\/product\/41223","targetHints":{"allow":["GET"]}}],"collection":[{"href":"https:\/\/garagegarage.pl\/en\/wp-json\/wp\/v2\/product"}],"about":[{"href":"https:\/\/garagegarage.pl\/en\/wp-json\/wp\/v2\/types\/product"}],"wp:featuredmedia":[{"embeddable":true,"href":"https:\/\/garagegarage.pl\/en\/wp-json\/wp\/v2\/media\/41222"}],"wp:attachment":[{"href":"https:\/\/garagegarage.pl\/en\/wp-json\/wp\/v2\/media?parent=41223"}],"wp:term":[{"taxonomy":"product_brand","embeddable":true,"href":"https:\/\/garagegarage.pl\/en\/wp-json\/wp\/v2\/product_brand?post=41223"},{"taxonomy":"product_cat","embeddable":true,"href":"https:\/\/garagegarage.pl\/en\/wp-json\/wp\/v2\/product_cat?post=41223"},{"taxonomy":"product_tag","embeddable":true,"href":"https:\/\/garagegarage.pl\/en\/wp-json\/wp\/v2\/product_tag?post=41223"}],"curies":[{"name":"wp","href":"https:\/\/api.w.org\/{rel}","templated":true}]}}