{"id":41334,"date":"2023-09-08T12:32:55","date_gmt":"2023-09-08T10:32:55","guid":{"rendered":"https:\/\/garagegarage.pl\/produkt\/kolorowa-litografia-kulo-green-composition\/"},"modified":"2025-12-11T15:42:53","modified_gmt":"2025-12-11T14:42:53","slug":"kolorowa-litografia-kulo-green-composition","status":"publish","type":"product","link":"https:\/\/garagegarage.pl\/en\/produkt\/kolorowa-litografia-kulo-green-composition\/","title":{"rendered":"Color Lithography by Kulo Green \u2013 Composition \u2013 Framed"},"content":{"rendered":"<p>Kulo Green, Composition<br \/>\nColor lithography<br \/>\nNumber 7\/140<br \/>\nThe work signed by the artist&#8217;s signature and an individual number(pencil)<br \/>\nSheet dimensions 51\/61<br \/>\nFramed work<\/p>\n<p>Gustav Holger Fritiof (Kulo) Green (1913 -1972) was a Swedish painter. He studied painting at the Technical Evening School in Stockholm and during study trips to Belgium, Switzerland, Italy and Norway. He stayed for some time in Paris, where he studied with Picasso and Andr\u00e9 Lhote in 1947. He is the author of the 15-metre long fresco Rolling Wheel in Bor\u00e5s, which he painted one night on a concrete wall in the light of car headlights. Green is represented in the Bor\u00e5s Art Museum, Falbygdens Museum, V\u00e4stervik Municipality and Bor\u00e5s Municipality.<\/p>\n<p>Work in original vintage condition. The frame has minor signs of use.<\/p>\n<p>The colors of the products shown in the photos may differ slightly from the actual ones. This is due to individual monitor settings and lighting conditions \u2013 the photos were taken in artificial light, which may affect the perception of colors. However, we strive to ensure that the photos reflect the actual appearance of the product as faithfully as possible. The offer may include photos of item in the living space, but these are for illustrative purposes only.<\/p>\n","protected":false},"excerpt":{"rendered":"<p>Kulo Green, Composition Color lithography Number 7\/140 The work signed by the artist&#8217;s signature and an individual number(pencil) Sheet dimensions 51\/61 Framed work Gustav Holger Fritiof (Kulo) Green (1913 -1972) was a Swedish painter. He studied painting at the Technical Evening School in Stockholm and during study trips to Belgium, Switzerland, Italy and Norway. He [&hellip;]<\/p>\n","protected":false},"featured_media":41333,"template":"","meta":{"_acf_changed":false},"product_brand":[],"product_cat":[2132,2125],"product_tag":[],"class_list":{"0":"post-41334","1":"product","2":"type-product","3":"status-publish","4":"has-post-thumbnail","6":"product_cat-art","7":"product_cat-decor","8":"product_shipping_class-2408","9":"pa_pochodzenie-sweden","10":"pa_stan-original","11":"pa_szerokosc-61-en","12":"pa_wysokosc-51-en","14":"first","15":"instock","16":"shipping-taxable","17":"purchasable","18":"product-type-simple"},"acf":[],"_links":{"self":[{"href":"https:\/\/garagegarage.pl\/en\/wp-json\/wp\/v2\/product\/41334","targetHints":{"allow":["GET"]}}],"collection":[{"href":"https:\/\/garagegarage.pl\/en\/wp-json\/wp\/v2\/product"}],"about":[{"href":"https:\/\/garagegarage.pl\/en\/wp-json\/wp\/v2\/types\/product"}],"wp:featuredmedia":[{"embeddable":true,"href":"https:\/\/garagegarage.pl\/en\/wp-json\/wp\/v2\/media\/41333"}],"wp:attachment":[{"href":"https:\/\/garagegarage.pl\/en\/wp-json\/wp\/v2\/media?parent=41334"}],"wp:term":[{"taxonomy":"product_brand","embeddable":true,"href":"https:\/\/garagegarage.pl\/en\/wp-json\/wp\/v2\/product_brand?post=41334"},{"taxonomy":"product_cat","embeddable":true,"href":"https:\/\/garagegarage.pl\/en\/wp-json\/wp\/v2\/product_cat?post=41334"},{"taxonomy":"product_tag","embeddable":true,"href":"https:\/\/garagegarage.pl\/en\/wp-json\/wp\/v2\/product_tag?post=41334"}],"curies":[{"name":"wp","href":"https:\/\/api.w.org\/{rel}","templated":true}]}}