{"id":41543,"date":"2023-09-28T15:15:00","date_gmt":"2023-09-28T13:15:00","guid":{"rendered":"https:\/\/garagegarage.pl\/produkt\/litografia-kolorowa-bengt-orup-composition-1985\/"},"modified":"2023-11-13T17:15:25","modified_gmt":"2023-11-13T16:15:25","slug":"litografia-kolorowa-bengt-orup-composition-1985-2","status":"publish","type":"product","link":"https:\/\/garagegarage.pl\/en\/produkt\/litografia-kolorowa-bengt-orup-composition-1985-2\/","title":{"rendered":"Color Lithograph by Bengt Orup \u2013 Composition \u2013 1985"},"content":{"rendered":"<p>Bengt Orup, Composition, 1985<br \/>\nColor lithograph<br \/>\nNumber 191\/200<br \/>\nThe work has an individual number, artist&#8217;s signature and date (pencil)<br \/>\nDimensions 63\/45<br \/>\nUnframed work<\/p>\n<p>Bengt Orup (1916 &#8211; 1996) was a Swedish artist, glass designer and a pioneer of Swedish post-war modernism. He studied at the Otte Sk\u00f6ld Art School in Stockholm. In 1938, Orup continued his studies in Paris at the Acad\u00e9mie de la Grande Chaumiere and Acad\u00e9mie Colarossi. While in Paris in 1938, he took part in an exhibition at the Institut Tessin. In 1946, Orup returned to Paris for a year, where he first experimented with pure, geometric shapes together with Art Concret. Art Concret is an avant-garde group of artists that was founded in Paris in 1929 and championed geometric abstract art, closely related to the aesthetics of neoplasticism. In the late 1940s and early 1950s, Orup created a series of l&#8217;art concrete paintings that featured refined geometric shapes and strong contrasts. In 1950 he received a scholarship from the Sk\u00e5ne Art Association, and in 1952 he became the new artistic director of Johansfors Glasbruk (a Swedish glass manufacturer founded in 1891) in Sm\u00e5land. Orup was artistic director there until 1968, when he was invited as a guest professor at the Royal College of Art in London. In 1969 he had a solo (glass) exhibition at the Greenwich Theater Gallery. Orup retired from the steelworks in 1970, returned to Domsten and painted. He exhibited numerous exhibitions throughout his life, and examples of his works can be found in museums and collections around the world, including: Museum of Modern Art (MoMA) in New York, L&#8217;Institut Tessin in Paris, Moderna Museet in Stockholm, Halland Art Association, Johansfors Crystal Museum, Malmo Museum, Stockholm National Museum, Victoria and Albert Museum in London, Ystad Art Museum.<\/p>\n<p>Work in original vintage condition.<\/p>\n","protected":false},"excerpt":{"rendered":"<p>Bengt Orup, Composition, 1985 Color lithograph Number 191\/200 The work has an individual number, artist&#8217;s signature and date (pencil) Dimensions 63\/45 Unframed work Bengt Orup (1916 &#8211; 1996) was a Swedish artist, glass designer and a pioneer of Swedish post-war modernism. He studied at the Otte Sk\u00f6ld Art School in Stockholm. In 1938, Orup continued [&hellip;]<\/p>\n","protected":false},"featured_media":41542,"template":"","meta":{"_acf_changed":false},"product_brand":[],"product_cat":[2132,2125],"product_tag":[],"class_list":{"0":"post-41543","1":"product","2":"type-product","3":"status-publish","4":"has-post-thumbnail","6":"product_cat-art","7":"product_cat-decor","8":"product_shipping_class-2408","9":"pa_pochodzenie-sweden","10":"pa_stan-original","11":"pa_szerokosc-45-en","12":"pa_wysokosc-63-en","14":"first","15":"outofstock","16":"shipping-taxable","17":"purchasable","18":"product-type-simple"},"acf":[],"_links":{"self":[{"href":"https:\/\/garagegarage.pl\/en\/wp-json\/wp\/v2\/product\/41543","targetHints":{"allow":["GET"]}}],"collection":[{"href":"https:\/\/garagegarage.pl\/en\/wp-json\/wp\/v2\/product"}],"about":[{"href":"https:\/\/garagegarage.pl\/en\/wp-json\/wp\/v2\/types\/product"}],"wp:featuredmedia":[{"embeddable":true,"href":"https:\/\/garagegarage.pl\/en\/wp-json\/wp\/v2\/media\/41542"}],"wp:attachment":[{"href":"https:\/\/garagegarage.pl\/en\/wp-json\/wp\/v2\/media?parent=41543"}],"wp:term":[{"taxonomy":"product_brand","embeddable":true,"href":"https:\/\/garagegarage.pl\/en\/wp-json\/wp\/v2\/product_brand?post=41543"},{"taxonomy":"product_cat","embeddable":true,"href":"https:\/\/garagegarage.pl\/en\/wp-json\/wp\/v2\/product_cat?post=41543"},{"taxonomy":"product_tag","embeddable":true,"href":"https:\/\/garagegarage.pl\/en\/wp-json\/wp\/v2\/product_tag?post=41543"}],"curies":[{"name":"wp","href":"https:\/\/api.w.org\/{rel}","templated":true}]}}