{"id":41713,"date":"2023-10-02T12:37:44","date_gmt":"2023-10-02T10:37:44","guid":{"rendered":"https:\/\/garagegarage.pl\/produkt\/kolorowa-litografia-jurgen-von-konow-window-view-sondrum-1958\/"},"modified":"2025-12-11T15:33:20","modified_gmt":"2025-12-11T14:33:20","slug":"kolorowa-litografia-jurgen-von-konow-window-view-sondrum-1958-2","status":"publish","type":"product","link":"https:\/\/garagegarage.pl\/en\/produkt\/kolorowa-litografia-jurgen-von-konow-window-view-sondrum-1958-2\/","title":{"rendered":"Color Lithograph by J\u00fcrgen Von Konow \u2013 Window View \u2013 S\u00f6ndrum \u2013 Framed \u2013 1958"},"content":{"rendered":"<p>J\u00fcrgen Von Konow, Window view, S\u00f6ndrum, 1958<br \/>\nColor lithograph<br \/>\nNumber 98\/260<br \/>\nThe work is signed by the artist, dated and individually numbered<br \/>\nWork dimensions 53\/77<br \/>\nThe work is framed<\/p>\n<p>J\u00fcrgen Von Konow (1915 &#8211; 1959) was a Swedish painter and graphic artist. He studied in Stockholm and Paris. In 1958, Von Konow published his own textbook on graphic design techniques in Sweden, Om Graphic: Historia och Teknik (Graphic Design: History and Technology). His book made an important contribution to the teaching of graphic design and graphics in Sweden. His first exhibition took place in Stockholm in 1938 at Galleri Gummesons. Konow&#8217;s works are included in many public collections, including the Stockholm National Museum, Moderna Museet and Waldemarsudde in Stockholm, V\u00e4nersborg Museum, Gothenburg Art Museum, Stockholm City Museum, Norrk\u00f6ping Art Museum, Link\u00f6ping Museum, Oslo National Gallery, KODE : Bergen Art Museum, Ateneumin Helsinki and Rijksmuseum in Amsterdam. Konow died tragically on June 10, 1959 in a car accident in V\u00e4xj\u00f6 at the age of only 44.<\/p>\n<p>Work in original vintage condition.<\/p>\n<p>The colors of the products shown in the photos may differ slightly from the actual ones. This is due to individual monitor settings and lighting conditions \u2013 the photos were taken in artificial light, which may affect the perception of colors. However, we strive to ensure that the photos reflect the actual appearance of the product as faithfully as possible. The offer may include photos of item in the living space, but these are for illustrative purposes only.<\/p>\n","protected":false},"excerpt":{"rendered":"<p>J\u00fcrgen Von Konow, Window view, S\u00f6ndrum, 1958 Color lithograph Number 98\/260 The work is signed by the artist, dated and individually numbered Work dimensions 53\/77 The work is framed J\u00fcrgen Von Konow (1915 &#8211; 1959) was a Swedish painter and graphic artist. He studied in Stockholm and Paris. In 1958, Von Konow published his own [&hellip;]<\/p>\n","protected":false},"featured_media":41712,"template":"","meta":{"_acf_changed":false},"product_brand":[],"product_cat":[2132,2125],"product_tag":[],"class_list":{"0":"post-41713","1":"product","2":"type-product","3":"status-publish","4":"has-post-thumbnail","6":"product_cat-art","7":"product_cat-decor","8":"product_shipping_class-2408","9":"pa_pochodzenie-sweden","10":"pa_stan-original","11":"pa_szerokosc-77-en","12":"pa_wysokosc-53-en","14":"first","15":"instock","16":"shipping-taxable","17":"purchasable","18":"product-type-simple"},"acf":[],"_links":{"self":[{"href":"https:\/\/garagegarage.pl\/en\/wp-json\/wp\/v2\/product\/41713","targetHints":{"allow":["GET"]}}],"collection":[{"href":"https:\/\/garagegarage.pl\/en\/wp-json\/wp\/v2\/product"}],"about":[{"href":"https:\/\/garagegarage.pl\/en\/wp-json\/wp\/v2\/types\/product"}],"wp:featuredmedia":[{"embeddable":true,"href":"https:\/\/garagegarage.pl\/en\/wp-json\/wp\/v2\/media\/41712"}],"wp:attachment":[{"href":"https:\/\/garagegarage.pl\/en\/wp-json\/wp\/v2\/media?parent=41713"}],"wp:term":[{"taxonomy":"product_brand","embeddable":true,"href":"https:\/\/garagegarage.pl\/en\/wp-json\/wp\/v2\/product_brand?post=41713"},{"taxonomy":"product_cat","embeddable":true,"href":"https:\/\/garagegarage.pl\/en\/wp-json\/wp\/v2\/product_cat?post=41713"},{"taxonomy":"product_tag","embeddable":true,"href":"https:\/\/garagegarage.pl\/en\/wp-json\/wp\/v2\/product_tag?post=41713"}],"curies":[{"name":"wp","href":"https:\/\/api.w.org\/{rel}","templated":true}]}}